{"id":15740,"date":"2026-04-22T13:27:48","date_gmt":"2026-04-22T11:27:48","guid":{"rendered":"https:\/\/x-peptides.com\/?post_type=product&#038;p=15740"},"modified":"2026-04-22T13:34:27","modified_gmt":"2026-04-22T11:34:27","slug":"selank-semax-10-mg-10-ml-spray","status":"publish","type":"product","link":"https:\/\/x-peptides.com\/pl\/produkt\/selank-semax-10-mg-10-ml-spray\/","title":{"rendered":"Selank + Semax 10 mg\/10 ml Spray"},"content":{"rendered":"<p data-start=\"2705\" data-end=\"2996\"><strong>Selank + Semax<\/strong> to kombinacja peptyd\u00f3w badana w kontek\u015bcie jej zwi\u0105zku z procesami neuronalnymi oraz aktywno\u015bci\u0105 regulacyjn\u0105 w obr\u0119bie o\u015brodkowego uk\u0142adu nerwowego. Obejmuje dwa bioaktywne peptydy analizowane pod k\u0105tem ich roli w sygnalizacji kom\u00f3rkowej oraz komunikacji w tkankach m\u00f3zgowych.<\/p>\n<p data-start=\"2998\" data-end=\"3390\">Obserwacje naukowe sugeruj\u0105, \u017ce peptydy tego typu mog\u0105 uczestniczy\u0107 w szlakach zwi\u0105zanych z sygnalizacj\u0105 neuronaln\u0105, aktywno\u015bci\u0105 synaptyczn\u0105 oraz mechanizmami powi\u0105zanymi z funkcjami poznawczymi i r\u00f3wnowag\u0105 uk\u0142adu nerwowego. Badania obejmowa\u0142y ich interakcj\u0119 z kom\u00f3rkami nerwowymi, w tym procesy zwi\u0105zane z przekazywaniem sygna\u0142\u00f3w oraz regulacj\u0105 stabilno\u015bci funkcjonalnej w r\u00f3\u017cnych warunkach.<\/p>\n<p data-start=\"3392\" data-end=\"3815\"><strong data-start=\"3392\" data-end=\"3451\">Odczynnik laboratoryjny \u2013 wy\u0142\u0105cznie do cel\u00f3w badawczych<\/strong><br data-start=\"3451\" data-end=\"3454\" \/>Produkt ten jest sklasyfikowany jako odczynnik chemiczny przeznaczony wy\u0142\u0105cznie do u\u017cytku badawczego i powinien by\u0107 stosowany przez wykwalifikowany personel w warunkach laboratoryjnych. Nie jest to suplement diety, lek ani produkt spo\u017cywczy i nie jest przeznaczony do spo\u017cycia przez ludzi. Wszystkie przedstawione informacje maj\u0105 wy\u0142\u0105cznie charakter edukacyjny.<\/p>\n","protected":false},"excerpt":{"rendered":"<p>Selank + Semax to kombinacja peptyd\u00f3w badana w kontek\u015bcie jej zwi\u0105zku z procesami neuronalnymi oraz aktywno\u015bci\u0105 regulacyjn\u0105 w obr\u0119bie o\u015brodkowego uk\u0142adu nerwowego. Obejmuje dwa bioaktywne peptydy analizowane pod k\u0105tem ich roli w sygnalizacji kom\u00f3rkowej oraz komunikacji w tkankach m\u00f3zgowych. Obserwacje naukowe sugeruj\u0105, \u017ce peptydy tego typu mog\u0105 uczestniczy\u0107 w szlakach zwi\u0105zanych z sygnalizacj\u0105 neuronaln\u0105, aktywno\u015bci\u0105&#8230;<\/p>\n","protected":false},"featured_media":15739,"comment_status":"open","ping_status":"closed","template":"","meta":{"_kadence_starter_templates_imported_post":false,"_kad_post_transparent":"default","_kad_post_title":"","_kad_post_layout":"default","_kad_post_sidebar_id":"","_kad_post_content_style":"default","_kad_post_vertical_padding":"default","_kad_post_feature":"","_kad_post_feature_position":"","_kad_post_header":false,"_kad_post_footer":false,"_kad_post_classname":""},"product_brand":[],"product_cat":[89,97,124,117,148],"product_tag":[],"class_list":{"0":"post-15740","1":"product","2":"type-product","3":"status-publish","4":"has-post-thumbnail","6":"product_cat-bez-kategorii","7":"product_cat-mozg-pamiec-i-koncentracja","8":"product_cat-nootropy","9":"product_cat-peptydy","10":"product_cat-spray","12":"first","13":"instock","14":"shipping-taxable","15":"purchasable","16":"product-type-simple","17":"entry","18":"content-bg","19":"loop-entry"},"_links":{"self":[{"href":"https:\/\/x-peptides.com\/pl\/wp-json\/wp\/v2\/product\/15740","targetHints":{"allow":["GET"]}}],"collection":[{"href":"https:\/\/x-peptides.com\/pl\/wp-json\/wp\/v2\/product"}],"about":[{"href":"https:\/\/x-peptides.com\/pl\/wp-json\/wp\/v2\/types\/product"}],"replies":[{"embeddable":true,"href":"https:\/\/x-peptides.com\/pl\/wp-json\/wp\/v2\/comments?post=15740"}],"wp:featuredmedia":[{"embeddable":true,"href":"https:\/\/x-peptides.com\/pl\/wp-json\/wp\/v2\/media\/15739"}],"wp:attachment":[{"href":"https:\/\/x-peptides.com\/pl\/wp-json\/wp\/v2\/media?parent=15740"}],"wp:term":[{"taxonomy":"product_brand","embeddable":true,"href":"https:\/\/x-peptides.com\/pl\/wp-json\/wp\/v2\/product_brand?post=15740"},{"taxonomy":"product_cat","embeddable":true,"href":"https:\/\/x-peptides.com\/pl\/wp-json\/wp\/v2\/product_cat?post=15740"},{"taxonomy":"product_tag","embeddable":true,"href":"https:\/\/x-peptides.com\/pl\/wp-json\/wp\/v2\/product_tag?post=15740"}],"curies":[{"name":"wp","href":"https:\/\/api.w.org\/{rel}","templated":true}]}}