{"id":15726,"date":"2026-04-22T13:16:31","date_gmt":"2026-04-22T11:16:31","guid":{"rendered":"https:\/\/x-peptides.com\/?post_type=product&#038;p=15726"},"modified":"2026-04-22T13:19:48","modified_gmt":"2026-04-22T11:19:48","slug":"humanin-10-mg","status":"publish","type":"product","link":"https:\/\/x-peptides.com\/pl\/produkt\/humanin-10-mg\/","title":{"rendered":"Humanin 10 mg"},"content":{"rendered":"<p data-start=\"2614\" data-end=\"2886\"><strong>Humanin<\/strong> to peptyd badany w kontek\u015bcie proces\u00f3w kom\u00f3rkowych zwi\u0105zanych z aktywno\u015bci\u0105 mitochondri\u00f3w oraz r\u00f3wnowag\u0105 kom\u00f3rkow\u0105. Nale\u017cy do grupy bioaktywnych peptyd\u00f3w analizowanych pod k\u0105tem ich roli w sygnalizacji kom\u00f3rkowej oraz mechanizmach regulacyjnych w r\u00f3\u017cnych tkankach.<\/p>\n<p data-start=\"2888\" data-end=\"3247\">Obserwacje naukowe sugeruj\u0105, \u017ce peptydy tego typu mog\u0105 uczestniczy\u0107 w szlakach zwi\u0105zanych z odpowiedzi\u0105 kom\u00f3rkow\u0105 na stres, funkcjonowaniem mitochondri\u00f3w oraz utrzymaniem integralno\u015bci kom\u00f3rek. Badania obejmowa\u0142y ich interakcj\u0119 z r\u00f3\u017cnymi typami kom\u00f3rek, w tym mechanizmy zwi\u0105zane z komunikacj\u0105 mi\u0119dzykom\u00f3rkow\u0105 oraz reakcjami adaptacyjnymi w r\u00f3\u017cnych warunkach.<\/p>\n<p data-start=\"3249\" data-end=\"3672\"><strong data-start=\"3249\" data-end=\"3308\">Odczynnik laboratoryjny \u2013 wy\u0142\u0105cznie do cel\u00f3w badawczych<\/strong><br data-start=\"3308\" data-end=\"3311\" \/>Produkt ten jest sklasyfikowany jako odczynnik chemiczny przeznaczony wy\u0142\u0105cznie do u\u017cytku badawczego i powinien by\u0107 stosowany przez wykwalifikowany personel w warunkach laboratoryjnych. Nie jest to suplement diety, lek ani produkt spo\u017cywczy i nie jest przeznaczony do spo\u017cycia przez ludzi. Wszystkie przedstawione informacje maj\u0105 wy\u0142\u0105cznie charakter edukacyjny.<\/p>\n","protected":false},"excerpt":{"rendered":"<p>Humanin to peptyd badany w kontek\u015bcie proces\u00f3w kom\u00f3rkowych zwi\u0105zanych z aktywno\u015bci\u0105 mitochondri\u00f3w oraz r\u00f3wnowag\u0105 kom\u00f3rkow\u0105. Nale\u017cy do grupy bioaktywnych peptyd\u00f3w analizowanych pod k\u0105tem ich roli w sygnalizacji kom\u00f3rkowej oraz mechanizmach regulacyjnych w r\u00f3\u017cnych tkankach. Obserwacje naukowe sugeruj\u0105, \u017ce peptydy tego typu mog\u0105 uczestniczy\u0107 w szlakach zwi\u0105zanych z odpowiedzi\u0105 kom\u00f3rkow\u0105 na stres, funkcjonowaniem mitochondri\u00f3w oraz utrzymaniem&#8230;<\/p>\n","protected":false},"featured_media":15725,"comment_status":"open","ping_status":"closed","template":"","meta":{"_kadence_starter_templates_imported_post":false,"_kad_post_transparent":"default","_kad_post_title":"","_kad_post_layout":"default","_kad_post_sidebar_id":"","_kad_post_content_style":"default","_kad_post_vertical_padding":"default","_kad_post_feature":"","_kad_post_feature_position":"","_kad_post_header":false,"_kad_post_footer":false,"_kad_post_classname":""},"product_brand":[],"product_cat":[99,89,119,117],"product_tag":[],"class_list":{"0":"post-15726","1":"product","2":"type-product","3":"status-publish","4":"has-post-thumbnail","6":"product_cat-anti-aging","7":"product_cat-bez-kategorii","8":"product_cat-fiolki","9":"product_cat-peptydy","11":"first","12":"instock","13":"shipping-taxable","14":"purchasable","15":"product-type-simple","16":"entry","17":"content-bg","18":"loop-entry"},"_links":{"self":[{"href":"https:\/\/x-peptides.com\/pl\/wp-json\/wp\/v2\/product\/15726","targetHints":{"allow":["GET"]}}],"collection":[{"href":"https:\/\/x-peptides.com\/pl\/wp-json\/wp\/v2\/product"}],"about":[{"href":"https:\/\/x-peptides.com\/pl\/wp-json\/wp\/v2\/types\/product"}],"replies":[{"embeddable":true,"href":"https:\/\/x-peptides.com\/pl\/wp-json\/wp\/v2\/comments?post=15726"}],"wp:featuredmedia":[{"embeddable":true,"href":"https:\/\/x-peptides.com\/pl\/wp-json\/wp\/v2\/media\/15725"}],"wp:attachment":[{"href":"https:\/\/x-peptides.com\/pl\/wp-json\/wp\/v2\/media?parent=15726"}],"wp:term":[{"taxonomy":"product_brand","embeddable":true,"href":"https:\/\/x-peptides.com\/pl\/wp-json\/wp\/v2\/product_brand?post=15726"},{"taxonomy":"product_cat","embeddable":true,"href":"https:\/\/x-peptides.com\/pl\/wp-json\/wp\/v2\/product_cat?post=15726"},{"taxonomy":"product_tag","embeddable":true,"href":"https:\/\/x-peptides.com\/pl\/wp-json\/wp\/v2\/product_tag?post=15726"}],"curies":[{"name":"wp","href":"https:\/\/api.w.org\/{rel}","templated":true}]}}