{"id":15712,"date":"2026-04-22T12:59:58","date_gmt":"2026-04-22T10:59:58","guid":{"rendered":"https:\/\/x-peptides.com\/?post_type=product&#038;p=15712"},"modified":"2026-04-22T13:04:07","modified_gmt":"2026-04-22T11:04:07","slug":"ace-031","status":"publish","type":"product","link":"https:\/\/x-peptides.com\/pl\/produkt\/ace-031\/","title":{"rendered":"ACE-031"},"content":{"rendered":"<p data-start=\"2675\" data-end=\"3002\"><strong>ACE-031<\/strong> to zwi\u0105zek o charakterze bia\u0142kowym badany w kontek\u015bcie jego zwi\u0105zku z tkank\u0105 mi\u0119\u015bniow\u0105 oraz szlakami regulacyjnymi zwi\u0105zanymi ze wzrostem i rozwojem. Nale\u017cy do grupy biologicznie aktywnych cz\u0105steczek analizowanych pod k\u0105tem ich roli w mechanizmach sygnalizacyjnych wp\u0142ywaj\u0105cych na procesy kom\u00f3rkowe w tkance mi\u0119\u015bniowej.<\/p>\n<p data-start=\"3004\" data-end=\"3364\">Obserwacje naukowe sugeruj\u0105, \u017ce zwi\u0105zki tego typu mog\u0105 uczestniczy\u0107 w szlakach zwi\u0105zanych z regulacj\u0105 kom\u00f3rek mi\u0119\u015bniowych, w tym mechanizmach powi\u0105zanych z rozwojem tkanek oraz adaptacj\u0105 strukturaln\u0105. Badania obejmowa\u0142y ich interakcj\u0119 z systemami sygnalizacyjnymi wp\u0142ywaj\u0105cymi na aktywno\u015b\u0107 kom\u00f3rkow\u0105 i r\u00f3wnowag\u0119 w obr\u0119bie tkanki mi\u0119\u015bniowej w r\u00f3\u017cnych warunkach.<\/p>\n<p data-start=\"3366\" data-end=\"3789\"><strong data-start=\"3366\" data-end=\"3425\">Odczynnik laboratoryjny \u2013 wy\u0142\u0105cznie do cel\u00f3w badawczych<\/strong><br data-start=\"3425\" data-end=\"3428\" \/>Produkt ten jest sklasyfikowany jako odczynnik chemiczny przeznaczony wy\u0142\u0105cznie do u\u017cytku badawczego i powinien by\u0107 stosowany przez wykwalifikowany personel w warunkach laboratoryjnych. Nie jest to suplement diety, lek ani produkt spo\u017cywczy i nie jest przeznaczony do spo\u017cycia przez ludzi. Wszystkie przedstawione informacje maj\u0105 wy\u0142\u0105cznie charakter edukacyjny.<\/p>\n","protected":false},"excerpt":{"rendered":"<p>ACE-031 to zwi\u0105zek o charakterze bia\u0142kowym badany w kontek\u015bcie jego zwi\u0105zku z tkank\u0105 mi\u0119\u015bniow\u0105 oraz szlakami regulacyjnymi zwi\u0105zanymi ze wzrostem i rozwojem. Nale\u017cy do grupy biologicznie aktywnych cz\u0105steczek analizowanych pod k\u0105tem ich roli w mechanizmach sygnalizacyjnych wp\u0142ywaj\u0105cych na procesy kom\u00f3rkowe w tkance mi\u0119\u015bniowej. Obserwacje naukowe sugeruj\u0105, \u017ce zwi\u0105zki tego typu mog\u0105 uczestniczy\u0107 w szlakach zwi\u0105zanych&#8230;<\/p>\n","protected":false},"featured_media":15711,"comment_status":"open","ping_status":"closed","template":"","meta":{"_kadence_starter_templates_imported_post":false,"_kad_post_transparent":"default","_kad_post_title":"","_kad_post_layout":"default","_kad_post_sidebar_id":"","_kad_post_content_style":"default","_kad_post_vertical_padding":"default","_kad_post_feature":"","_kad_post_feature_position":"","_kad_post_header":false,"_kad_post_footer":false,"_kad_post_classname":""},"product_brand":[],"product_cat":[89,119,117,96,142],"product_tag":[],"class_list":{"0":"post-15712","1":"product","2":"type-product","3":"status-publish","4":"has-post-thumbnail","6":"product_cat-bez-kategorii","7":"product_cat-fiolki","8":"product_cat-peptydy","9":"product_cat-regeneracja","10":"product_cat-wzrost-miesni","12":"first","13":"instock","14":"shipping-taxable","15":"purchasable","16":"product-type-simple","17":"entry","18":"content-bg","19":"loop-entry"},"_links":{"self":[{"href":"https:\/\/x-peptides.com\/pl\/wp-json\/wp\/v2\/product\/15712","targetHints":{"allow":["GET"]}}],"collection":[{"href":"https:\/\/x-peptides.com\/pl\/wp-json\/wp\/v2\/product"}],"about":[{"href":"https:\/\/x-peptides.com\/pl\/wp-json\/wp\/v2\/types\/product"}],"replies":[{"embeddable":true,"href":"https:\/\/x-peptides.com\/pl\/wp-json\/wp\/v2\/comments?post=15712"}],"wp:featuredmedia":[{"embeddable":true,"href":"https:\/\/x-peptides.com\/pl\/wp-json\/wp\/v2\/media\/15711"}],"wp:attachment":[{"href":"https:\/\/x-peptides.com\/pl\/wp-json\/wp\/v2\/media?parent=15712"}],"wp:term":[{"taxonomy":"product_brand","embeddable":true,"href":"https:\/\/x-peptides.com\/pl\/wp-json\/wp\/v2\/product_brand?post=15712"},{"taxonomy":"product_cat","embeddable":true,"href":"https:\/\/x-peptides.com\/pl\/wp-json\/wp\/v2\/product_cat?post=15712"},{"taxonomy":"product_tag","embeddable":true,"href":"https:\/\/x-peptides.com\/pl\/wp-json\/wp\/v2\/product_tag?post=15712"}],"curies":[{"name":"wp","href":"https:\/\/api.w.org\/{rel}","templated":true}]}}