{"id":15638,"date":"2026-04-20T10:41:27","date_gmt":"2026-04-20T08:41:27","guid":{"rendered":"https:\/\/x-peptides.com\/?post_type=product&#038;p=15638"},"modified":"2026-04-20T10:48:18","modified_gmt":"2026-04-20T08:48:18","slug":"hmg-75-iu","status":"publish","type":"product","link":"https:\/\/x-peptides.com\/pl\/produkt\/hmg-75-iu\/","title":{"rendered":"HMG 75 IU"},"content":{"rendered":"<p data-start=\"2599\" data-end=\"2888\"><strong>HMG (Human Menopausal Gonadotropin)<\/strong> to preparat hormonalny badany w kontek\u015bcie jego zwi\u0105zku z funkcjonowaniem uk\u0142adu rozrodczego w badaniach naukowych i klinicznych. Zawiera kombinacj\u0119 gonadotropin analizowanych pod k\u0105tem ich roli w sygnalizacji regulacyjnej w obr\u0119bie uk\u0142adu hormonalnego.<\/p>\n<p data-start=\"2890\" data-end=\"3252\">Obserwacje naukowe sugeruj\u0105, \u017ce zwi\u0105zki tego typu mog\u0105 uczestniczy\u0107 w szlakach zwi\u0105zanych z sygnalizacj\u0105 hormonaln\u0105 oraz regulacj\u0105 proces\u00f3w w uk\u0142adzie rozrodczym. Badania obejmowa\u0142y ich interakcj\u0119 z kom\u00f3rkami zwi\u0105zanymi z tkankami rozrodczymi, w tym mechanizmy zwi\u0105zane z komunikacj\u0105 mi\u0119dzykom\u00f3rkow\u0105 oraz utrzymaniem r\u00f3wnowagi fizjologicznej w r\u00f3\u017cnych warunkach.<\/p>\n<p data-start=\"3254\" data-end=\"3677\"><strong data-start=\"3254\" data-end=\"3313\">Odczynnik laboratoryjny \u2013 wy\u0142\u0105cznie do cel\u00f3w badawczych<\/strong><br data-start=\"3313\" data-end=\"3316\" \/>Produkt ten jest sklasyfikowany jako odczynnik chemiczny przeznaczony wy\u0142\u0105cznie do u\u017cytku badawczego i powinien by\u0107 stosowany przez wykwalifikowany personel w warunkach laboratoryjnych. Nie jest to suplement diety, lek ani produkt spo\u017cywczy i nie jest przeznaczony do spo\u017cycia przez ludzi. Wszystkie przedstawione informacje maj\u0105 wy\u0142\u0105cznie charakter edukacyjny.<\/p>\n","protected":false},"excerpt":{"rendered":"<p>HMG (Human Menopausal Gonadotropin) to preparat hormonalny badany w kontek\u015bcie jego zwi\u0105zku z funkcjonowaniem uk\u0142adu rozrodczego w badaniach naukowych i klinicznych. Zawiera kombinacj\u0119 gonadotropin analizowanych pod k\u0105tem ich roli w sygnalizacji regulacyjnej w obr\u0119bie uk\u0142adu hormonalnego. Obserwacje naukowe sugeruj\u0105, \u017ce zwi\u0105zki tego typu mog\u0105 uczestniczy\u0107 w szlakach zwi\u0105zanych z sygnalizacj\u0105 hormonaln\u0105 oraz regulacj\u0105 proces\u00f3w w&#8230;<\/p>\n","protected":false},"featured_media":15637,"comment_status":"open","ping_status":"closed","template":"","meta":{"_kadence_starter_templates_imported_post":false,"_kad_post_transparent":"default","_kad_post_title":"","_kad_post_layout":"default","_kad_post_sidebar_id":"","_kad_post_content_style":"default","_kad_post_vertical_padding":"default","_kad_post_feature":"","_kad_post_feature_position":"","_kad_post_header":false,"_kad_post_footer":false,"_kad_post_classname":""},"product_brand":[],"product_cat":[89,119,117],"product_tag":[],"class_list":{"0":"post-15638","1":"product","2":"type-product","3":"status-publish","4":"has-post-thumbnail","6":"product_cat-bez-kategorii","7":"product_cat-fiolki","8":"product_cat-peptydy","10":"first","11":"instock","12":"shipping-taxable","13":"purchasable","14":"product-type-simple","15":"entry","16":"content-bg","17":"loop-entry"},"_links":{"self":[{"href":"https:\/\/x-peptides.com\/pl\/wp-json\/wp\/v2\/product\/15638","targetHints":{"allow":["GET"]}}],"collection":[{"href":"https:\/\/x-peptides.com\/pl\/wp-json\/wp\/v2\/product"}],"about":[{"href":"https:\/\/x-peptides.com\/pl\/wp-json\/wp\/v2\/types\/product"}],"replies":[{"embeddable":true,"href":"https:\/\/x-peptides.com\/pl\/wp-json\/wp\/v2\/comments?post=15638"}],"wp:featuredmedia":[{"embeddable":true,"href":"https:\/\/x-peptides.com\/pl\/wp-json\/wp\/v2\/media\/15637"}],"wp:attachment":[{"href":"https:\/\/x-peptides.com\/pl\/wp-json\/wp\/v2\/media?parent=15638"}],"wp:term":[{"taxonomy":"product_brand","embeddable":true,"href":"https:\/\/x-peptides.com\/pl\/wp-json\/wp\/v2\/product_brand?post=15638"},{"taxonomy":"product_cat","embeddable":true,"href":"https:\/\/x-peptides.com\/pl\/wp-json\/wp\/v2\/product_cat?post=15638"},{"taxonomy":"product_tag","embeddable":true,"href":"https:\/\/x-peptides.com\/pl\/wp-json\/wp\/v2\/product_tag?post=15638"}],"curies":[{"name":"wp","href":"https:\/\/api.w.org\/{rel}","templated":true}]}}