{"id":15606,"date":"2026-04-20T10:13:03","date_gmt":"2026-04-20T08:13:03","guid":{"rendered":"https:\/\/x-peptides.com\/?post_type=product&#038;p=15606"},"modified":"2026-04-20T10:15:16","modified_gmt":"2026-04-20T08:15:16","slug":"vesugen-20-mg","status":"publish","type":"product","link":"https:\/\/x-peptides.com\/pl\/produkt\/vesugen-20-mg\/","title":{"rendered":"Vesugen 20 mg"},"content":{"rendered":"<p data-start=\"2503\" data-end=\"2700\"><strong>Vesugen<\/strong> to peptyd badany w kontek\u015bcie jego zwi\u0105zku z tkankami naczyniowymi. Nale\u017cy do grupy bioaktywnych peptyd\u00f3w analizowanych pod k\u0105tem ich roli w regulacji kom\u00f3rkowej oraz funkcjonowaniu tkanek.<\/p>\n<p data-start=\"2702\" data-end=\"3099\">Obserwacje naukowe sugeruj\u0105, \u017ce peptydy tego typu mog\u0105 uczestniczy\u0107 w procesach kom\u00f3rkowych zwi\u0105zanych ze struktur\u0105 i funkcjonowaniem naczy\u0144 krwiono\u015bnych. W warunkach eksperymentalnych wi\u0105zano je ze szlakami zwi\u0105zanymi z aktywno\u015bci\u0105 kom\u00f3rek \u015br\u00f3db\u0142onka, komunikacj\u0105 mi\u0119dzykom\u00f3rkow\u0105 oraz mechanizmami odpowiadaj\u0105cymi za utrzymanie integralno\u015bci funkcjonalnej tkanek naczyniowych w r\u00f3\u017cnych warunkach.<\/p>\n<p data-start=\"3101\" data-end=\"3524\"><strong data-start=\"3101\" data-end=\"3160\">Odczynnik laboratoryjny \u2013 wy\u0142\u0105cznie do cel\u00f3w badawczych<\/strong><br data-start=\"3160\" data-end=\"3163\" \/>Produkt ten jest sklasyfikowany jako odczynnik chemiczny przeznaczony wy\u0142\u0105cznie do u\u017cytku badawczego i powinien by\u0107 stosowany przez wykwalifikowany personel w warunkach laboratoryjnych. Nie jest to suplement diety, lek ani produkt spo\u017cywczy i nie jest przeznaczony do spo\u017cycia przez ludzi. Wszystkie przedstawione informacje maj\u0105 wy\u0142\u0105cznie charakter edukacyjny.<\/p>\n","protected":false},"excerpt":{"rendered":"<p>Vesugen to peptyd badany w kontek\u015bcie jego zwi\u0105zku z tkankami naczyniowymi. Nale\u017cy do grupy bioaktywnych peptyd\u00f3w analizowanych pod k\u0105tem ich roli w regulacji kom\u00f3rkowej oraz funkcjonowaniu tkanek. Obserwacje naukowe sugeruj\u0105, \u017ce peptydy tego typu mog\u0105 uczestniczy\u0107 w procesach kom\u00f3rkowych zwi\u0105zanych ze struktur\u0105 i funkcjonowaniem naczy\u0144 krwiono\u015bnych. W warunkach eksperymentalnych wi\u0105zano je ze szlakami zwi\u0105zanymi z&#8230;<\/p>\n","protected":false},"featured_media":15605,"comment_status":"open","ping_status":"closed","template":"","meta":{"_kadence_starter_templates_imported_post":false,"_kad_post_transparent":"default","_kad_post_title":"","_kad_post_layout":"default","_kad_post_sidebar_id":"","_kad_post_content_style":"default","_kad_post_vertical_padding":"default","_kad_post_feature":"","_kad_post_feature_position":"","_kad_post_header":false,"_kad_post_footer":false,"_kad_post_classname":""},"product_brand":[],"product_cat":[89,119,117,96],"product_tag":[],"class_list":{"0":"post-15606","1":"product","2":"type-product","3":"status-publish","4":"has-post-thumbnail","6":"product_cat-bez-kategorii","7":"product_cat-fiolki","8":"product_cat-peptydy","9":"product_cat-regeneracja","11":"first","12":"instock","13":"shipping-taxable","14":"purchasable","15":"product-type-simple","16":"entry","17":"content-bg","18":"loop-entry"},"_links":{"self":[{"href":"https:\/\/x-peptides.com\/pl\/wp-json\/wp\/v2\/product\/15606","targetHints":{"allow":["GET"]}}],"collection":[{"href":"https:\/\/x-peptides.com\/pl\/wp-json\/wp\/v2\/product"}],"about":[{"href":"https:\/\/x-peptides.com\/pl\/wp-json\/wp\/v2\/types\/product"}],"replies":[{"embeddable":true,"href":"https:\/\/x-peptides.com\/pl\/wp-json\/wp\/v2\/comments?post=15606"}],"wp:featuredmedia":[{"embeddable":true,"href":"https:\/\/x-peptides.com\/pl\/wp-json\/wp\/v2\/media\/15605"}],"wp:attachment":[{"href":"https:\/\/x-peptides.com\/pl\/wp-json\/wp\/v2\/media?parent=15606"}],"wp:term":[{"taxonomy":"product_brand","embeddable":true,"href":"https:\/\/x-peptides.com\/pl\/wp-json\/wp\/v2\/product_brand?post=15606"},{"taxonomy":"product_cat","embeddable":true,"href":"https:\/\/x-peptides.com\/pl\/wp-json\/wp\/v2\/product_cat?post=15606"},{"taxonomy":"product_tag","embeddable":true,"href":"https:\/\/x-peptides.com\/pl\/wp-json\/wp\/v2\/product_tag?post=15606"}],"curies":[{"name":"wp","href":"https:\/\/api.w.org\/{rel}","templated":true}]}}