{"id":15591,"date":"2026-04-20T10:03:20","date_gmt":"2026-04-20T08:03:20","guid":{"rendered":"https:\/\/x-peptides.com\/?post_type=product&#038;p=15591"},"modified":"2026-04-20T10:05:17","modified_gmt":"2026-04-20T08:05:17","slug":"p-21-10-mg","status":"publish","type":"product","link":"https:\/\/x-peptides.com\/pl\/produkt\/p-21-10-mg\/","title":{"rendered":"P-21 10 mg"},"content":{"rendered":"<p data-start=\"2591\" data-end=\"2842\"><strong>P-21<\/strong> to peptyd badany w kontek\u015bcie jego zwi\u0105zku z tkank\u0105 nerwow\u0105 oraz procesami sygnalizacji kom\u00f3rkowej w m\u00f3zgu. Nale\u017cy do grupy bioaktywnych peptyd\u00f3w analizowanych pod k\u0105tem ich roli w regulacji kom\u00f3rkowej oraz funkcjonowaniu tkanek uk\u0142adu nerwowego.<\/p>\n<p data-start=\"2844\" data-end=\"3215\">Obserwacje naukowe sugeruj\u0105, \u017ce peptydy tego typu mog\u0105 uczestniczy\u0107 w szlakach zwi\u0105zanych z komunikacj\u0105 neuronaln\u0105, aktywno\u015bci\u0105 synaptyczn\u0105 oraz procesami kom\u00f3rkowymi powi\u0105zanymi z funkcjami poznawczymi. Badania obejmowa\u0142y ich interakcj\u0119 z kom\u00f3rkami nerwowymi, w tym mechanizmy zwi\u0105zane z przekazywaniem sygna\u0142\u00f3w oraz utrzymaniem r\u00f3wnowagi funkcjonalnej uk\u0142adu nerwowego.<\/p>\n<p data-start=\"3217\" data-end=\"3640\"><strong data-start=\"3217\" data-end=\"3276\">Odczynnik laboratoryjny \u2013 wy\u0142\u0105cznie do cel\u00f3w badawczych<\/strong><br data-start=\"3276\" data-end=\"3279\" \/>Produkt ten jest sklasyfikowany jako odczynnik chemiczny przeznaczony wy\u0142\u0105cznie do u\u017cytku badawczego i powinien by\u0107 stosowany przez wykwalifikowany personel w warunkach laboratoryjnych. Nie jest to suplement diety, lek ani produkt spo\u017cywczy i nie jest przeznaczony do spo\u017cycia przez ludzi. Wszystkie przedstawione informacje maj\u0105 wy\u0142\u0105cznie charakter edukacyjny.<\/p>\n","protected":false},"excerpt":{"rendered":"<p>P-21 to peptyd badany w kontek\u015bcie jego zwi\u0105zku z tkank\u0105 nerwow\u0105 oraz procesami sygnalizacji kom\u00f3rkowej w m\u00f3zgu. Nale\u017cy do grupy bioaktywnych peptyd\u00f3w analizowanych pod k\u0105tem ich roli w regulacji kom\u00f3rkowej oraz funkcjonowaniu tkanek uk\u0142adu nerwowego. Obserwacje naukowe sugeruj\u0105, \u017ce peptydy tego typu mog\u0105 uczestniczy\u0107 w szlakach zwi\u0105zanych z komunikacj\u0105 neuronaln\u0105, aktywno\u015bci\u0105 synaptyczn\u0105 oraz procesami kom\u00f3rkowymi&#8230;<\/p>\n","protected":false},"featured_media":15597,"comment_status":"open","ping_status":"closed","template":"","meta":{"_kadence_starter_templates_imported_post":false,"_kad_post_transparent":"default","_kad_post_title":"","_kad_post_layout":"default","_kad_post_sidebar_id":"","_kad_post_content_style":"default","_kad_post_vertical_padding":"default","_kad_post_feature":"","_kad_post_feature_position":"","_kad_post_header":false,"_kad_post_footer":false,"_kad_post_classname":""},"product_brand":[],"product_cat":[89,119,97,124,117],"product_tag":[],"class_list":{"0":"post-15591","1":"product","2":"type-product","3":"status-publish","4":"has-post-thumbnail","6":"product_cat-bez-kategorii","7":"product_cat-fiolki","8":"product_cat-mozg-pamiec-i-koncentracja","9":"product_cat-nootropy","10":"product_cat-peptydy","12":"first","13":"instock","14":"shipping-taxable","15":"purchasable","16":"product-type-simple","17":"entry","18":"content-bg","19":"loop-entry"},"_links":{"self":[{"href":"https:\/\/x-peptides.com\/pl\/wp-json\/wp\/v2\/product\/15591","targetHints":{"allow":["GET"]}}],"collection":[{"href":"https:\/\/x-peptides.com\/pl\/wp-json\/wp\/v2\/product"}],"about":[{"href":"https:\/\/x-peptides.com\/pl\/wp-json\/wp\/v2\/types\/product"}],"replies":[{"embeddable":true,"href":"https:\/\/x-peptides.com\/pl\/wp-json\/wp\/v2\/comments?post=15591"}],"wp:featuredmedia":[{"embeddable":true,"href":"https:\/\/x-peptides.com\/pl\/wp-json\/wp\/v2\/media\/15597"}],"wp:attachment":[{"href":"https:\/\/x-peptides.com\/pl\/wp-json\/wp\/v2\/media?parent=15591"}],"wp:term":[{"taxonomy":"product_brand","embeddable":true,"href":"https:\/\/x-peptides.com\/pl\/wp-json\/wp\/v2\/product_brand?post=15591"},{"taxonomy":"product_cat","embeddable":true,"href":"https:\/\/x-peptides.com\/pl\/wp-json\/wp\/v2\/product_cat?post=15591"},{"taxonomy":"product_tag","embeddable":true,"href":"https:\/\/x-peptides.com\/pl\/wp-json\/wp\/v2\/product_tag?post=15591"}],"curies":[{"name":"wp","href":"https:\/\/api.w.org\/{rel}","templated":true}]}}