{"id":15580,"date":"2026-04-20T09:48:41","date_gmt":"2026-04-20T07:48:41","guid":{"rendered":"https:\/\/x-peptides.com\/?post_type=product&#038;p=15580"},"modified":"2026-04-20T09:51:44","modified_gmt":"2026-04-20T07:51:44","slug":"ovagen-20-mg","status":"publish","type":"product","link":"https:\/\/x-peptides.com\/pl\/produkt\/ovagen-20-mg\/","title":{"rendered":"Ovagen 20 mg"},"content":{"rendered":"<p data-start=\"2627\" data-end=\"2873\"><strong>Ovagen<\/strong> to peptyd badany w kontek\u015bcie jego zwi\u0105zku z tkankami uk\u0142adu rozrodczego, w szczeg\u00f3lno\u015bci z funkcjonowaniem jajnik\u00f3w. Nale\u017cy do grupy bioaktywnych peptyd\u00f3w analizowanych pod k\u0105tem ich roli w regulacji kom\u00f3rkowej oraz funkcjonowaniu tkanek.<\/p>\n<p data-start=\"2875\" data-end=\"3269\">Obserwacje naukowe sugeruj\u0105, \u017ce peptydy tego typu mog\u0105 uczestniczy\u0107 w procesach kom\u00f3rkowych zwi\u0105zanych z funkcjonowaniem tkanek oraz sygnalizacj\u0105 regulacyjn\u0105 w obr\u0119bie uk\u0142adu rozrodczego. Badania obejmowa\u0142y ich interakcj\u0119 z kom\u00f3rkami zwi\u0105zanymi ze strukturami jajnik\u00f3w, w tym szlakami odpowiedzialnymi za komunikacj\u0119 mi\u0119dzykom\u00f3rkow\u0105 oraz utrzymanie r\u00f3wnowagi fizjologicznej w r\u00f3\u017cnych warunkach.<\/p>\n<p data-start=\"3271\" data-end=\"3694\"><strong data-start=\"3271\" data-end=\"3330\">Odczynnik laboratoryjny \u2013 wy\u0142\u0105cznie do cel\u00f3w badawczych<\/strong><br data-start=\"3330\" data-end=\"3333\" \/>Produkt ten jest sklasyfikowany jako odczynnik chemiczny przeznaczony wy\u0142\u0105cznie do u\u017cytku badawczego i powinien by\u0107 stosowany przez wykwalifikowany personel w warunkach laboratoryjnych. Nie jest to suplement diety, lek ani produkt spo\u017cywczy i nie jest przeznaczony do spo\u017cycia przez ludzi. Wszystkie przedstawione informacje maj\u0105 wy\u0142\u0105cznie charakter edukacyjny.<\/p>\n","protected":false},"excerpt":{"rendered":"<p>Ovagen to peptyd badany w kontek\u015bcie jego zwi\u0105zku z tkankami uk\u0142adu rozrodczego, w szczeg\u00f3lno\u015bci z funkcjonowaniem jajnik\u00f3w. Nale\u017cy do grupy bioaktywnych peptyd\u00f3w analizowanych pod k\u0105tem ich roli w regulacji kom\u00f3rkowej oraz funkcjonowaniu tkanek. Obserwacje naukowe sugeruj\u0105, \u017ce peptydy tego typu mog\u0105 uczestniczy\u0107 w procesach kom\u00f3rkowych zwi\u0105zanych z funkcjonowaniem tkanek oraz sygnalizacj\u0105 regulacyjn\u0105 w obr\u0119bie uk\u0142adu&#8230;<\/p>\n","protected":false},"featured_media":15579,"comment_status":"open","ping_status":"closed","template":"","meta":{"_kadence_starter_templates_imported_post":false,"_kad_post_transparent":"default","_kad_post_title":"","_kad_post_layout":"default","_kad_post_sidebar_id":"","_kad_post_content_style":"default","_kad_post_vertical_padding":"default","_kad_post_feature":"","_kad_post_feature_position":"","_kad_post_header":false,"_kad_post_footer":false,"_kad_post_classname":""},"product_brand":[],"product_cat":[89,119,117],"product_tag":[],"class_list":{"0":"post-15580","1":"product","2":"type-product","3":"status-publish","4":"has-post-thumbnail","6":"product_cat-bez-kategorii","7":"product_cat-fiolki","8":"product_cat-peptydy","10":"first","11":"instock","12":"shipping-taxable","13":"purchasable","14":"product-type-simple","15":"entry","16":"content-bg","17":"loop-entry"},"_links":{"self":[{"href":"https:\/\/x-peptides.com\/pl\/wp-json\/wp\/v2\/product\/15580","targetHints":{"allow":["GET"]}}],"collection":[{"href":"https:\/\/x-peptides.com\/pl\/wp-json\/wp\/v2\/product"}],"about":[{"href":"https:\/\/x-peptides.com\/pl\/wp-json\/wp\/v2\/types\/product"}],"replies":[{"embeddable":true,"href":"https:\/\/x-peptides.com\/pl\/wp-json\/wp\/v2\/comments?post=15580"}],"wp:featuredmedia":[{"embeddable":true,"href":"https:\/\/x-peptides.com\/pl\/wp-json\/wp\/v2\/media\/15579"}],"wp:attachment":[{"href":"https:\/\/x-peptides.com\/pl\/wp-json\/wp\/v2\/media?parent=15580"}],"wp:term":[{"taxonomy":"product_brand","embeddable":true,"href":"https:\/\/x-peptides.com\/pl\/wp-json\/wp\/v2\/product_brand?post=15580"},{"taxonomy":"product_cat","embeddable":true,"href":"https:\/\/x-peptides.com\/pl\/wp-json\/wp\/v2\/product_cat?post=15580"},{"taxonomy":"product_tag","embeddable":true,"href":"https:\/\/x-peptides.com\/pl\/wp-json\/wp\/v2\/product_tag?post=15580"}],"curies":[{"name":"wp","href":"https:\/\/api.w.org\/{rel}","templated":true}]}}