{"id":15558,"date":"2026-04-20T09:18:17","date_gmt":"2026-04-20T07:18:17","guid":{"rendered":"https:\/\/x-peptides.com\/?post_type=product&#038;p=15558"},"modified":"2026-04-20T09:23:08","modified_gmt":"2026-04-20T07:23:08","slug":"cartalax-20-mg","status":"publish","type":"product","link":"https:\/\/x-peptides.com\/pl\/produkt\/cartalax-20-mg\/","title":{"rendered":"Cartalax 20 mg"},"content":{"rendered":"<p data-start=\"2469\" data-end=\"2826\"><strong>Cartalax<\/strong> to peptyd badany w kontek\u015bcie jego dzia\u0142ania na chrz\u0105stk\u0119 i tkank\u0119 \u0142\u0105czn\u0105, szczeg\u00f3lnie w odniesieniu do utrzymania ich struktury na poziomie kom\u00f3rkowym. Nale\u017cy do grupy bioaktywnych peptyd\u00f3w, kt\u00f3re s\u0105 analizowane pod k\u0105tem wp\u0142ywu na procesy zachodz\u0105ce w kom\u00f3rkach oraz funkcjonowanie tkanek.<\/p>\n<p data-start=\"2828\" data-end=\"3075\">Obserwacje naukowe sugeruj\u0105, \u017ce peptydy tego typu mog\u0105 by\u0107 powi\u0105zane ze szlakami zaanga\u017cowanymi w organizacj\u0119 macierzy zewn\u0105trzkom\u00f3rkowej oraz komunikacj\u0119 mi\u0119dzykom\u00f3rkow\u0105, kt\u00f3re s\u0105 kluczowe dla zachowania w\u0142a\u015bciwo\u015bci funkcjonalnych tkanki \u0142\u0105cznej.<\/p>\n<p data-start=\"3077\" data-end=\"3502\"><strong data-start=\"3077\" data-end=\"3136\">Odczynnik laboratoryjny \u2013 wy\u0142\u0105cznie do cel\u00f3w badawczych<\/strong><br data-start=\"3136\" data-end=\"3139\" \/>Produkt ten jest sklasyfikowany jako odczynnik chemiczny przeznaczony wy\u0142\u0105cznie do u\u017cytku badawczego i powinien by\u0107 obs\u0142ugiwany przez wykwalifikowany personel w warunkach laboratoryjnych. Nie jest to suplement diety, lek ani produkt spo\u017cywczy i nie jest przeznaczony do spo\u017cycia przez ludzi. Wszystkie przedstawione informacje maj\u0105 wy\u0142\u0105cznie charakter edukacyjny.<\/p>\n","protected":false},"excerpt":{"rendered":"<p>Cartalax to peptyd badany w kontek\u015bcie jego dzia\u0142ania na chrz\u0105stk\u0119 i tkank\u0119 \u0142\u0105czn\u0105, szczeg\u00f3lnie w odniesieniu do utrzymania ich struktury na poziomie kom\u00f3rkowym. Nale\u017cy do grupy bioaktywnych peptyd\u00f3w, kt\u00f3re s\u0105 analizowane pod k\u0105tem wp\u0142ywu na procesy zachodz\u0105ce w kom\u00f3rkach oraz funkcjonowanie tkanek. Obserwacje naukowe sugeruj\u0105, \u017ce peptydy tego typu mog\u0105 by\u0107 powi\u0105zane ze szlakami zaanga\u017cowanymi&#8230;<\/p>\n","protected":false},"featured_media":15557,"comment_status":"open","ping_status":"closed","template":"","meta":{"_kadence_starter_templates_imported_post":false,"_kad_post_transparent":"default","_kad_post_title":"","_kad_post_layout":"default","_kad_post_sidebar_id":"","_kad_post_content_style":"default","_kad_post_vertical_padding":"default","_kad_post_feature":"","_kad_post_feature_position":"","_kad_post_header":false,"_kad_post_footer":false,"_kad_post_classname":""},"product_brand":[],"product_cat":[99,89,119,117,96,132],"product_tag":[],"class_list":{"0":"post-15558","1":"product","2":"type-product","3":"status-publish","4":"has-post-thumbnail","6":"product_cat-anti-aging","7":"product_cat-bez-kategorii","8":"product_cat-fiolki","9":"product_cat-peptydy","10":"product_cat-regeneracja","11":"product_cat-stawy-i-sciegna","13":"first","14":"instock","15":"shipping-taxable","16":"purchasable","17":"product-type-simple","18":"entry","19":"content-bg","20":"loop-entry"},"_links":{"self":[{"href":"https:\/\/x-peptides.com\/pl\/wp-json\/wp\/v2\/product\/15558","targetHints":{"allow":["GET"]}}],"collection":[{"href":"https:\/\/x-peptides.com\/pl\/wp-json\/wp\/v2\/product"}],"about":[{"href":"https:\/\/x-peptides.com\/pl\/wp-json\/wp\/v2\/types\/product"}],"replies":[{"embeddable":true,"href":"https:\/\/x-peptides.com\/pl\/wp-json\/wp\/v2\/comments?post=15558"}],"wp:featuredmedia":[{"embeddable":true,"href":"https:\/\/x-peptides.com\/pl\/wp-json\/wp\/v2\/media\/15557"}],"wp:attachment":[{"href":"https:\/\/x-peptides.com\/pl\/wp-json\/wp\/v2\/media?parent=15558"}],"wp:term":[{"taxonomy":"product_brand","embeddable":true,"href":"https:\/\/x-peptides.com\/pl\/wp-json\/wp\/v2\/product_brand?post=15558"},{"taxonomy":"product_cat","embeddable":true,"href":"https:\/\/x-peptides.com\/pl\/wp-json\/wp\/v2\/product_cat?post=15558"},{"taxonomy":"product_tag","embeddable":true,"href":"https:\/\/x-peptides.com\/pl\/wp-json\/wp\/v2\/product_tag?post=15558"}],"curies":[{"name":"wp","href":"https:\/\/api.w.org\/{rel}","templated":true}]}}