{"id":15455,"date":"2026-04-17T11:57:50","date_gmt":"2026-04-17T09:57:50","guid":{"rendered":"https:\/\/x-peptides.com\/?post_type=product&#038;p=15455"},"modified":"2026-04-17T12:12:22","modified_gmt":"2026-04-17T10:12:22","slug":"cardiogen-20-mg","status":"publish","type":"product","link":"https:\/\/x-peptides.com\/pl\/produkt\/cardiogen-20-mg\/","title":{"rendered":"Cardiogen 20 mg"},"content":{"rendered":"<p data-start=\"2801\" data-end=\"3028\"><strong>Cardiogen<\/strong> to peptyd badany w kontek\u015bcie jego zwi\u0105zku z tkankami uk\u0142adu sercowo-naczyniowego. Nale\u017cy do grupy bioaktywnych peptyd\u00f3w analizowanych pod k\u0105tem ich roli w regulacji kom\u00f3rkowej oraz aktywno\u015bci specyficznej dla tkanek.<\/p>\n<p data-start=\"3030\" data-end=\"3539\">Obserwacje naukowe sugeruj\u0105, \u017ce peptydy tego typu mog\u0105 wp\u0142ywa\u0107 na procesy kom\u00f3rkowe w uk\u0142adzie sercowo-naczyniowym, w tym na aktywno\u015b\u0107 kom\u00f3rkow\u0105, utrzymanie struktury oraz szlaki sygnalizacyjne zwi\u0105zane z funkcjonowaniem tkanek. Badania obejmowa\u0142y jego interakcj\u0119 z kom\u00f3rkami serca oraz mechanizmy zwi\u0105zane z r\u00f3wnowag\u0105 kom\u00f3rkow\u0105 i komunikacj\u0105 mi\u0119dzykom\u00f3rkow\u0105. Cardiogen nale\u017cy do szerszej klasy peptyd\u00f3w badanych pod k\u0105tem ich ukierunkowanego oddzia\u0142ywania na konkretne tkanki, w tym serce i uk\u0142ad naczyniowy.<\/p>\n<p data-start=\"3541\" data-end=\"3966\"><strong data-start=\"3541\" data-end=\"3600\">Odczynnik laboratoryjny \u2013 wy\u0142\u0105cznie do cel\u00f3w badawczych<\/strong><br data-start=\"3600\" data-end=\"3603\" \/>Produkt ten jest sklasyfikowany jako odczynnik chemiczny przeznaczony wy\u0142\u0105cznie do u\u017cytku badawczego i powinien by\u0107 obs\u0142ugiwany przez wykwalifikowany personel w warunkach laboratoryjnych. Nie jest to suplement diety, lek ani produkt spo\u017cywczy i nie jest przeznaczony do spo\u017cycia przez ludzi. Wszystkie przedstawione informacje maj\u0105 wy\u0142\u0105cznie charakter edukacyjny.<\/p>\n","protected":false},"excerpt":{"rendered":"<p>Cardiogen to peptyd badany w kontek\u015bcie jego zwi\u0105zku z tkankami uk\u0142adu sercowo-naczyniowego. Nale\u017cy do grupy bioaktywnych peptyd\u00f3w analizowanych pod k\u0105tem ich roli w regulacji kom\u00f3rkowej oraz aktywno\u015bci specyficznej dla tkanek. Obserwacje naukowe sugeruj\u0105, \u017ce peptydy tego typu mog\u0105 wp\u0142ywa\u0107 na procesy kom\u00f3rkowe w uk\u0142adzie sercowo-naczyniowym, w tym na aktywno\u015b\u0107 kom\u00f3rkow\u0105, utrzymanie struktury oraz szlaki sygnalizacyjne&#8230;<\/p>\n","protected":false},"featured_media":15454,"comment_status":"open","ping_status":"closed","template":"","meta":{"_kadence_starter_templates_imported_post":false,"_kad_post_transparent":"default","_kad_post_title":"","_kad_post_layout":"default","_kad_post_sidebar_id":"","_kad_post_content_style":"default","_kad_post_vertical_padding":"default","_kad_post_feature":"","_kad_post_feature_position":"","_kad_post_header":false,"_kad_post_footer":false,"_kad_post_classname":""},"product_brand":[],"product_cat":[99,89,119,117,96],"product_tag":[],"class_list":{"0":"post-15455","1":"product","2":"type-product","3":"status-publish","4":"has-post-thumbnail","6":"product_cat-anti-aging","7":"product_cat-bez-kategorii","8":"product_cat-fiolki","9":"product_cat-peptydy","10":"product_cat-regeneracja","12":"first","13":"instock","14":"shipping-taxable","15":"purchasable","16":"product-type-simple","17":"entry","18":"content-bg","19":"loop-entry"},"_links":{"self":[{"href":"https:\/\/x-peptides.com\/pl\/wp-json\/wp\/v2\/product\/15455","targetHints":{"allow":["GET"]}}],"collection":[{"href":"https:\/\/x-peptides.com\/pl\/wp-json\/wp\/v2\/product"}],"about":[{"href":"https:\/\/x-peptides.com\/pl\/wp-json\/wp\/v2\/types\/product"}],"replies":[{"embeddable":true,"href":"https:\/\/x-peptides.com\/pl\/wp-json\/wp\/v2\/comments?post=15455"}],"wp:featuredmedia":[{"embeddable":true,"href":"https:\/\/x-peptides.com\/pl\/wp-json\/wp\/v2\/media\/15454"}],"wp:attachment":[{"href":"https:\/\/x-peptides.com\/pl\/wp-json\/wp\/v2\/media?parent=15455"}],"wp:term":[{"taxonomy":"product_brand","embeddable":true,"href":"https:\/\/x-peptides.com\/pl\/wp-json\/wp\/v2\/product_brand?post=15455"},{"taxonomy":"product_cat","embeddable":true,"href":"https:\/\/x-peptides.com\/pl\/wp-json\/wp\/v2\/product_cat?post=15455"},{"taxonomy":"product_tag","embeddable":true,"href":"https:\/\/x-peptides.com\/pl\/wp-json\/wp\/v2\/product_tag?post=15455"}],"curies":[{"name":"wp","href":"https:\/\/api.w.org\/{rel}","templated":true}]}}