{"id":15433,"date":"2026-04-17T11:34:13","date_gmt":"2026-04-17T09:34:13","guid":{"rendered":"https:\/\/x-peptides.com\/?post_type=product&#038;p=15433"},"modified":"2026-04-17T11:37:45","modified_gmt":"2026-04-17T09:37:45","slug":"vilon-20-mg","status":"publish","type":"product","link":"https:\/\/x-peptides.com\/pl\/produkt\/vilon-20-mg\/","title":{"rendered":"Vilon 20 mg"},"content":{"rendered":"<p data-start=\"2184\" data-end=\"2443\"><strong>Vilon<\/strong> to peptyd kr\u00f3tko\u0142a\u0144cuchowy badany w kontek\u015bcie jego roli w sygnalizacji kom\u00f3rkowej oraz procesach regulacyjnych. Nale\u017cy do klasy bioaktywnych peptyd\u00f3w analizowanych pod k\u0105tem ich interakcji z materia\u0142em genetycznym oraz wp\u0142ywu na funkcjonowanie kom\u00f3rek.<\/p>\n<p data-start=\"2445\" data-end=\"2640\">Obserwacje naukowe sugeruj\u0105, \u017ce peptydy tego typu mog\u0105 wp\u0142ywa\u0107 na ekspresj\u0119 gen\u00f3w oraz syntez\u0119 bia\u0142ek, wspieraj\u0105c kluczowe mechanizmy zwi\u0105zane z r\u00f3wnowag\u0105 kom\u00f3rkow\u0105 i komunikacj\u0105 mi\u0119dzykom\u00f3rkow\u0105.<\/p>\n<p data-start=\"2642\" data-end=\"3067\"><strong data-start=\"2642\" data-end=\"2701\">Odczynnik laboratoryjny \u2013 wy\u0142\u0105cznie do cel\u00f3w badawczych<\/strong><br data-start=\"2701\" data-end=\"2704\" \/>Produkt ten jest sklasyfikowany jako odczynnik chemiczny przeznaczony wy\u0142\u0105cznie do u\u017cytku badawczego i powinien by\u0107 obs\u0142ugiwany przez wykwalifikowany personel w warunkach laboratoryjnych. Nie jest to suplement diety, lek ani produkt spo\u017cywczy i nie jest przeznaczony do spo\u017cycia przez ludzi. Wszystkie przedstawione informacje maj\u0105 wy\u0142\u0105cznie charakter edukacyjny.<\/p>\n","protected":false},"excerpt":{"rendered":"<p>Vilon to peptyd kr\u00f3tko\u0142a\u0144cuchowy badany w kontek\u015bcie jego roli w sygnalizacji kom\u00f3rkowej oraz procesach regulacyjnych. Nale\u017cy do klasy bioaktywnych peptyd\u00f3w analizowanych pod k\u0105tem ich interakcji z materia\u0142em genetycznym oraz wp\u0142ywu na funkcjonowanie kom\u00f3rek. Obserwacje naukowe sugeruj\u0105, \u017ce peptydy tego typu mog\u0105 wp\u0142ywa\u0107 na ekspresj\u0119 gen\u00f3w oraz syntez\u0119 bia\u0142ek, wspieraj\u0105c kluczowe mechanizmy zwi\u0105zane z r\u00f3wnowag\u0105 kom\u00f3rkow\u0105&#8230;<\/p>\n","protected":false},"featured_media":15432,"comment_status":"open","ping_status":"closed","template":"","meta":{"_kadence_starter_templates_imported_post":false,"_kad_post_transparent":"default","_kad_post_title":"","_kad_post_layout":"default","_kad_post_sidebar_id":"","_kad_post_content_style":"default","_kad_post_vertical_padding":"default","_kad_post_feature":"","_kad_post_feature_position":"","_kad_post_header":false,"_kad_post_footer":false,"_kad_post_classname":""},"product_brand":[],"product_cat":[99,89,119,117,96],"product_tag":[],"class_list":{"0":"post-15433","1":"product","2":"type-product","3":"status-publish","4":"has-post-thumbnail","6":"product_cat-anti-aging","7":"product_cat-bez-kategorii","8":"product_cat-fiolki","9":"product_cat-peptydy","10":"product_cat-regeneracja","12":"first","13":"instock","14":"shipping-taxable","15":"purchasable","16":"product-type-simple","17":"entry","18":"content-bg","19":"loop-entry"},"_links":{"self":[{"href":"https:\/\/x-peptides.com\/pl\/wp-json\/wp\/v2\/product\/15433","targetHints":{"allow":["GET"]}}],"collection":[{"href":"https:\/\/x-peptides.com\/pl\/wp-json\/wp\/v2\/product"}],"about":[{"href":"https:\/\/x-peptides.com\/pl\/wp-json\/wp\/v2\/types\/product"}],"replies":[{"embeddable":true,"href":"https:\/\/x-peptides.com\/pl\/wp-json\/wp\/v2\/comments?post=15433"}],"wp:featuredmedia":[{"embeddable":true,"href":"https:\/\/x-peptides.com\/pl\/wp-json\/wp\/v2\/media\/15432"}],"wp:attachment":[{"href":"https:\/\/x-peptides.com\/pl\/wp-json\/wp\/v2\/media?parent=15433"}],"wp:term":[{"taxonomy":"product_brand","embeddable":true,"href":"https:\/\/x-peptides.com\/pl\/wp-json\/wp\/v2\/product_brand?post=15433"},{"taxonomy":"product_cat","embeddable":true,"href":"https:\/\/x-peptides.com\/pl\/wp-json\/wp\/v2\/product_cat?post=15433"},{"taxonomy":"product_tag","embeddable":true,"href":"https:\/\/x-peptides.com\/pl\/wp-json\/wp\/v2\/product_tag?post=15433"}],"curies":[{"name":"wp","href":"https:\/\/api.w.org\/{rel}","templated":true}]}}