{"id":15420,"date":"2026-04-17T11:24:42","date_gmt":"2026-04-17T09:24:42","guid":{"rendered":"https:\/\/x-peptides.com\/?post_type=product&#038;p=15420"},"modified":"2026-04-17T11:29:10","modified_gmt":"2026-04-17T09:29:10","slug":"bronchogen-20-mg","status":"publish","type":"product","link":"https:\/\/x-peptides.com\/pl\/produkt\/bronchogen-20-mg\/","title":{"rendered":"Bronchogen 20 mg"},"content":{"rendered":"<p data-start=\"2239\" data-end=\"2504\"><strong>Bronchogen<\/strong> to kompleks peptyd\u00f3w kr\u00f3tko\u0142a\u0144cuchowych, kt\u00f3ry by\u0142 badany w badaniach naukowych pod k\u0105tem jego zwi\u0105zku z tkank\u0105 oskrzeli i p\u0142uc. Nale\u017cy do grupy peptyd\u00f3w analizowanych ze wzgl\u0119du na ich rol\u0119 w regulacji kom\u00f3rkowej oraz aktywno\u015bci specyficznej dla tkanek.<\/p>\n<p data-start=\"2506\" data-end=\"2710\">Obserwacje naukowe sugeruj\u0105, \u017ce peptydy tego typu mog\u0105 wp\u0142ywa\u0107 na procesy kom\u00f3rkowe w tkankach uk\u0142adu oddechowego, w tym na aktywno\u015b\u0107 kom\u00f3rkow\u0105, utrzymanie struktury oraz regeneracj\u0119 na poziomie nab\u0142onka.<\/p>\n<p data-start=\"2712\" data-end=\"3135\"><strong data-start=\"2712\" data-end=\"2771\">Odczynnik laboratoryjny \u2013 wy\u0142\u0105cznie do cel\u00f3w badawczych<\/strong><br data-start=\"2771\" data-end=\"2774\" \/>Produkt ten jest sklasyfikowany jako odczynnik chemiczny przeznaczony wy\u0142\u0105cznie do u\u017cytku badawczego i powinien by\u0107 stosowany przez wykwalifikowany personel w warunkach laboratoryjnych. Nie jest to suplement diety, lek ani produkt spo\u017cywczy i nie jest przeznaczony do spo\u017cycia przez ludzi. Wszystkie przedstawione informacje maj\u0105 wy\u0142\u0105cznie charakter edukacyjny.<\/p>\n","protected":false},"excerpt":{"rendered":"<p>Bronchogen to kompleks peptyd\u00f3w kr\u00f3tko\u0142a\u0144cuchowych, kt\u00f3ry by\u0142 badany w badaniach naukowych pod k\u0105tem jego zwi\u0105zku z tkank\u0105 oskrzeli i p\u0142uc. Nale\u017cy do grupy peptyd\u00f3w analizowanych ze wzgl\u0119du na ich rol\u0119 w regulacji kom\u00f3rkowej oraz aktywno\u015bci specyficznej dla tkanek. Obserwacje naukowe sugeruj\u0105, \u017ce peptydy tego typu mog\u0105 wp\u0142ywa\u0107 na procesy kom\u00f3rkowe w tkankach uk\u0142adu oddechowego, w&#8230;<\/p>\n","protected":false},"featured_media":15419,"comment_status":"open","ping_status":"closed","template":"","meta":{"_kadence_starter_templates_imported_post":false,"_kad_post_transparent":"default","_kad_post_title":"","_kad_post_layout":"default","_kad_post_sidebar_id":"","_kad_post_content_style":"default","_kad_post_vertical_padding":"default","_kad_post_feature":"","_kad_post_feature_position":"","_kad_post_header":false,"_kad_post_footer":false,"_kad_post_classname":""},"product_brand":[],"product_cat":[89,119,117,96],"product_tag":[],"class_list":{"0":"post-15420","1":"product","2":"type-product","3":"status-publish","4":"has-post-thumbnail","6":"product_cat-bez-kategorii","7":"product_cat-fiolki","8":"product_cat-peptydy","9":"product_cat-regeneracja","11":"first","12":"instock","13":"shipping-taxable","14":"purchasable","15":"product-type-simple","16":"entry","17":"content-bg","18":"loop-entry"},"_links":{"self":[{"href":"https:\/\/x-peptides.com\/pl\/wp-json\/wp\/v2\/product\/15420","targetHints":{"allow":["GET"]}}],"collection":[{"href":"https:\/\/x-peptides.com\/pl\/wp-json\/wp\/v2\/product"}],"about":[{"href":"https:\/\/x-peptides.com\/pl\/wp-json\/wp\/v2\/types\/product"}],"replies":[{"embeddable":true,"href":"https:\/\/x-peptides.com\/pl\/wp-json\/wp\/v2\/comments?post=15420"}],"wp:featuredmedia":[{"embeddable":true,"href":"https:\/\/x-peptides.com\/pl\/wp-json\/wp\/v2\/media\/15419"}],"wp:attachment":[{"href":"https:\/\/x-peptides.com\/pl\/wp-json\/wp\/v2\/media?parent=15420"}],"wp:term":[{"taxonomy":"product_brand","embeddable":true,"href":"https:\/\/x-peptides.com\/pl\/wp-json\/wp\/v2\/product_brand?post=15420"},{"taxonomy":"product_cat","embeddable":true,"href":"https:\/\/x-peptides.com\/pl\/wp-json\/wp\/v2\/product_cat?post=15420"},{"taxonomy":"product_tag","embeddable":true,"href":"https:\/\/x-peptides.com\/pl\/wp-json\/wp\/v2\/product_tag?post=15420"}],"curies":[{"name":"wp","href":"https:\/\/api.w.org\/{rel}","templated":true}]}}