{"id":14472,"date":"2026-03-31T13:29:13","date_gmt":"2026-03-31T11:29:13","guid":{"rendered":"https:\/\/x-peptides.com\/?post_type=product&#038;p=14472"},"modified":"2026-03-31T13:32:15","modified_gmt":"2026-03-31T11:32:15","slug":"witamina-e","status":"publish","type":"product","link":"https:\/\/x-peptides.com\/pl\/produkt\/witamina-e\/","title":{"rendered":"Witamina E"},"content":{"rendered":"<section class=\"text-token-text-primary w-full focus:outline-none [--shadow-height:45px] has-data-writing-block:pointer-events-none has-data-writing-block:-mt-(--shadow-height) has-data-writing-block:pt-(--shadow-height) [&amp;:has([data-writing-block])&gt;*]:pointer-events-auto scroll-mt-(--header-height)\" dir=\"auto\" data-turn-id=\"70feb7fa-3c4c-4210-b3be-6975496bdbc6\" data-testid=\"conversation-turn-27\" data-scroll-anchor=\"false\" data-turn=\"user\"><\/section>\n<section class=\"text-token-text-primary w-full focus:outline-none [--shadow-height:45px] has-data-writing-block:pointer-events-none has-data-writing-block:-mt-(--shadow-height) has-data-writing-block:pt-(--shadow-height) [&amp;:has([data-writing-block])&gt;*]:pointer-events-auto scroll-mt-[calc(var(--header-height)+min(200px,max(70px,20svh)))]\" dir=\"auto\" data-turn-id=\"request-WEB:5dbee0c5-892c-4963-83fa-d62fb15b8b11-13\" data-testid=\"conversation-turn-28\" data-scroll-anchor=\"true\" data-turn=\"assistant\">\n<div class=\"text-base my-auto mx-auto pb-10 [--thread-content-margin:var(--thread-content-margin-xs,calc(var(--spacing)*4))] @w-sm\/main:[--thread-content-margin:var(--thread-content-margin-sm,calc(var(--spacing)*6))] @w-lg\/main:[--thread-content-margin:var(--thread-content-margin-lg,calc(var(--spacing)*16))] px-(--thread-content-margin)\">\n<div class=\"[--thread-content-max-width:40rem] @w-lg\/main:[--thread-content-max-width:48rem] mx-auto max-w-(--thread-content-max-width) flex-1 group\/turn-messages focus-visible:outline-hidden relative flex w-full min-w-0 flex-col agent-turn\">\n<div class=\"flex max-w-full flex-col gap-4 grow\">\n<div class=\"min-h-8 text-message relative flex w-full flex-col items-end gap-2 text-start break-words whitespace-normal outline-none keyboard-focused:focus-ring [.text-message+&amp;]:mt-1\" dir=\"auto\" tabindex=\"0\" data-message-author-role=\"assistant\" data-message-id=\"57e2b24e-8dc0-43af-a9d8-6ea1f867f302\" data-message-model-slug=\"gpt-5-3\" data-turn-start-message=\"true\">\n<div class=\"flex w-full flex-col gap-1 empty:hidden\">\n<div class=\"markdown prose dark:prose-invert w-full wrap-break-word light markdown-new-styling\">\n<p data-start=\"0\" data-end=\"512\"><strong>Witamina E<\/strong> jest zwi\u0105zkiem rozpuszczalnym w t\u0142uszczach, nale\u017c\u0105cym do grupy tokoferoli i tokotrienoli, szeroko badanym ze wzgl\u0119du na swoje w\u0142a\u015bciwo\u015bci antyoksydacyjne. W warunkach laboratoryjnych wykorzystywana jest w badaniach nad procesami oksydacyjnymi, stabilno\u015bci\u0105 lipid\u00f3w oraz integralno\u015bci\u0105 b\u0142on kom\u00f3rkowych. Dzi\u0119ki swoim w\u0142a\u015bciwo\u015bciom chemicznym witamina E znajduje zastosowanie w analizach dotycz\u0105cych ochrony molekularnej, stabilno\u015bci formulacji oraz interakcji biologicznych z reaktywnymi formami tlenu.<\/p>\n<p data-start=\"514\" data-end=\"565\" data-is-last-node=\"\" data-is-only-node=\"\"><strong>Produkt przeznaczony wy\u0142\u0105cznie do cel\u00f3w badawczych.<\/strong><\/p>\n<\/div>\n<\/div>\n<\/div>\n<\/div>\n<\/div>\n<\/div>\n<\/section>\n","protected":false},"excerpt":{"rendered":"<p>Witamina E jest zwi\u0105zkiem rozpuszczalnym w t\u0142uszczach, nale\u017c\u0105cym do grupy tokoferoli i tokotrienoli, szeroko badanym ze wzgl\u0119du na swoje w\u0142a\u015bciwo\u015bci antyoksydacyjne. W warunkach laboratoryjnych wykorzystywana jest w badaniach nad procesami oksydacyjnymi, stabilno\u015bci\u0105 lipid\u00f3w oraz integralno\u015bci\u0105 b\u0142on kom\u00f3rkowych. Dzi\u0119ki swoim w\u0142a\u015bciwo\u015bciom chemicznym witamina E znajduje zastosowanie w analizach dotycz\u0105cych ochrony molekularnej, stabilno\u015bci formulacji oraz interakcji biologicznych&#8230;<\/p>\n","protected":false},"featured_media":14471,"comment_status":"open","ping_status":"closed","template":"","meta":{"_kadence_starter_templates_imported_post":false,"_kad_post_transparent":"default","_kad_post_title":"","_kad_post_layout":"default","_kad_post_sidebar_id":"","_kad_post_content_style":"default","_kad_post_vertical_padding":"default","_kad_post_feature":"","_kad_post_feature_position":"","_kad_post_header":false,"_kad_post_footer":false,"_kad_post_classname":""},"product_brand":[],"product_cat":[99,89,96,136,95],"product_tag":[],"class_list":{"0":"post-14472","1":"product","2":"type-product","3":"status-publish","4":"has-post-thumbnail","6":"product_cat-anti-aging","7":"product_cat-bez-kategorii","8":"product_cat-regeneracja","9":"product_cat-skora-wlosy-paznokcie","10":"product_cat-suplementy","12":"first","13":"instock","14":"shipping-taxable","15":"purchasable","16":"product-type-simple","17":"entry","18":"content-bg","19":"loop-entry"},"_links":{"self":[{"href":"https:\/\/x-peptides.com\/pl\/wp-json\/wp\/v2\/product\/14472","targetHints":{"allow":["GET"]}}],"collection":[{"href":"https:\/\/x-peptides.com\/pl\/wp-json\/wp\/v2\/product"}],"about":[{"href":"https:\/\/x-peptides.com\/pl\/wp-json\/wp\/v2\/types\/product"}],"replies":[{"embeddable":true,"href":"https:\/\/x-peptides.com\/pl\/wp-json\/wp\/v2\/comments?post=14472"}],"wp:featuredmedia":[{"embeddable":true,"href":"https:\/\/x-peptides.com\/pl\/wp-json\/wp\/v2\/media\/14471"}],"wp:attachment":[{"href":"https:\/\/x-peptides.com\/pl\/wp-json\/wp\/v2\/media?parent=14472"}],"wp:term":[{"taxonomy":"product_brand","embeddable":true,"href":"https:\/\/x-peptides.com\/pl\/wp-json\/wp\/v2\/product_brand?post=14472"},{"taxonomy":"product_cat","embeddable":true,"href":"https:\/\/x-peptides.com\/pl\/wp-json\/wp\/v2\/product_cat?post=14472"},{"taxonomy":"product_tag","embeddable":true,"href":"https:\/\/x-peptides.com\/pl\/wp-json\/wp\/v2\/product_tag?post=14472"}],"curies":[{"name":"wp","href":"https:\/\/api.w.org\/{rel}","templated":true}]}}