{"id":14461,"date":"2026-03-31T13:06:59","date_gmt":"2026-03-31T11:06:59","guid":{"rendered":"https:\/\/x-peptides.com\/?post_type=product&#038;p=14461"},"modified":"2026-03-31T13:22:31","modified_gmt":"2026-03-31T11:22:31","slug":"astaksantyna","status":"publish","type":"product","link":"https:\/\/x-peptides.com\/pl\/produkt\/astaksantyna\/","title":{"rendered":"Astaksantyna"},"content":{"rendered":"<section class=\"text-token-text-primary w-full focus:outline-none [--shadow-height:45px] has-data-writing-block:pointer-events-none has-data-writing-block:-mt-(--shadow-height) has-data-writing-block:pt-(--shadow-height) [&amp;:has([data-writing-block])&gt;*]:pointer-events-auto scroll-mt-(--header-height)\" dir=\"auto\" data-turn-id=\"a44ea5c8-1ce9-4ebe-91d0-4e3acc9c1688\" data-testid=\"conversation-turn-15\" data-scroll-anchor=\"false\" data-turn=\"user\"><\/section>\n<section class=\"text-token-text-primary w-full focus:outline-none [--shadow-height:45px] has-data-writing-block:pointer-events-none has-data-writing-block:-mt-(--shadow-height) has-data-writing-block:pt-(--shadow-height) [&amp;:has([data-writing-block])&gt;*]:pointer-events-auto scroll-mt-[calc(var(--header-height)+min(200px,max(70px,20svh)))]\" dir=\"auto\" data-turn-id=\"request-WEB:5dbee0c5-892c-4963-83fa-d62fb15b8b11-7\" data-testid=\"conversation-turn-16\" data-scroll-anchor=\"true\" data-turn=\"assistant\">\n<div class=\"text-base my-auto mx-auto pb-10 [--thread-content-margin:var(--thread-content-margin-xs,calc(var(--spacing)*4))] @w-sm\/main:[--thread-content-margin:var(--thread-content-margin-sm,calc(var(--spacing)*6))] @w-lg\/main:[--thread-content-margin:var(--thread-content-margin-lg,calc(var(--spacing)*16))] px-(--thread-content-margin)\">\n<div class=\"[--thread-content-max-width:40rem] @w-lg\/main:[--thread-content-max-width:48rem] mx-auto max-w-(--thread-content-max-width) flex-1 group\/turn-messages focus-visible:outline-hidden relative flex w-full min-w-0 flex-col agent-turn\">\n<div class=\"flex max-w-full flex-col gap-4 grow\">\n<div class=\"min-h-8 text-message relative flex w-full flex-col items-end gap-2 text-start break-words whitespace-normal outline-none keyboard-focused:focus-ring [.text-message+&amp;]:mt-1\" dir=\"auto\" tabindex=\"0\" data-message-author-role=\"assistant\" data-message-id=\"2e557dc9-988d-45db-9df6-ec12c3bdc5f2\" data-message-model-slug=\"gpt-5-3\" data-turn-start-message=\"true\">\n<div class=\"flex w-full flex-col gap-1 empty:hidden\">\n<div class=\"markdown prose dark:prose-invert w-full wrap-break-word light markdown-new-styling\">\n<p data-start=\"0\" data-end=\"395\"><strong>Astaksantyna<\/strong> jest silnym naturalnym antyoksydantem nale\u017c\u0105cym do rodziny karotenoid\u00f3w. Pomaga chroni\u0107 kom\u00f3rki przed stresem oksydacyjnym, wspiera zdrowie sk\u00f3ry oraz procesy przeciwstarzeniowe, a tak\u017ce mo\u017ce przyczynia\u0107 si\u0119 do lepszej regeneracji i og\u00f3lnej wydajno\u015bci organizmu. Znana jest r\u00f3wnie\u017c ze swojego korzystnego wp\u0142ywu na zdrowie oczu, uk\u0142ad odporno\u015bciowy oraz redukcj\u0119 stan\u00f3w zapalnych.<\/p>\n<p data-start=\"397\" data-end=\"448\" data-is-last-node=\"\" data-is-only-node=\"\"><strong>Produkt przeznaczony wy\u0142\u0105cznie do cel\u00f3w badawczych.<\/strong><\/p>\n<\/div>\n<\/div>\n<\/div>\n<\/div>\n<\/div>\n<\/div>\n<\/section>\n","protected":false},"excerpt":{"rendered":"<p>Astaksantyna jest silnym naturalnym antyoksydantem nale\u017c\u0105cym do rodziny karotenoid\u00f3w. Pomaga chroni\u0107 kom\u00f3rki przed stresem oksydacyjnym, wspiera zdrowie sk\u00f3ry oraz procesy przeciwstarzeniowe, a tak\u017ce mo\u017ce przyczynia\u0107 si\u0119 do lepszej regeneracji i og\u00f3lnej wydajno\u015bci organizmu. Znana jest r\u00f3wnie\u017c ze swojego korzystnego wp\u0142ywu na zdrowie oczu, uk\u0142ad odporno\u015bciowy oraz redukcj\u0119 stan\u00f3w zapalnych. Produkt przeznaczony wy\u0142\u0105cznie do cel\u00f3w badawczych.<\/p>\n","protected":false},"featured_media":14460,"comment_status":"open","ping_status":"closed","template":"","meta":{"_kadence_starter_templates_imported_post":false,"_kad_post_transparent":"default","_kad_post_title":"","_kad_post_layout":"default","_kad_post_sidebar_id":"","_kad_post_content_style":"default","_kad_post_vertical_padding":"default","_kad_post_feature":"","_kad_post_feature_position":"","_kad_post_header":false,"_kad_post_footer":false,"_kad_post_classname":""},"product_brand":[],"product_cat":[94,90,92,135],"product_tag":[],"class_list":{"0":"post-14461","1":"product","2":"type-product","3":"status-publish","4":"has-post-thumbnail","6":"product_cat-94","7":"product_cat-90","8":"product_cat-92","9":"product_cat-135","11":"first","12":"instock","13":"shipping-taxable","14":"purchasable","15":"product-type-simple","16":"entry","17":"content-bg","18":"loop-entry"},"_links":{"self":[{"href":"https:\/\/x-peptides.com\/pl\/wp-json\/wp\/v2\/product\/14461","targetHints":{"allow":["GET"]}}],"collection":[{"href":"https:\/\/x-peptides.com\/pl\/wp-json\/wp\/v2\/product"}],"about":[{"href":"https:\/\/x-peptides.com\/pl\/wp-json\/wp\/v2\/types\/product"}],"replies":[{"embeddable":true,"href":"https:\/\/x-peptides.com\/pl\/wp-json\/wp\/v2\/comments?post=14461"}],"wp:featuredmedia":[{"embeddable":true,"href":"https:\/\/x-peptides.com\/pl\/wp-json\/wp\/v2\/media\/14460"}],"wp:attachment":[{"href":"https:\/\/x-peptides.com\/pl\/wp-json\/wp\/v2\/media?parent=14461"}],"wp:term":[{"taxonomy":"product_brand","embeddable":true,"href":"https:\/\/x-peptides.com\/pl\/wp-json\/wp\/v2\/product_brand?post=14461"},{"taxonomy":"product_cat","embeddable":true,"href":"https:\/\/x-peptides.com\/pl\/wp-json\/wp\/v2\/product_cat?post=14461"},{"taxonomy":"product_tag","embeddable":true,"href":"https:\/\/x-peptides.com\/pl\/wp-json\/wp\/v2\/product_tag?post=14461"}],"curies":[{"name":"wp","href":"https:\/\/api.w.org\/{rel}","templated":true}]}}