{"id":14113,"date":"2026-03-20T11:20:12","date_gmt":"2026-03-20T10:20:12","guid":{"rendered":"https:\/\/x-peptides.com\/?post_type=product&#038;p=14113"},"modified":"2026-03-20T11:24:20","modified_gmt":"2026-03-20T10:24:20","slug":"benfotiamina","status":"publish","type":"product","link":"https:\/\/x-peptides.com\/pl\/produkt\/benfotiamina\/","title":{"rendered":"Benfotiamina"},"content":{"rendered":"<p data-start=\"0\" data-end=\"354\"><strong>Benfotiamina<\/strong> jest rozpuszczaln\u0105 w t\u0142uszczach pochodn\u0105 tiaminy (witaminy B1), cenion\u0105 w warunkach laboratoryjnych za swoj\u0105 stabilno\u015b\u0107 oraz dobrze zdefiniowany profil chemiczny. Jest powszechnie wykorzystywana w badaniach biochemicznych i eksperymentalnych, obejmuj\u0105cych metabolizm energetyczny, procesy kom\u00f3rkowe oraz modele zwi\u0105zane z uk\u0142adem nerwowym.<\/p>\n<p data-start=\"356\" data-end=\"510\">Zwi\u0105zek ten jest badany w kontek\u015bcie interakcji molekularnych oraz szlak\u00f3w biochemicznych zwi\u0105zanych z obszarami bada\u0144 metabolicznych i neurologicznych.<\/p>\n<p data-start=\"512\" data-end=\"563\" data-is-last-node=\"\" data-is-only-node=\"\"><strong>Produkt przeznaczony wy\u0142\u0105cznie do cel\u00f3w badawczych.<\/strong><\/p>\n","protected":false},"excerpt":{"rendered":"<p>Benfotiamina jest rozpuszczaln\u0105 w t\u0142uszczach pochodn\u0105 tiaminy (witaminy B1), cenion\u0105 w warunkach laboratoryjnych za swoj\u0105 stabilno\u015b\u0107 oraz dobrze zdefiniowany profil chemiczny. Jest powszechnie wykorzystywana w badaniach biochemicznych i eksperymentalnych, obejmuj\u0105cych metabolizm energetyczny, procesy kom\u00f3rkowe oraz modele zwi\u0105zane z uk\u0142adem nerwowym. Zwi\u0105zek ten jest badany w kontek\u015bcie interakcji molekularnych oraz szlak\u00f3w biochemicznych zwi\u0105zanych z obszarami bada\u0144&#8230;<\/p>\n","protected":false},"featured_media":14112,"comment_status":"open","ping_status":"closed","template":"","meta":{"_kadence_starter_templates_imported_post":false,"_kad_post_transparent":"default","_kad_post_title":"","_kad_post_layout":"default","_kad_post_sidebar_id":"","_kad_post_content_style":"default","_kad_post_vertical_padding":"default","_kad_post_feature":"","_kad_post_feature_position":"","_kad_post_header":false,"_kad_post_footer":false,"_kad_post_classname":""},"product_brand":[],"product_cat":[89,124,96],"product_tag":[],"class_list":{"0":"post-14113","1":"product","2":"type-product","3":"status-publish","4":"has-post-thumbnail","6":"product_cat-bez-kategorii","7":"product_cat-nootropy","8":"product_cat-regeneracja","10":"first","11":"instock","12":"shipping-taxable","13":"purchasable","14":"product-type-simple","15":"entry","16":"content-bg","17":"loop-entry"},"_links":{"self":[{"href":"https:\/\/x-peptides.com\/pl\/wp-json\/wp\/v2\/product\/14113","targetHints":{"allow":["GET"]}}],"collection":[{"href":"https:\/\/x-peptides.com\/pl\/wp-json\/wp\/v2\/product"}],"about":[{"href":"https:\/\/x-peptides.com\/pl\/wp-json\/wp\/v2\/types\/product"}],"replies":[{"embeddable":true,"href":"https:\/\/x-peptides.com\/pl\/wp-json\/wp\/v2\/comments?post=14113"}],"wp:featuredmedia":[{"embeddable":true,"href":"https:\/\/x-peptides.com\/pl\/wp-json\/wp\/v2\/media\/14112"}],"wp:attachment":[{"href":"https:\/\/x-peptides.com\/pl\/wp-json\/wp\/v2\/media?parent=14113"}],"wp:term":[{"taxonomy":"product_brand","embeddable":true,"href":"https:\/\/x-peptides.com\/pl\/wp-json\/wp\/v2\/product_brand?post=14113"},{"taxonomy":"product_cat","embeddable":true,"href":"https:\/\/x-peptides.com\/pl\/wp-json\/wp\/v2\/product_cat?post=14113"},{"taxonomy":"product_tag","embeddable":true,"href":"https:\/\/x-peptides.com\/pl\/wp-json\/wp\/v2\/product_tag?post=14113"}],"curies":[{"name":"wp","href":"https:\/\/api.w.org\/{rel}","templated":true}]}}