{"id":14086,"date":"2026-03-20T10:57:15","date_gmt":"2026-03-20T09:57:15","guid":{"rendered":"https:\/\/x-peptides.com\/?post_type=product&#038;p=14086"},"modified":"2026-03-20T11:01:20","modified_gmt":"2026-03-20T10:01:20","slug":"prostacare","status":"publish","type":"product","link":"https:\/\/x-peptides.com\/pl\/produkt\/prostacare\/","title":{"rendered":"ProstaCare"},"content":{"rendered":"<section class=\"text-token-text-primary w-full focus:outline-none [--shadow-height:45px] has-data-writing-block:pointer-events-none has-data-writing-block:-mt-(--shadow-height) has-data-writing-block:pt-(--shadow-height) [&amp;:has([data-writing-block])&gt;*]:pointer-events-auto scroll-mt-(--header-height)\" dir=\"auto\" data-turn-id=\"8ba15c2f-1eed-4ef9-9a70-06b02fa1154f\" data-testid=\"conversation-turn-111\" data-scroll-anchor=\"false\" data-turn=\"user\"><\/section>\n<section class=\"text-token-text-primary w-full focus:outline-none [--shadow-height:45px] has-data-writing-block:pointer-events-none has-data-writing-block:-mt-(--shadow-height) has-data-writing-block:pt-(--shadow-height) [&amp;:has([data-writing-block])&gt;*]:pointer-events-auto scroll-mt-[calc(var(--header-height)+min(200px,max(70px,20svh)))]\" dir=\"auto\" data-turn-id=\"request-WEB:e309a644-2b00-48fb-aca9-96e88eb78008-56\" data-testid=\"conversation-turn-112\" data-scroll-anchor=\"false\" data-turn=\"assistant\">\n<div class=\"text-base my-auto mx-auto [--thread-content-margin:var(--thread-content-margin-xs,calc(var(--spacing)*4))] @w-sm\/main:[--thread-content-margin:var(--thread-content-margin-sm,calc(var(--spacing)*6))] @w-lg\/main:[--thread-content-margin:var(--thread-content-margin-lg,calc(var(--spacing)*16))] px-(--thread-content-margin)\">\n<div class=\"[--thread-content-max-width:40rem] @w-lg\/main:[--thread-content-max-width:48rem] mx-auto max-w-(--thread-content-max-width) flex-1 group\/turn-messages focus-visible:outline-hidden relative flex w-full min-w-0 flex-col agent-turn\">\n<div class=\"flex max-w-full flex-col gap-4 grow\">\n<div class=\"min-h-8 text-message relative flex w-full flex-col items-end gap-2 text-start break-words whitespace-normal outline-none keyboard-focused:focus-ring [.text-message+&amp;]:mt-1\" dir=\"auto\" data-message-author-role=\"assistant\" data-message-id=\"e3858b98-b9d0-46b4-881e-11fc16eb37e1\" data-message-model-slug=\"gpt-5-3\">\n<div class=\"flex w-full flex-col gap-1 empty:hidden\">\n<div class=\"markdown prose dark:prose-invert w-full wrap-break-word light markdown-new-styling\">\n<p data-start=\"0\" data-end=\"384\"><strong>ProstaCare<\/strong> to wielosk\u0142adnikowa formu\u0142a badawcza zawieraj\u0105ca po\u0142\u0105czenie zwi\u0105zk\u00f3w pochodzenia ro\u015blinnego oraz wyselekcjonowanych sk\u0142adnik\u00f3w bioaktywnych. Ka\u017cda kapsu\u0142ka zawiera ekstrakt z owoc\u00f3w pomidora (<em data-start=\"203\" data-end=\"225\">Solanum lycopersicum<\/em>) \u2013 200 mg (w tym 20 mg likopenu), palmitoiloetanoloamid (PEA) \u2013 350 mg, pikolinian cynku \u2013 10 mg, apigenin\u0119 \u2013 50 mg oraz selen (L-selenometionina) \u2013 200 \u00b5g.<\/p>\n<p data-start=\"386\" data-end=\"617\">Zwi\u0105zki te s\u0105 badane w kontek\u015bcie szlak\u00f3w biochemicznych, interakcji molekularnych oraz proces\u00f3w kom\u00f3rkowych, w tym w obszarach bada\u0144 zwi\u0105zanych z og\u00f3ln\u0105 fizjologi\u0105 oraz modelami biologicznymi ukierunkowanymi na fizjologi\u0119 m\u0119sk\u0105.<\/p>\n<p data-start=\"619\" data-end=\"670\" data-is-last-node=\"\" data-is-only-node=\"\"><strong>Produkt przeznaczony wy\u0142\u0105cznie do cel\u00f3w badawczych.<\/strong><\/p>\n<\/div>\n<\/div>\n<\/div>\n<\/div>\n<\/div>\n<\/div>\n<\/section>\n","protected":false},"excerpt":{"rendered":"<p>ProstaCare to wielosk\u0142adnikowa formu\u0142a badawcza zawieraj\u0105ca po\u0142\u0105czenie zwi\u0105zk\u00f3w pochodzenia ro\u015blinnego oraz wyselekcjonowanych sk\u0142adnik\u00f3w bioaktywnych. Ka\u017cda kapsu\u0142ka zawiera ekstrakt z owoc\u00f3w pomidora (Solanum lycopersicum) \u2013 200 mg (w tym 20 mg likopenu), palmitoiloetanoloamid (PEA) \u2013 350 mg, pikolinian cynku \u2013 10 mg, apigenin\u0119 \u2013 50 mg oraz selen (L-selenometionina) \u2013 200 \u00b5g. Zwi\u0105zki te s\u0105 badane&#8230;<\/p>\n","protected":false},"featured_media":14085,"comment_status":"open","ping_status":"closed","template":"","meta":{"_kadence_starter_templates_imported_post":false,"_kad_post_transparent":"default","_kad_post_title":"","_kad_post_layout":"default","_kad_post_sidebar_id":"","_kad_post_content_style":"default","_kad_post_vertical_padding":"default","_kad_post_feature":"","_kad_post_feature_position":"","_kad_post_header":false,"_kad_post_footer":false,"_kad_post_classname":""},"product_brand":[],"product_cat":[99,89],"product_tag":[],"class_list":{"0":"post-14086","1":"product","2":"type-product","3":"status-publish","4":"has-post-thumbnail","6":"product_cat-anti-aging","7":"product_cat-bez-kategorii","9":"first","10":"instock","11":"shipping-taxable","12":"purchasable","13":"product-type-simple","14":"entry","15":"content-bg","16":"loop-entry"},"_links":{"self":[{"href":"https:\/\/x-peptides.com\/pl\/wp-json\/wp\/v2\/product\/14086","targetHints":{"allow":["GET"]}}],"collection":[{"href":"https:\/\/x-peptides.com\/pl\/wp-json\/wp\/v2\/product"}],"about":[{"href":"https:\/\/x-peptides.com\/pl\/wp-json\/wp\/v2\/types\/product"}],"replies":[{"embeddable":true,"href":"https:\/\/x-peptides.com\/pl\/wp-json\/wp\/v2\/comments?post=14086"}],"wp:featuredmedia":[{"embeddable":true,"href":"https:\/\/x-peptides.com\/pl\/wp-json\/wp\/v2\/media\/14085"}],"wp:attachment":[{"href":"https:\/\/x-peptides.com\/pl\/wp-json\/wp\/v2\/media?parent=14086"}],"wp:term":[{"taxonomy":"product_brand","embeddable":true,"href":"https:\/\/x-peptides.com\/pl\/wp-json\/wp\/v2\/product_brand?post=14086"},{"taxonomy":"product_cat","embeddable":true,"href":"https:\/\/x-peptides.com\/pl\/wp-json\/wp\/v2\/product_cat?post=14086"},{"taxonomy":"product_tag","embeddable":true,"href":"https:\/\/x-peptides.com\/pl\/wp-json\/wp\/v2\/product_tag?post=14086"}],"curies":[{"name":"wp","href":"https:\/\/api.w.org\/{rel}","templated":true}]}}