{"id":14071,"date":"2026-03-20T10:41:42","date_gmt":"2026-03-20T09:41:42","guid":{"rendered":"https:\/\/x-peptides.com\/?post_type=product&#038;p=14071"},"modified":"2026-03-20T10:47:12","modified_gmt":"2026-03-20T09:47:12","slug":"likopen","status":"publish","type":"product","link":"https:\/\/x-peptides.com\/pl\/produkt\/likopen\/","title":{"rendered":"Likopen"},"content":{"rendered":"<p data-start=\"0\" data-end=\"241\"><strong>Likopen<\/strong> to naturalnie wyst\u0119puj\u0105cy karotenoid obecny w pomidorach (<em data-start=\"66\" data-end=\"88\">Solanum lycopersicum<\/em>). Jest szeroko wykorzystywany w badaniach biochemicznych i laboratoryjnych ze wzgl\u0119du na dobrze poznan\u0105 struktur\u0119 oraz rol\u0119 w procesach oksydacyjnych.<\/p>\n<p data-start=\"243\" data-end=\"365\">Zwi\u0105zek ten jest badany w r\u00f3\u017cnych modelach eksperymentalnych obejmuj\u0105cych mechanizmy kom\u00f3rkowe i interakcje molekularne.<\/p>\n<p data-start=\"367\" data-end=\"418\" data-is-last-node=\"\" data-is-only-node=\"\"><strong>Produkt przeznaczony wy\u0142\u0105cznie do cel\u00f3w badawczych.<\/strong><\/p>\n","protected":false},"excerpt":{"rendered":"<p>Likopen to naturalnie wyst\u0119puj\u0105cy karotenoid obecny w pomidorach (Solanum lycopersicum). Jest szeroko wykorzystywany w badaniach biochemicznych i laboratoryjnych ze wzgl\u0119du na dobrze poznan\u0105 struktur\u0119 oraz rol\u0119 w procesach oksydacyjnych. Zwi\u0105zek ten jest badany w r\u00f3\u017cnych modelach eksperymentalnych obejmuj\u0105cych mechanizmy kom\u00f3rkowe i interakcje molekularne. Produkt przeznaczony wy\u0142\u0105cznie do cel\u00f3w badawczych.<\/p>\n","protected":false},"featured_media":14070,"comment_status":"open","ping_status":"closed","template":"","meta":{"_kadence_starter_templates_imported_post":false,"_kad_post_transparent":"default","_kad_post_title":"","_kad_post_layout":"default","_kad_post_sidebar_id":"","_kad_post_content_style":"default","_kad_post_vertical_padding":"default","_kad_post_feature":"","_kad_post_feature_position":"","_kad_post_header":false,"_kad_post_footer":false,"_kad_post_classname":""},"product_brand":[],"product_cat":[99,89,96],"product_tag":[],"class_list":{"0":"post-14071","1":"product","2":"type-product","3":"status-publish","4":"has-post-thumbnail","6":"product_cat-anti-aging","7":"product_cat-bez-kategorii","8":"product_cat-regeneracja","10":"first","11":"instock","12":"shipping-taxable","13":"purchasable","14":"product-type-simple","15":"entry","16":"content-bg","17":"loop-entry"},"_links":{"self":[{"href":"https:\/\/x-peptides.com\/pl\/wp-json\/wp\/v2\/product\/14071","targetHints":{"allow":["GET"]}}],"collection":[{"href":"https:\/\/x-peptides.com\/pl\/wp-json\/wp\/v2\/product"}],"about":[{"href":"https:\/\/x-peptides.com\/pl\/wp-json\/wp\/v2\/types\/product"}],"replies":[{"embeddable":true,"href":"https:\/\/x-peptides.com\/pl\/wp-json\/wp\/v2\/comments?post=14071"}],"wp:featuredmedia":[{"embeddable":true,"href":"https:\/\/x-peptides.com\/pl\/wp-json\/wp\/v2\/media\/14070"}],"wp:attachment":[{"href":"https:\/\/x-peptides.com\/pl\/wp-json\/wp\/v2\/media?parent=14071"}],"wp:term":[{"taxonomy":"product_brand","embeddable":true,"href":"https:\/\/x-peptides.com\/pl\/wp-json\/wp\/v2\/product_brand?post=14071"},{"taxonomy":"product_cat","embeddable":true,"href":"https:\/\/x-peptides.com\/pl\/wp-json\/wp\/v2\/product_cat?post=14071"},{"taxonomy":"product_tag","embeddable":true,"href":"https:\/\/x-peptides.com\/pl\/wp-json\/wp\/v2\/product_tag?post=14071"}],"curies":[{"name":"wp","href":"https:\/\/api.w.org\/{rel}","templated":true}]}}