{"id":14006,"date":"2026-03-19T09:43:26","date_gmt":"2026-03-19T08:43:26","guid":{"rendered":"https:\/\/x-peptides.com\/?post_type=product&#038;p=14006"},"modified":"2026-03-19T09:47:47","modified_gmt":"2026-03-19T08:47:47","slug":"agmatyna","status":"publish","type":"product","link":"https:\/\/x-peptides.com\/pl\/produkt\/agmatyna\/","title":{"rendered":"Agmatyna"},"content":{"rendered":"<div class=\"flex flex-col text-sm pb-25\">\n<section class=\"text-token-text-primary w-full focus:outline-none [--shadow-height:45px] has-data-writing-block:pointer-events-none has-data-writing-block:-mt-(--shadow-height) has-data-writing-block:pt-(--shadow-height) [&amp;:has([data-writing-block])&gt;*]:pointer-events-auto scroll-mt-[calc(var(--header-height)+min(200px,max(70px,20svh)))]\" dir=\"auto\" data-turn-id=\"request-WEB:e309a644-2b00-48fb-aca9-96e88eb78008-2\" data-testid=\"conversation-turn-6\" data-scroll-anchor=\"true\" data-turn=\"assistant\">\n<div class=\"text-base my-auto mx-auto pb-10 [--thread-content-margin:var(--thread-content-margin-xs,calc(var(--spacing)*4))] @w-sm\/main:[--thread-content-margin:var(--thread-content-margin-sm,calc(var(--spacing)*6))] @w-lg\/main:[--thread-content-margin:var(--thread-content-margin-lg,calc(var(--spacing)*16))] px-(--thread-content-margin)\">\n<div class=\"[--thread-content-max-width:40rem] @w-lg\/main:[--thread-content-max-width:48rem] mx-auto max-w-(--thread-content-max-width) flex-1 group\/turn-messages focus-visible:outline-hidden relative flex w-full min-w-0 flex-col agent-turn\">\n<div class=\"flex max-w-full flex-col gap-4 grow\">\n<div class=\"min-h-8 text-message relative flex w-full flex-col items-end gap-2 text-start break-words whitespace-normal outline-none keyboard-focused:focus-ring [.text-message+&amp;]:mt-1\" dir=\"auto\" tabindex=\"0\" data-message-author-role=\"assistant\" data-message-id=\"3de88249-debf-45c5-843f-eb2a8302bddb\" data-message-model-slug=\"gpt-5-3\" data-turn-start-message=\"true\">\n<div class=\"flex w-full flex-col gap-1 empty:hidden\">\n<div class=\"markdown prose dark:prose-invert w-full wrap-break-word light markdown-new-styling\">\n<p data-start=\"14\" data-end=\"258\"><strong>Agmatyna<\/strong> to naturalnie wyst\u0119puj\u0105cy zwi\u0105zek powstaj\u0105cy w wyniku dekarboksylacji argininy. Jest szeroko badana w biochemii i badaniach molekularnych ze wzgl\u0119du na swoj\u0105 okre\u015blon\u0105 struktur\u0119 chemiczn\u0105 oraz rol\u0119 w r\u00f3\u017cnych uk\u0142adach eksperymentalnych.<\/p>\n<p data-start=\"260\" data-end=\"429\">Analizowana jest w kontek\u015bcie proces\u00f3w kom\u00f3rkowych i interakcji molekularnych, co czyni j\u0105 istotn\u0105 w badaniach nad szlakami biochemicznymi oraz powi\u0105zanymi mechanizmami.<\/p>\n<p data-start=\"431\" data-end=\"482\" data-is-last-node=\"\" data-is-only-node=\"\"><strong>Produkt przeznaczony wy\u0142\u0105cznie do cel\u00f3w badawczych.<\/strong><\/p>\n<\/div>\n<\/div>\n<\/div>\n<\/div>\n<div class=\"z-0 flex min-h-[46px] justify-start\"><\/div>\n<div class=\"mt-3 w-full empty:hidden\">\n<div class=\"text-center\"><\/div>\n<\/div>\n<\/div>\n<\/div>\n<\/section>\n<\/div>\n<div class=\"pointer-events-none h-px w-px absolute bottom-0\" aria-hidden=\"true\" data-edge=\"true\"><\/div>\n","protected":false},"excerpt":{"rendered":"<p>Agmatyna to naturalnie wyst\u0119puj\u0105cy zwi\u0105zek powstaj\u0105cy w wyniku dekarboksylacji argininy. Jest szeroko badana w biochemii i badaniach molekularnych ze wzgl\u0119du na swoj\u0105 okre\u015blon\u0105 struktur\u0119 chemiczn\u0105 oraz rol\u0119 w r\u00f3\u017cnych uk\u0142adach eksperymentalnych. Analizowana jest w kontek\u015bcie proces\u00f3w kom\u00f3rkowych i interakcji molekularnych, co czyni j\u0105 istotn\u0105 w badaniach nad szlakami biochemicznymi oraz powi\u0105zanymi mechanizmami. Produkt przeznaczony wy\u0142\u0105cznie&#8230;<\/p>\n","protected":false},"featured_media":14005,"comment_status":"open","ping_status":"closed","template":"","meta":{"_kadence_starter_templates_imported_post":false,"_kad_post_transparent":"default","_kad_post_title":"","_kad_post_layout":"default","_kad_post_sidebar_id":"","_kad_post_content_style":"default","_kad_post_vertical_padding":"default","_kad_post_feature":"","_kad_post_feature_position":"","_kad_post_header":false,"_kad_post_footer":false,"_kad_post_classname":""},"product_brand":[],"product_cat":[89,124],"product_tag":[],"class_list":{"0":"post-14006","1":"product","2":"type-product","3":"status-publish","4":"has-post-thumbnail","6":"product_cat-bez-kategorii","7":"product_cat-nootropy","9":"first","10":"instock","11":"shipping-taxable","12":"purchasable","13":"product-type-simple","14":"entry","15":"content-bg","16":"loop-entry"},"_links":{"self":[{"href":"https:\/\/x-peptides.com\/pl\/wp-json\/wp\/v2\/product\/14006","targetHints":{"allow":["GET"]}}],"collection":[{"href":"https:\/\/x-peptides.com\/pl\/wp-json\/wp\/v2\/product"}],"about":[{"href":"https:\/\/x-peptides.com\/pl\/wp-json\/wp\/v2\/types\/product"}],"replies":[{"embeddable":true,"href":"https:\/\/x-peptides.com\/pl\/wp-json\/wp\/v2\/comments?post=14006"}],"wp:featuredmedia":[{"embeddable":true,"href":"https:\/\/x-peptides.com\/pl\/wp-json\/wp\/v2\/media\/14005"}],"wp:attachment":[{"href":"https:\/\/x-peptides.com\/pl\/wp-json\/wp\/v2\/media?parent=14006"}],"wp:term":[{"taxonomy":"product_brand","embeddable":true,"href":"https:\/\/x-peptides.com\/pl\/wp-json\/wp\/v2\/product_brand?post=14006"},{"taxonomy":"product_cat","embeddable":true,"href":"https:\/\/x-peptides.com\/pl\/wp-json\/wp\/v2\/product_cat?post=14006"},{"taxonomy":"product_tag","embeddable":true,"href":"https:\/\/x-peptides.com\/pl\/wp-json\/wp\/v2\/product_tag?post=14006"}],"curies":[{"name":"wp","href":"https:\/\/api.w.org\/{rel}","templated":true}]}}