{"id":13838,"date":"2026-03-13T12:46:36","date_gmt":"2026-03-13T11:46:36","guid":{"rendered":"https:\/\/x-peptides.com\/?post_type=product&#038;p=13838"},"modified":"2026-04-17T14:12:41","modified_gmt":"2026-04-17T12:12:41","slug":"tmg-betaina-bezwodna-2","status":"publish","type":"product","link":"https:\/\/x-peptides.com\/pl\/produkt\/tmg-betaina-bezwodna-2\/","title":{"rendered":"TMG (betaina bezwodna)"},"content":{"rendered":"<article class=\"text-token-text-primary w-full focus:outline-none [--shadow-height:45px] has-data-writing-block:pointer-events-none has-data-writing-block:-mt-(--shadow-height) has-data-writing-block:pt-(--shadow-height) [&amp;:has([data-writing-block])&gt;*]:pointer-events-auto scroll-mt-(--header-height)\" dir=\"auto\" tabindex=\"-1\" data-turn-id=\"11f5ad57-a839-48f5-bc05-68c567ea9770\" data-testid=\"conversation-turn-127\" data-scroll-anchor=\"false\" data-turn=\"user\"><\/article>\n<article class=\"text-token-text-primary w-full focus:outline-none [--shadow-height:45px] has-data-writing-block:pointer-events-none has-data-writing-block:-mt-(--shadow-height) has-data-writing-block:pt-(--shadow-height) [&amp;:has([data-writing-block])&gt;*]:pointer-events-auto scroll-mt-[calc(var(--header-height)+min(200px,max(70px,20svh)))]\" dir=\"auto\" tabindex=\"-1\" data-turn-id=\"request-WEB:f0138b7a-753e-401e-bf27-fcf40ca66616-63\" data-testid=\"conversation-turn-128\" data-scroll-anchor=\"false\" data-turn=\"assistant\">\n<div class=\"text-base my-auto mx-auto [--thread-content-margin:var(--thread-content-margin-xs,calc(var(--spacing)*4))] @w-sm\/main:[--thread-content-margin:var(--thread-content-margin-sm,calc(var(--spacing)*6))] @w-lg\/main:[--thread-content-margin:var(--thread-content-margin-lg,calc(var(--spacing)*16))] px-(--thread-content-margin)\">\n<div class=\"[--thread-content-max-width:40rem] @w-lg\/main:[--thread-content-max-width:48rem] mx-auto max-w-(--thread-content-max-width) flex-1 group\/turn-messages focus-visible:outline-hidden relative flex w-full min-w-0 flex-col agent-turn\" tabindex=\"-1\">\n<div class=\"flex max-w-full flex-col gap-4 grow\">\n<div class=\"min-h-8 text-message relative flex w-full flex-col items-end gap-2 text-start break-words whitespace-normal [.text-message+&amp;]:mt-1\" dir=\"auto\" data-message-author-role=\"assistant\" data-message-id=\"120ab04a-9c3f-4d00-ac4b-a98db8bbec76\" data-message-model-slug=\"gpt-5-3\">\n<div class=\"flex w-full flex-col gap-1 empty:hidden\">\n<div class=\"markdown prose dark:prose-invert w-full wrap-break-word light markdown-new-styling\">\n<p data-start=\"0\" data-end=\"554\"><strong data-start=\"0\" data-end=\"26\">TMG (trimetyloglicyna)<\/strong>, znana r\u00f3wnie\u017c jako <strong data-start=\"47\" data-end=\"87\" data-is-only-node=\"\">bezwodna betaina (betaine anhydrous)<\/strong>, jest naturalnie wyst\u0119puj\u0105cym zwi\u0105zkiem pochodz\u0105cym z glicyny, obecnym w r\u00f3\u017cnych ro\u015blinach i mikroorganizmach. Jest szeroko wykorzystywana w badaniach biochemicznych i laboratoryjnych ze wzgl\u0119du na swoj\u0105 rol\u0119 donora grup metylowych w r\u00f3\u017cnych systemach eksperymentalnych. Dzi\u0119ki dobrze poznanej strukturze chemicznej oraz stabilno\u015bci TMG jest cz\u0119sto stosowana w badaniach dotycz\u0105cych szlak\u00f3w metabolicznych, proces\u00f3w metylacji oraz kom\u00f3rkowych reakcji biochemicznych.<\/p>\n<p data-start=\"556\" data-end=\"611\" data-is-last-node=\"\" data-is-only-node=\"\">Produkt przeznaczony wy\u0142\u0105cznie do cel\u00f3w badawczych.<\/p>\n<\/div>\n<\/div>\n<\/div>\n<\/div>\n<\/div>\n<\/div>\n<\/article>\n","protected":false},"excerpt":{"rendered":"<p>TMG (trimetyloglicyna), znana r\u00f3wnie\u017c jako bezwodna betaina (betaine anhydrous), jest naturalnie wyst\u0119puj\u0105cym zwi\u0105zkiem pochodz\u0105cym z glicyny, obecnym w r\u00f3\u017cnych ro\u015blinach i mikroorganizmach. Jest szeroko wykorzystywana w badaniach biochemicznych i laboratoryjnych ze wzgl\u0119du na swoj\u0105 rol\u0119 donora grup metylowych w r\u00f3\u017cnych systemach eksperymentalnych. Dzi\u0119ki dobrze poznanej strukturze chemicznej oraz stabilno\u015bci TMG jest cz\u0119sto stosowana w badaniach&#8230;<\/p>\n","protected":false},"featured_media":13837,"comment_status":"open","ping_status":"closed","template":"","meta":{"_kadence_starter_templates_imported_post":false,"_kad_post_transparent":"default","_kad_post_title":"","_kad_post_layout":"default","_kad_post_sidebar_id":"","_kad_post_content_style":"default","_kad_post_vertical_padding":"default","_kad_post_feature":"","_kad_post_feature_position":"","_kad_post_header":false,"_kad_post_footer":false,"_kad_post_classname":""},"product_brand":[],"product_cat":[104,88,102,101],"product_tag":[],"class_list":{"0":"post-13838","1":"product","2":"type-product","3":"status-publish","4":"has-post-thumbnail","6":"product_cat-anti-aging","7":"product_cat-unkategorisiert","8":"product_cat-gehirn-gedachtnis-konzentration","9":"product_cat-erholung","11":"first","12":"instock","13":"shipping-taxable","14":"purchasable","15":"product-type-simple","16":"entry","17":"content-bg","18":"loop-entry"},"_links":{"self":[{"href":"https:\/\/x-peptides.com\/pl\/wp-json\/wp\/v2\/product\/13838","targetHints":{"allow":["GET"]}}],"collection":[{"href":"https:\/\/x-peptides.com\/pl\/wp-json\/wp\/v2\/product"}],"about":[{"href":"https:\/\/x-peptides.com\/pl\/wp-json\/wp\/v2\/types\/product"}],"replies":[{"embeddable":true,"href":"https:\/\/x-peptides.com\/pl\/wp-json\/wp\/v2\/comments?post=13838"}],"wp:featuredmedia":[{"embeddable":true,"href":"https:\/\/x-peptides.com\/pl\/wp-json\/wp\/v2\/media\/13837"}],"wp:attachment":[{"href":"https:\/\/x-peptides.com\/pl\/wp-json\/wp\/v2\/media?parent=13838"}],"wp:term":[{"taxonomy":"product_brand","embeddable":true,"href":"https:\/\/x-peptides.com\/pl\/wp-json\/wp\/v2\/product_brand?post=13838"},{"taxonomy":"product_cat","embeddable":true,"href":"https:\/\/x-peptides.com\/pl\/wp-json\/wp\/v2\/product_cat?post=13838"},{"taxonomy":"product_tag","embeddable":true,"href":"https:\/\/x-peptides.com\/pl\/wp-json\/wp\/v2\/product_tag?post=13838"}],"curies":[{"name":"wp","href":"https:\/\/api.w.org\/{rel}","templated":true}]}}