{"id":13820,"date":"2026-03-13T12:42:44","date_gmt":"2026-03-13T11:42:44","guid":{"rendered":"https:\/\/x-peptides.com\/?post_type=product&#038;p=13820"},"modified":"2026-03-16T12:31:24","modified_gmt":"2026-03-16T11:31:24","slug":"ekstrakt-z-kory-sosny","status":"publish","type":"product","link":"https:\/\/x-peptides.com\/pl\/produkt\/ekstrakt-z-kory-sosny\/","title":{"rendered":"Ekstrakt z kory sosny"},"content":{"rendered":"<p data-start=\"0\" data-end=\"624\"><strong data-start=\"0\" data-end=\"35\">Ekstrakt z kory sosny (95% OPC)<\/strong> jest ekstraktem pochodzenia ro\u015blinnego otrzymywanym z kory gatunk\u00f3w z rodzaju <em data-start=\"114\" data-end=\"121\" data-is-only-node=\"\">Pinus<\/em>. Jest standaryzowany tak, aby zawiera\u0142 wysokie st\u0119\u017cenie oligomerycznych proantocyjanidyn (OPC), grupy naturalnie wyst\u0119puj\u0105cych zwi\u0105zk\u00f3w polifenolowych szeroko badanych w badaniach biochemicznych oraz w badaniach nad zwi\u0105zkami pochodzenia ro\u015blinnego. Dzi\u0119ki swojej dobrze okre\u015blonej kompozycji oraz wysokiej zawarto\u015bci OPC ekstrakt z kory sosny jest cz\u0119sto wykorzystywany w badaniach laboratoryjnych dotycz\u0105cych polifenoli ro\u015blinnych oraz modeli badawczych zwi\u0105zanych z w\u0142a\u015bciwo\u015bciami antyoksydacyjnymi.<\/p>\n<p data-start=\"626\" data-end=\"681\" data-is-last-node=\"\" data-is-only-node=\"\">Produkt przeznaczony wy\u0142\u0105cznie do cel\u00f3w badawczych.<\/p>\n","protected":false},"excerpt":{"rendered":"<p>Ekstrakt z kory sosny (95% OPC) jest ekstraktem pochodzenia ro\u015blinnego otrzymywanym z kory gatunk\u00f3w z rodzaju Pinus. Jest standaryzowany tak, aby zawiera\u0142 wysokie st\u0119\u017cenie oligomerycznych proantocyjanidyn (OPC), grupy naturalnie wyst\u0119puj\u0105cych zwi\u0105zk\u00f3w polifenolowych szeroko badanych w badaniach biochemicznych oraz w badaniach nad zwi\u0105zkami pochodzenia ro\u015blinnego. Dzi\u0119ki swojej dobrze okre\u015blonej kompozycji oraz wysokiej zawarto\u015bci OPC ekstrakt z&#8230;<\/p>\n","protected":false},"featured_media":13819,"comment_status":"open","ping_status":"closed","template":"","meta":{"_kadence_starter_templates_imported_post":false,"_kad_post_transparent":"default","_kad_post_title":"","_kad_post_layout":"default","_kad_post_sidebar_id":"","_kad_post_content_style":"default","_kad_post_vertical_padding":"default","_kad_post_feature":"","_kad_post_feature_position":"","_kad_post_header":false,"_kad_post_footer":false,"_kad_post_classname":""},"product_brand":[],"product_cat":[99,89,97,136],"product_tag":[],"class_list":{"0":"post-13820","1":"product","2":"type-product","3":"status-publish","4":"has-post-thumbnail","6":"product_cat-anti-aging","7":"product_cat-bez-kategorii","8":"product_cat-mozg-pamiec-i-koncentracja","9":"product_cat-skora-wlosy-paznokcie","11":"first","12":"instock","13":"shipping-taxable","14":"purchasable","15":"product-type-simple","16":"entry","17":"content-bg","18":"loop-entry"},"_links":{"self":[{"href":"https:\/\/x-peptides.com\/pl\/wp-json\/wp\/v2\/product\/13820","targetHints":{"allow":["GET"]}}],"collection":[{"href":"https:\/\/x-peptides.com\/pl\/wp-json\/wp\/v2\/product"}],"about":[{"href":"https:\/\/x-peptides.com\/pl\/wp-json\/wp\/v2\/types\/product"}],"replies":[{"embeddable":true,"href":"https:\/\/x-peptides.com\/pl\/wp-json\/wp\/v2\/comments?post=13820"}],"wp:featuredmedia":[{"embeddable":true,"href":"https:\/\/x-peptides.com\/pl\/wp-json\/wp\/v2\/media\/13819"}],"wp:attachment":[{"href":"https:\/\/x-peptides.com\/pl\/wp-json\/wp\/v2\/media?parent=13820"}],"wp:term":[{"taxonomy":"product_brand","embeddable":true,"href":"https:\/\/x-peptides.com\/pl\/wp-json\/wp\/v2\/product_brand?post=13820"},{"taxonomy":"product_cat","embeddable":true,"href":"https:\/\/x-peptides.com\/pl\/wp-json\/wp\/v2\/product_cat?post=13820"},{"taxonomy":"product_tag","embeddable":true,"href":"https:\/\/x-peptides.com\/pl\/wp-json\/wp\/v2\/product_tag?post=13820"}],"curies":[{"name":"wp","href":"https:\/\/api.w.org\/{rel}","templated":true}]}}