{"id":13796,"date":"2026-03-13T12:23:41","date_gmt":"2026-03-13T11:23:41","guid":{"rendered":"https:\/\/x-peptides.com\/?post_type=product&#038;p=13796"},"modified":"2026-03-16T12:20:00","modified_gmt":"2026-03-16T11:20:00","slug":"berberyna","status":"publish","type":"product","link":"https:\/\/x-peptides.com\/pl\/produkt\/berberyna\/","title":{"rendered":"Berberyna"},"content":{"rendered":"<p data-start=\"0\" data-end=\"497\"><strong data-start=\"0\" data-end=\"13\">Berberyna<\/strong> jest naturalnie wyst\u0119puj\u0105cym alkaloidem obecnym w kilku gatunkach ro\u015blin, w tym w ro\u015blinach z rodzaju <em data-start=\"116\" data-end=\"126\" data-is-only-node=\"\">Berberis<\/em>. Jest szeroko badana w badaniach biochemicznych i laboratoryjnych ze wzgl\u0119du na swoj\u0105 dobrze poznan\u0105 struktur\u0119 chemiczn\u0105 oraz interakcje w r\u00f3\u017cnych systemach eksperymentalnych. Dzi\u0119ki swoim unikalnym w\u0142a\u015bciwo\u015bciom molekularnym berberyna jest cz\u0119sto wykorzystywana w badaniach dotycz\u0105cych szlak\u00f3w metabolicznych, proces\u00f3w kom\u00f3rkowych oraz bioaktywnych zwi\u0105zk\u00f3w ro\u015blinnych.<\/p>\n<p data-start=\"499\" data-end=\"554\" data-is-last-node=\"\" data-is-only-node=\"\">Produkt przeznaczony wy\u0142\u0105cznie do cel\u00f3w badawczych.<\/p>\n","protected":false},"excerpt":{"rendered":"<p>Berberyna jest naturalnie wyst\u0119puj\u0105cym alkaloidem obecnym w kilku gatunkach ro\u015blin, w tym w ro\u015blinach z rodzaju Berberis. Jest szeroko badana w badaniach biochemicznych i laboratoryjnych ze wzgl\u0119du na swoj\u0105 dobrze poznan\u0105 struktur\u0119 chemiczn\u0105 oraz interakcje w r\u00f3\u017cnych systemach eksperymentalnych. Dzi\u0119ki swoim unikalnym w\u0142a\u015bciwo\u015bciom molekularnym berberyna jest cz\u0119sto wykorzystywana w badaniach dotycz\u0105cych szlak\u00f3w metabolicznych, proces\u00f3w kom\u00f3rkowych&#8230;<\/p>\n","protected":false},"featured_media":13795,"comment_status":"open","ping_status":"closed","template":"","meta":{"_kadence_starter_templates_imported_post":false,"_kad_post_transparent":"default","_kad_post_title":"","_kad_post_layout":"default","_kad_post_sidebar_id":"","_kad_post_content_style":"default","_kad_post_vertical_padding":"default","_kad_post_feature":"","_kad_post_feature_position":"","_kad_post_header":false,"_kad_post_footer":false,"_kad_post_classname":""},"product_brand":[],"product_cat":[99,89,97],"product_tag":[],"class_list":{"0":"post-13796","1":"product","2":"type-product","3":"status-publish","4":"has-post-thumbnail","6":"product_cat-anti-aging","7":"product_cat-bez-kategorii","8":"product_cat-mozg-pamiec-i-koncentracja","10":"first","11":"instock","12":"shipping-taxable","13":"purchasable","14":"product-type-simple","15":"entry","16":"content-bg","17":"loop-entry"},"_links":{"self":[{"href":"https:\/\/x-peptides.com\/pl\/wp-json\/wp\/v2\/product\/13796","targetHints":{"allow":["GET"]}}],"collection":[{"href":"https:\/\/x-peptides.com\/pl\/wp-json\/wp\/v2\/product"}],"about":[{"href":"https:\/\/x-peptides.com\/pl\/wp-json\/wp\/v2\/types\/product"}],"replies":[{"embeddable":true,"href":"https:\/\/x-peptides.com\/pl\/wp-json\/wp\/v2\/comments?post=13796"}],"wp:featuredmedia":[{"embeddable":true,"href":"https:\/\/x-peptides.com\/pl\/wp-json\/wp\/v2\/media\/13795"}],"wp:attachment":[{"href":"https:\/\/x-peptides.com\/pl\/wp-json\/wp\/v2\/media?parent=13796"}],"wp:term":[{"taxonomy":"product_brand","embeddable":true,"href":"https:\/\/x-peptides.com\/pl\/wp-json\/wp\/v2\/product_brand?post=13796"},{"taxonomy":"product_cat","embeddable":true,"href":"https:\/\/x-peptides.com\/pl\/wp-json\/wp\/v2\/product_cat?post=13796"},{"taxonomy":"product_tag","embeddable":true,"href":"https:\/\/x-peptides.com\/pl\/wp-json\/wp\/v2\/product_tag?post=13796"}],"curies":[{"name":"wp","href":"https:\/\/api.w.org\/{rel}","templated":true}]}}