{"id":12050,"date":"2024-09-04T10:54:29","date_gmt":"2024-09-04T08:54:29","guid":{"rendered":"https:\/\/x-peptides.com\/produkt\/sem-glp-1-5mg-10mg\/"},"modified":"2026-02-25T10:53:43","modified_gmt":"2026-02-25T09:53:43","slug":"sem-glp-1-5mg-10mg","status":"publish","type":"product","link":"https:\/\/x-peptides.com\/pl\/produkt\/sem-glp-1-5mg-10mg\/","title":{"rendered":"Sem (GLP-1) 5mg\/10mg"},"content":{"rendered":"<p data-start=\"52\" data-end=\"315\"><strong data-start=\"52\" data-end=\"67\">Sem (GLP-1)<\/strong> jest zwi\u0105zkiem badawczym i analogiem naturalnie wyst\u0119puj\u0105cego GLP-1 (glukagonopodobnego peptydu-1), hormonu bior\u0105cego udzia\u0142 w regulacji metabolizmu. W warunkach laboratoryjnych jest on wykorzystywany do badania metabolizmu glukozy, kontroli apetytu i wydzielania insuliny. <\/p>\n<p data-start=\"317\" data-end=\"416\">Sem oddzia\u0142uje z receptorami GLP-1, umo\u017cliwiaj\u0105c szczeg\u00f3\u0142ow\u0105 analiz\u0119 odpowiedzi hormonalnej i metabolicznej.<\/p>\n<p data-start=\"418\" data-end=\"470\"><strong data-start=\"418\" data-end=\"470\">W modelach przedklinicznych zaobserwowano, \u017ce Sem:<\/strong><\/p>\n<ul data-start=\"471\" data-end=\"660\">\n<li data-start=\"471\" data-end=\"506\">\n<p data-start=\"473\" data-end=\"506\">wp\u0142ywaj\u0105 na poziom glukozy we krwi,<\/p>\n<\/li>\n<li data-start=\"507\" data-end=\"552\">\n<p data-start=\"509\" data-end=\"552\">moduluj\u0105 mechanizmy apetytu i syto\u015bci,<\/p>\n<\/li>\n<li data-start=\"553\" data-end=\"595\">\n<p data-start=\"555\" data-end=\"595\">wspiera\u0107 badania nad wydzielaniem insuliny,<\/p>\n<\/li>\n<li data-start=\"596\" data-end=\"660\">\n<p data-start=\"598\" data-end=\"660\">pomagaj\u0105 oceni\u0107 reakcje metaboliczne w kontrolowanych warunkach.<\/p>\n<\/li>\n<\/ul>\n<p data-start=\"662\" data-end=\"1028\"><strong data-start=\"662\" data-end=\"714\">Odczynnik laboratoryjny &#8211; wy\u0142\u0105cznie do cel\u00f3w badawczych.<\/strong><br data-start=\"714\" data-end=\"717\">Ten produkt jest sklasyfikowany jako odczynnik chemiczny wy\u0142\u0105cznie do u\u017cytku badawczego i powinien by\u0107 obs\u0142ugiwany przez wykwalifikowanych specjalist\u00f3w w warunkach laboratoryjnych. Nie jest to suplement diety, lek ani produkt spo\u017cywczy i nie jest przeznaczony do spo\u017cycia przez ludzi. Wszystkie podane informacje s\u0142u\u017c\u0105 wy\u0142\u0105cznie celom edukacyjnym.  <\/p>\n","protected":false},"excerpt":{"rendered":"<p>Sem (GLP-1) jest zwi\u0105zkiem badawczym i analogiem naturalnie wyst\u0119puj\u0105cego GLP-1 (glukagonopodobnego peptydu-1), hormonu bior\u0105cego udzia\u0142 w regulacji metabolizmu. W warunkach laboratoryjnych jest on wykorzystywany do badania metabolizmu glukozy, kontroli apetytu i wydzielania insuliny. Sem oddzia\u0142uje z receptorami GLP-1, umo\u017cliwiaj\u0105c szczeg\u00f3\u0142ow\u0105 analiz\u0119 odpowiedzi hormonalnej i metabolicznej. W modelach przedklinicznych zaobserwowano, \u017ce Sem: wp\u0142ywaj\u0105 na poziom glukozy&#8230;<\/p>\n","protected":false},"featured_media":12057,"comment_status":"open","ping_status":"closed","template":"","meta":{"_kadence_starter_templates_imported_post":false,"_kad_post_transparent":"","_kad_post_title":"","_kad_post_layout":"","_kad_post_sidebar_id":"","_kad_post_content_style":"","_kad_post_vertical_padding":"","_kad_post_feature":"","_kad_post_feature_position":"","_kad_post_header":false,"_kad_post_footer":false,"_kad_post_classname":""},"product_brand":[],"product_cat":[89,119,117,141],"product_tag":[],"class_list":{"0":"post-12050","1":"product","2":"type-product","3":"status-publish","4":"has-post-thumbnail","6":"product_cat-bez-kategorii","7":"product_cat-fiolki","8":"product_cat-peptydy","9":"product_cat-utrata-masy-ciala","11":"first","12":"instock","13":"sale","14":"featured","15":"shipping-taxable","16":"purchasable","17":"product-type-variable","18":"has-default-attributes","19":"entry","20":"content-bg","21":"loop-entry"},"_links":{"self":[{"href":"https:\/\/x-peptides.com\/pl\/wp-json\/wp\/v2\/product\/12050","targetHints":{"allow":["GET"]}}],"collection":[{"href":"https:\/\/x-peptides.com\/pl\/wp-json\/wp\/v2\/product"}],"about":[{"href":"https:\/\/x-peptides.com\/pl\/wp-json\/wp\/v2\/types\/product"}],"replies":[{"embeddable":true,"href":"https:\/\/x-peptides.com\/pl\/wp-json\/wp\/v2\/comments?post=12050"}],"wp:featuredmedia":[{"embeddable":true,"href":"https:\/\/x-peptides.com\/pl\/wp-json\/wp\/v2\/media\/12057"}],"wp:attachment":[{"href":"https:\/\/x-peptides.com\/pl\/wp-json\/wp\/v2\/media?parent=12050"}],"wp:term":[{"taxonomy":"product_brand","embeddable":true,"href":"https:\/\/x-peptides.com\/pl\/wp-json\/wp\/v2\/product_brand?post=12050"},{"taxonomy":"product_cat","embeddable":true,"href":"https:\/\/x-peptides.com\/pl\/wp-json\/wp\/v2\/product_cat?post=12050"},{"taxonomy":"product_tag","embeddable":true,"href":"https:\/\/x-peptides.com\/pl\/wp-json\/wp\/v2\/product_tag?post=12050"}],"curies":[{"name":"wp","href":"https:\/\/api.w.org\/{rel}","templated":true}]}}