{"id":11957,"date":"2024-07-01T19:39:51","date_gmt":"2024-07-01T17:39:51","guid":{"rendered":"https:\/\/x-peptides.com\/produkt\/pqq-pirolochinolinochinon-koenzym-q10-ubichinon\/"},"modified":"2026-04-17T14:05:56","modified_gmt":"2026-04-17T12:05:56","slug":"pqq-pirolochinolinochinon-koenzym-q10-ubichinon","status":"publish","type":"product","link":"https:\/\/x-peptides.com\/pl\/produkt\/pqq-pirolochinolinochinon-koenzym-q10-ubichinon\/","title":{"rendered":"PQQ (pirolochinolinochinon) + koenzym Q10 ubichinon"},"content":{"rendered":"<p data-start=\"42\" data-end=\"318\"><strong data-start=\"42\" data-end=\"205\">PQQ + Q10 <\/strong>zosta\u0142 opracowany, aby wspiera\u0107 zdrowie mitochondri\u00f3w, zwi\u0119ksza\u0107 produkcj\u0119 energii kom\u00f3rkowej i promowa\u0107 og\u00f3lne samopoczucie sercowo-naczyniowe i neurologiczne. Po\u0142\u0105czenie PQQ i koenzymu Q10 zapewnia efekt synergii, kt\u00f3ry zwi\u0119ksza ich indywidualne korzy\u015bci.<\/p>\n<p data-start=\"320\" data-end=\"855\">Formu\u0142a ta wspiera funkcje mitochondri\u00f3w, zwi\u0119ksza produkcj\u0119 ATP i pomaga chroni\u0107 kom\u00f3rki przed stresem oksydacyjnym. <strong data-start=\"439\" data-end=\"488\">PQQ promuje tworzenie nowych mitochondri\u00f3w<\/strong>, poprawiaj\u0105c wydajno\u015b\u0107 energetyczn\u0105, podczas gdy <strong data-start=\"525\" data-end=\"581\">CoQ10 odgrywa kluczow\u0105 rol\u0119 w produkcji energii kom\u00f3rkowej<\/strong> i wspiera zdrowie serca i uk\u0142adu kr\u0105\u017cenia. Oba zwi\u0105zki dzia\u0142aj\u0105 jako silne przeciwutleniacze, pomagaj\u0105c spowolni\u0107 procesy starzenia i chroni\u0105c kom\u00f3rki przed uszkodzeniem.<br data-start=\"736\" data-end=\"739\" \/>Dodatkowo, <strong data-start=\"753\" data-end=\"787\" data-is-only-node=\"\">PQQ mo\u017ce wspiera\u0107 funkcjonowanie m\u00f3zgu<\/strong>, przyczyniaj\u0105c si\u0119 do poprawy pami\u0119ci, koncentracji i wydajno\u015bci poznawczej.<\/p>\n<p data-start=\"857\" data-end=\"1087\" data-is-last-node=\"\" data-is-only-node=\"\"><strong data-start=\"857\" data-end=\"888\">Wy\u0142\u0105cznie do cel\u00f3w badawczych.<\/strong><br data-start=\"888\" data-end=\"891\" \/>Ten produkt jest sklasyfikowany jako odczynnik chemiczny do u\u017cytku laboratoryjnego przez wykwalifikowanych specjalist\u00f3w. Nie jest suplementem diety, lekiem ani produktem spo\u017cywczym i nie jest przeznaczony do spo\u017cycia przez ludzi.<\/p>\n","protected":false},"excerpt":{"rendered":"<p>PQQ + Q10 zosta\u0142 opracowany, aby wspiera\u0107 zdrowie mitochondri\u00f3w, zwi\u0119ksza\u0107 produkcj\u0119 energii kom\u00f3rkowej i promowa\u0107 og\u00f3lne samopoczucie sercowo-naczyniowe i neurologiczne. Po\u0142\u0105czenie PQQ i koenzymu Q10 zapewnia efekt synergii, kt\u00f3ry zwi\u0119ksza ich indywidualne korzy\u015bci. Formu\u0142a ta wspiera funkcje mitochondri\u00f3w, zwi\u0119ksza produkcj\u0119 ATP i pomaga chroni\u0107 kom\u00f3rki przed stresem oksydacyjnym. PQQ promuje tworzenie nowych mitochondri\u00f3w, poprawiaj\u0105c wydajno\u015b\u0107&#8230;<\/p>\n","protected":false},"featured_media":11959,"comment_status":"open","ping_status":"closed","template":"","meta":{"_kadence_starter_templates_imported_post":false,"_kad_post_transparent":"default","_kad_post_title":"","_kad_post_layout":"default","_kad_post_sidebar_id":"","_kad_post_content_style":"default","_kad_post_vertical_padding":"default","_kad_post_feature":"","_kad_post_feature_position":"","_kad_post_header":false,"_kad_post_footer":false,"_kad_post_classname":""},"product_brand":[],"product_cat":[99,89,95],"product_tag":[],"class_list":{"0":"post-11957","1":"product","2":"type-product","3":"status-publish","4":"has-post-thumbnail","6":"product_cat-anti-aging","7":"product_cat-bez-kategorii","8":"product_cat-suplementy","10":"first","11":"instock","12":"featured","13":"shipping-taxable","14":"purchasable","15":"product-type-variable","16":"has-default-attributes","17":"entry","18":"content-bg","19":"loop-entry"},"_links":{"self":[{"href":"https:\/\/x-peptides.com\/pl\/wp-json\/wp\/v2\/product\/11957","targetHints":{"allow":["GET"]}}],"collection":[{"href":"https:\/\/x-peptides.com\/pl\/wp-json\/wp\/v2\/product"}],"about":[{"href":"https:\/\/x-peptides.com\/pl\/wp-json\/wp\/v2\/types\/product"}],"replies":[{"embeddable":true,"href":"https:\/\/x-peptides.com\/pl\/wp-json\/wp\/v2\/comments?post=11957"}],"wp:featuredmedia":[{"embeddable":true,"href":"https:\/\/x-peptides.com\/pl\/wp-json\/wp\/v2\/media\/11959"}],"wp:attachment":[{"href":"https:\/\/x-peptides.com\/pl\/wp-json\/wp\/v2\/media?parent=11957"}],"wp:term":[{"taxonomy":"product_brand","embeddable":true,"href":"https:\/\/x-peptides.com\/pl\/wp-json\/wp\/v2\/product_brand?post=11957"},{"taxonomy":"product_cat","embeddable":true,"href":"https:\/\/x-peptides.com\/pl\/wp-json\/wp\/v2\/product_cat?post=11957"},{"taxonomy":"product_tag","embeddable":true,"href":"https:\/\/x-peptides.com\/pl\/wp-json\/wp\/v2\/product_tag?post=11957"}],"curies":[{"name":"wp","href":"https:\/\/api.w.org\/{rel}","templated":true}]}}