{"id":11882,"date":"2024-06-11T11:29:31","date_gmt":"2024-06-11T09:29:31","guid":{"rendered":"https:\/\/x-peptides.com\/produkt\/apigenina-w-proszku\/"},"modified":"2026-04-01T13:46:52","modified_gmt":"2026-04-01T11:46:52","slug":"apigenina-w-proszku","status":"publish","type":"product","link":"https:\/\/x-peptides.com\/pl\/produkt\/apigenina-w-proszku\/","title":{"rendered":"Apigenina w proszku"},"content":{"rendered":"<p data-start=\"78\" data-end=\"126\"><strong data-start=\"82\" data-end=\"126\">Apigenina &#8211; naturalne wsparcie dla organizmu<\/strong><\/p>\n<p data-start=\"128\" data-end=\"381\">Apigenina to naturalny flawonoid wyst\u0119puj\u0105cy w pietruszce, selerze i rumianku, znany z szerokiego zakresu korzy\u015bci zdrowotnych. Wspomaga uk\u0142ad nerwowy, odporno\u015bciowy i sercowo-naczyniowy, oferuj\u0105c jednocze\u015bnie silne dzia\u0142anie przeciwutleniaj\u0105ce i przeciwzapalne.<\/p>\n<p data-start=\"383\" data-end=\"403\"><strong data-start=\"387\" data-end=\"403\">Kluczowe korzy\u015bci<\/strong><\/p>\n<p data-start=\"405\" data-end=\"875\">\u2714 <strong data-start=\"407\" data-end=\"436\">Neutralizuje wolne rodniki<\/strong> &#8211; chroni kom\u00f3rki przed stresem oksydacyjnym.<br data-start=\"476\" data-end=\"479\" \/>\u2714 <strong data-start=\"481\" data-end=\"505\">Zmniejsza stan zapalny<\/strong> &#8211; wspiera organizm w radzeniu sobie z przewlek\u0142ymi schorzeniami.<br data-start=\"557\" data-end=\"560\" \/>\u2714 <strong data-start=\"562\" data-end=\"589\">Wspomaga prac\u0119 m\u00f3zgu<\/strong> &#8211; mo\u017ce poprawi\u0107 pami\u0119\u0107 i zmniejszy\u0107 niepok\u00f3j.<br data-start=\"630\" data-end=\"633\" \/>\u2714 <strong data-start=\"635\" data-end=\"651\">Zdrowie serca<\/strong> &#8211; pomaga regulowa\u0107 ci\u015bnienie krwi i poziom cholesterolu.<br data-start=\"707\" data-end=\"710\" \/>\u2714 <strong data-start=\"712\" data-end=\"747\">Potencjalne w\u0142a\u015bciwo\u015bci przeciwnowotworowe<\/strong> &#8211; mo\u017ce hamowa\u0107 wzrost nieprawid\u0142owych kom\u00f3rek.<br data-start=\"791\" data-end=\"794\" \/>\u2714 <strong data-start=\"796\" data-end=\"823\">Poprawia kondycj\u0119 sk\u00f3ry<\/strong> &#8211; wspomaga regeneracj\u0119 i chroni przed starzeniem.<\/p>\n","protected":false},"excerpt":{"rendered":"<p>Apigenina &#8211; naturalne wsparcie dla organizmu Apigenina to naturalny flawonoid wyst\u0119puj\u0105cy w pietruszce, selerze i rumianku, znany z szerokiego zakresu korzy\u015bci zdrowotnych. Wspomaga uk\u0142ad nerwowy, odporno\u015bciowy i sercowo-naczyniowy, oferuj\u0105c jednocze\u015bnie silne dzia\u0142anie przeciwutleniaj\u0105ce i przeciwzapalne. Kluczowe korzy\u015bci \u2714 Neutralizuje wolne rodniki &#8211; chroni kom\u00f3rki przed stresem oksydacyjnym.\u2714 Zmniejsza stan zapalny &#8211; wspiera organizm w radzeniu&#8230;<\/p>\n","protected":false},"featured_media":11885,"comment_status":"open","ping_status":"closed","template":"","meta":{"_kadence_starter_templates_imported_post":false,"_kad_post_transparent":"default","_kad_post_title":"","_kad_post_layout":"default","_kad_post_sidebar_id":"","_kad_post_content_style":"default","_kad_post_vertical_padding":"default","_kad_post_feature":"","_kad_post_feature_position":"","_kad_post_header":false,"_kad_post_footer":false,"_kad_post_classname":""},"product_brand":[],"product_cat":[99,89,98,95],"product_tag":[],"class_list":{"0":"post-11882","1":"product","2":"type-product","3":"status-publish","4":"has-post-thumbnail","6":"product_cat-anti-aging","7":"product_cat-bez-kategorii","8":"product_cat-sen-i-relaks","9":"product_cat-suplementy","11":"first","12":"instock","13":"featured","14":"shipping-taxable","15":"purchasable","16":"product-type-variable","17":"has-default-attributes","18":"entry","19":"content-bg","20":"loop-entry"},"_links":{"self":[{"href":"https:\/\/x-peptides.com\/pl\/wp-json\/wp\/v2\/product\/11882","targetHints":{"allow":["GET"]}}],"collection":[{"href":"https:\/\/x-peptides.com\/pl\/wp-json\/wp\/v2\/product"}],"about":[{"href":"https:\/\/x-peptides.com\/pl\/wp-json\/wp\/v2\/types\/product"}],"replies":[{"embeddable":true,"href":"https:\/\/x-peptides.com\/pl\/wp-json\/wp\/v2\/comments?post=11882"}],"wp:featuredmedia":[{"embeddable":true,"href":"https:\/\/x-peptides.com\/pl\/wp-json\/wp\/v2\/media\/11885"}],"wp:attachment":[{"href":"https:\/\/x-peptides.com\/pl\/wp-json\/wp\/v2\/media?parent=11882"}],"wp:term":[{"taxonomy":"product_brand","embeddable":true,"href":"https:\/\/x-peptides.com\/pl\/wp-json\/wp\/v2\/product_brand?post=11882"},{"taxonomy":"product_cat","embeddable":true,"href":"https:\/\/x-peptides.com\/pl\/wp-json\/wp\/v2\/product_cat?post=11882"},{"taxonomy":"product_tag","embeddable":true,"href":"https:\/\/x-peptides.com\/pl\/wp-json\/wp\/v2\/product_tag?post=11882"}],"curies":[{"name":"wp","href":"https:\/\/api.w.org\/{rel}","templated":true}]}}