{"id":11829,"date":"2024-05-16T13:10:18","date_gmt":"2024-05-16T11:10:18","guid":{"rendered":"https:\/\/x-peptides.com\/produkt\/spermidyna-10-mg\/"},"modified":"2026-04-17T14:10:57","modified_gmt":"2026-04-17T12:10:57","slug":"spermidyna-10-mg","status":"publish","type":"product","link":"https:\/\/x-peptides.com\/pl\/produkt\/spermidyna-10-mg\/","title":{"rendered":"Spermidyna 10 mg"},"content":{"rendered":"<div class=\"mpof_ki myre_zn myre_8v_l m389_6m_l\">\n<div class=\"mp4t_16_s mryx_16_s mr3m_1 mli2_1 mh85_56 mh85_0_l\">\n<div class=\"mgn2_16 _0d3bd_am0a-\">\n<p data-start=\"67\" data-end=\"118\"><strong data-start=\"71\" data-end=\"118\">Spermidyna &#8211; naturalne wsparcie dla kom\u00f3rek<\/strong><\/p>\n<p data-start=\"120\" data-end=\"352\">Spermidyna jest naturalnie wyst\u0119puj\u0105c\u0105 poliamin\u0105 znan\u0105 ze swojej kluczowej roli w autofagii &#8211; procesie odnowy i odm\u0142adzania kom\u00f3rek. Badania sugeruj\u0105, \u017ce mo\u017ce ona pozytywnie wp\u0142ywa\u0107 na d\u0142ugo\u015b\u0107 \u017cycia, zdrowie serca i funkcje poznawcze.<\/p>\n<p data-start=\"354\" data-end=\"374\"><strong data-start=\"358\" data-end=\"374\">Kluczowe korzy\u015bci<\/strong><\/p>\n<p data-start=\"376\" data-end=\"876\"><strong data-start=\"378\" data-end=\"407\">\u2714 Wspomaga odnow\u0119 kom\u00f3rkow\u0105<\/strong> &#8211; stymuluje autofagi\u0119, pomagaj\u0105c usun\u0105\u0107 uszkodzone kom\u00f3rki.<br data-start=\"461\" data-end=\"464\" \/>\u2714 <strong data-start=\"466\" data-end=\"491\">Mo\u017ce promowa\u0107 d\u0142ugowieczno\u015b\u0107<\/strong> &#8211; przyczynia si\u0119 do zmniejszenia zwi\u0105zanego z wiekiem spadku.<br data-start=\"538\" data-end=\"541\" \/>\u2714 <strong data-start=\"543\" data-end=\"578\">Zdrowie serca i uk\u0142adu kr\u0105\u017cenia<\/strong> &#8211; mo\u017ce pom\u00f3c obni\u017cy\u0107 ci\u015bnienie krwi.<br data-start=\"611\" data-end=\"614\" \/>\u2714 <strong data-start=\"616\" data-end=\"658\" data-is-only-node=\"\">Wsparcie poznawcze i ochrona m\u00f3zgu<\/strong> &#8211; potencjalne korzy\u015bci dla pami\u0119ci i funkcji neuron\u00f3w.<br data-start=\"713\" data-end=\"716\" \/>\u2714 <strong data-start=\"718\" data-end=\"742\">Regulacja metaboliczna<\/strong> &#8211; mo\u017ce wspiera\u0107 kontrol\u0119 wagi i r\u00f3wnowag\u0119 energetyczn\u0105.<br data-start=\"794\" data-end=\"797\" \/>\u2714 <strong data-start=\"799\" data-end=\"828\">Dzia\u0142anie przeciwzapalne<\/strong> &#8211; pomaga chroni\u0107 organizm przed stresem oksydacyjnym.<\/p>\n<p data-start=\"878\" data-end=\"909\"><strong data-start=\"878\" data-end=\"909\">Wy\u0142\u0105cznie do cel\u00f3w badawczych.<\/strong><\/p>\n<\/div>\n<\/div>\n<\/div>\n","protected":false},"excerpt":{"rendered":"<p>Spermidyna &#8211; naturalne wsparcie dla kom\u00f3rek Spermidyna jest naturalnie wyst\u0119puj\u0105c\u0105 poliamin\u0105 znan\u0105 ze swojej kluczowej roli w autofagii &#8211; procesie odnowy i odm\u0142adzania kom\u00f3rek. Badania sugeruj\u0105, \u017ce mo\u017ce ona pozytywnie wp\u0142ywa\u0107 na d\u0142ugo\u015b\u0107 \u017cycia, zdrowie serca i funkcje poznawcze. Kluczowe korzy\u015bci \u2714 Wspomaga odnow\u0119 kom\u00f3rkow\u0105 &#8211; stymuluje autofagi\u0119, pomagaj\u0105c usun\u0105\u0107 uszkodzone kom\u00f3rki.\u2714 Mo\u017ce promowa\u0107 d\u0142ugowieczno\u015b\u0107&#8230;<\/p>\n","protected":false},"featured_media":11831,"comment_status":"open","ping_status":"closed","template":"","meta":{"_kadence_starter_templates_imported_post":false,"_kad_post_transparent":"default","_kad_post_title":"","_kad_post_layout":"default","_kad_post_sidebar_id":"","_kad_post_content_style":"default","_kad_post_vertical_padding":"default","_kad_post_feature":"","_kad_post_feature_position":"","_kad_post_header":false,"_kad_post_footer":false,"_kad_post_classname":""},"product_brand":[],"product_cat":[99,89,95],"product_tag":[],"class_list":{"0":"post-11829","1":"product","2":"type-product","3":"status-publish","4":"has-post-thumbnail","6":"product_cat-anti-aging","7":"product_cat-bez-kategorii","8":"product_cat-suplementy","10":"first","11":"instock","12":"featured","13":"shipping-taxable","14":"purchasable","15":"product-type-variable","16":"has-default-attributes","17":"entry","18":"content-bg","19":"loop-entry"},"_links":{"self":[{"href":"https:\/\/x-peptides.com\/pl\/wp-json\/wp\/v2\/product\/11829","targetHints":{"allow":["GET"]}}],"collection":[{"href":"https:\/\/x-peptides.com\/pl\/wp-json\/wp\/v2\/product"}],"about":[{"href":"https:\/\/x-peptides.com\/pl\/wp-json\/wp\/v2\/types\/product"}],"replies":[{"embeddable":true,"href":"https:\/\/x-peptides.com\/pl\/wp-json\/wp\/v2\/comments?post=11829"}],"wp:featuredmedia":[{"embeddable":true,"href":"https:\/\/x-peptides.com\/pl\/wp-json\/wp\/v2\/media\/11831"}],"wp:attachment":[{"href":"https:\/\/x-peptides.com\/pl\/wp-json\/wp\/v2\/media?parent=11829"}],"wp:term":[{"taxonomy":"product_brand","embeddable":true,"href":"https:\/\/x-peptides.com\/pl\/wp-json\/wp\/v2\/product_brand?post=11829"},{"taxonomy":"product_cat","embeddable":true,"href":"https:\/\/x-peptides.com\/pl\/wp-json\/wp\/v2\/product_cat?post=11829"},{"taxonomy":"product_tag","embeddable":true,"href":"https:\/\/x-peptides.com\/pl\/wp-json\/wp\/v2\/product_tag?post=11829"}],"curies":[{"name":"wp","href":"https:\/\/api.w.org\/{rel}","templated":true}]}}