{"id":11765,"date":"2024-05-15T17:21:42","date_gmt":"2024-05-15T15:21:42","guid":{"rendered":"https:\/\/x-peptides.com\/produkt\/fisetin-powder\/"},"modified":"2026-04-17T13:46:20","modified_gmt":"2026-04-17T11:46:20","slug":"fisetin-powder","status":"publish","type":"product","link":"https:\/\/x-peptides.com\/pl\/produkt\/fisetin-powder\/","title":{"rendered":"Fisetin Powder"},"content":{"rendered":"<div class=\"mpof_ki myre_zn myre_8v_l m389_6m_l\">\n<div class=\"mp4t_16_s mryx_16_s mr3m_1 mli2_1 mh85_56 mh85_0_l\">\n<div class=\"mgn2_16 _0d3bd_am0a-\">\n<p data-start=\"85\" data-end=\"140\"><strong data-start=\"89\" data-end=\"140\">Fisetyna &#8211; naturalny \u015brodek senolityczny dla zdrowych kom\u00f3rek<\/strong><\/p>\n<p data-start=\"142\" data-end=\"326\">Fisetyna jest jednym z najsilniejszych naturalnych senolityk\u00f3w, pomagaj\u0105c organizmowi usun\u0105\u0107 stare i uszkodzone kom\u00f3rki (tzw. kom\u00f3rki starzej\u0105ce si\u0119), kt\u00f3re mog\u0105 przyczynia\u0107 si\u0119 do stan\u00f3w zapalnych i proces\u00f3w starzenia.<\/p>\n<p data-start=\"328\" data-end=\"348\"><strong data-start=\"332\" data-end=\"348\">Kluczowe korzy\u015bci<\/strong><\/p>\n<p data-start=\"350\" data-end=\"743\"><strong data-start=\"352\" data-end=\"381\">\u2714 Wspomaga odnow\u0119 kom\u00f3rkow\u0105<\/strong> &#8211; usuwa starzej\u0105ce si\u0119 kom\u00f3rki, robi\u0105c miejsce dla zdrowych.<br data-start=\"437\" data-end=\"440\" \/>\u2714 <strong data-start=\"442\" data-end=\"463\">Wspomaga d\u0142ugowieczno\u015b\u0107<\/strong> &#8211; badania sugeruj\u0105, \u017ce mo\u017ce spowalnia\u0107 starzenie i poprawia\u0107 og\u00f3lne funkcje fizjologiczne.<br data-start=\"545\" data-end=\"548\" \/>\u2714 <strong data-start=\"550\" data-end=\"582\">Zmniejsza przewlek\u0142e stany zapalne<\/strong> &#8211; chroni tkanki przed szkodliwym dzia\u0142aniem kom\u00f3rek &#8222;zombie&#8221;.<br data-start=\"645\" data-end=\"648\" \/>\u2714 <strong data-start=\"650\" data-end=\"676\" data-is-only-node=\"\">Bezpieczny dla zdrowych kom\u00f3rek<\/strong> &#8211; dzia\u0142a selektywnie, celuj\u0105c tylko w uszkodzone lub dysfunkcyjne kom\u00f3rki.<\/p>\n<p data-start=\"745\" data-end=\"776\"><strong data-start=\"745\" data-end=\"776\">Wy\u0142\u0105cznie do cel\u00f3w badawczych.<\/strong><\/p>\n<\/div>\n<\/div>\n<\/div>\n","protected":false},"excerpt":{"rendered":"<p>Fisetyna &#8211; naturalny \u015brodek senolityczny dla zdrowych kom\u00f3rek Fisetyna jest jednym z najsilniejszych naturalnych senolityk\u00f3w, pomagaj\u0105c organizmowi usun\u0105\u0107 stare i uszkodzone kom\u00f3rki (tzw. kom\u00f3rki starzej\u0105ce si\u0119), kt\u00f3re mog\u0105 przyczynia\u0107 si\u0119 do stan\u00f3w zapalnych i proces\u00f3w starzenia. Kluczowe korzy\u015bci \u2714 Wspomaga odnow\u0119 kom\u00f3rkow\u0105 &#8211; usuwa starzej\u0105ce si\u0119 kom\u00f3rki, robi\u0105c miejsce dla zdrowych.\u2714 Wspomaga d\u0142ugowieczno\u015b\u0107 &#8211; badania&#8230;<\/p>\n","protected":false},"featured_media":11766,"comment_status":"open","ping_status":"closed","template":"","meta":{"_kadence_starter_templates_imported_post":false,"_kad_post_transparent":"default","_kad_post_title":"","_kad_post_layout":"default","_kad_post_sidebar_id":"","_kad_post_content_style":"default","_kad_post_vertical_padding":"default","_kad_post_feature":"","_kad_post_feature_position":"","_kad_post_header":false,"_kad_post_footer":false,"_kad_post_classname":""},"product_brand":[],"product_cat":[99,89,95],"product_tag":[],"class_list":{"0":"post-11765","1":"product","2":"type-product","3":"status-publish","4":"has-post-thumbnail","6":"product_cat-anti-aging","7":"product_cat-bez-kategorii","8":"product_cat-suplementy","10":"first","11":"instock","12":"featured","13":"shipping-taxable","14":"purchasable","15":"product-type-variable","16":"has-default-attributes","17":"entry","18":"content-bg","19":"loop-entry"},"_links":{"self":[{"href":"https:\/\/x-peptides.com\/pl\/wp-json\/wp\/v2\/product\/11765","targetHints":{"allow":["GET"]}}],"collection":[{"href":"https:\/\/x-peptides.com\/pl\/wp-json\/wp\/v2\/product"}],"about":[{"href":"https:\/\/x-peptides.com\/pl\/wp-json\/wp\/v2\/types\/product"}],"replies":[{"embeddable":true,"href":"https:\/\/x-peptides.com\/pl\/wp-json\/wp\/v2\/comments?post=11765"}],"wp:featuredmedia":[{"embeddable":true,"href":"https:\/\/x-peptides.com\/pl\/wp-json\/wp\/v2\/media\/11766"}],"wp:attachment":[{"href":"https:\/\/x-peptides.com\/pl\/wp-json\/wp\/v2\/media?parent=11765"}],"wp:term":[{"taxonomy":"product_brand","embeddable":true,"href":"https:\/\/x-peptides.com\/pl\/wp-json\/wp\/v2\/product_brand?post=11765"},{"taxonomy":"product_cat","embeddable":true,"href":"https:\/\/x-peptides.com\/pl\/wp-json\/wp\/v2\/product_cat?post=11765"},{"taxonomy":"product_tag","embeddable":true,"href":"https:\/\/x-peptides.com\/pl\/wp-json\/wp\/v2\/product_tag?post=11765"}],"curies":[{"name":"wp","href":"https:\/\/api.w.org\/{rel}","templated":true}]}}