{"id":11674,"date":"2024-05-09T20:25:29","date_gmt":"2024-05-09T18:25:29","guid":{"rendered":"https:\/\/x-peptides.com\/produkt\/nac-glutation-nacet-silniejszy-niz-nac\/"},"modified":"2024-05-09T20:25:29","modified_gmt":"2024-05-09T18:25:29","slug":"nac-glutation-nacet-silniejszy-niz-nac","status":"publish","type":"product","link":"https:\/\/x-peptides.com\/pl\/produkt\/nac-glutation-nacet-silniejszy-niz-nac\/","title":{"rendered":"NAC + Glutation &#8211; NACET silniejszy ni\u017c NAC"},"content":{"rendered":"<p data-start=\"82\" data-end=\"142\"><strong data-start=\"86\" data-end=\"142\">Rewolucyjne po\u0142\u0105czenie glutationu i NACET<\/strong><\/p>\n<p data-start=\"144\" data-end=\"660\">Po\u0142\u0105czenie glutationu i NACET (etylowanej formy N-acetylocysteiny) wyr\u00f3\u017cnia si\u0119 silnym dzia\u0142aniem przeciwutleniaj\u0105cym. Glutation odgrywa kluczow\u0105 rol\u0119 w neutralizowaniu wolnych rodnik\u00f3w i ochronie kom\u00f3rek, podczas gdy NACET zwi\u0119ksza jego biodost\u0119pno\u015b\u0107 i wspiera naturaln\u0105 produkcj\u0119 w organizmie. Oba zwi\u0105zki s\u0105 niezb\u0119dne w procesach detoksykacji w\u0105troby i mog\u0105 wspiera\u0107 zdrowe funkcjonowanie p\u0142uc i uk\u0142adu odporno\u015bciowego, zapewnia\u0107 dzia\u0142anie neuroprotekcyjne i pomaga\u0107 chroni\u0107 tkanki przed stresem oksydacyjnym i uszkodzeniami zwi\u0105zanymi z wiekiem.  <\/p>\n<p data-start=\"662\" data-end=\"693\"><strong data-start=\"662\" data-end=\"693\">Wy\u0142\u0105cznie do cel\u00f3w badawczych.<\/strong><\/p>\n","protected":false},"excerpt":{"rendered":"<p>Rewolucyjne po\u0142\u0105czenie glutationu i NACET Po\u0142\u0105czenie glutationu i NACET (etylowanej formy N-acetylocysteiny) wyr\u00f3\u017cnia si\u0119 silnym dzia\u0142aniem przeciwutleniaj\u0105cym. Glutation odgrywa kluczow\u0105 rol\u0119 w neutralizowaniu wolnych rodnik\u00f3w i ochronie kom\u00f3rek, podczas gdy NACET zwi\u0119ksza jego biodost\u0119pno\u015b\u0107 i wspiera naturaln\u0105 produkcj\u0119 w organizmie. Oba zwi\u0105zki s\u0105 niezb\u0119dne w procesach detoksykacji w\u0105troby i mog\u0105 wspiera\u0107 zdrowe funkcjonowanie p\u0142uc i&#8230;<\/p>\n","protected":false},"featured_media":7938,"comment_status":"open","ping_status":"closed","template":"","meta":{"_kadence_starter_templates_imported_post":false,"_kad_post_transparent":"","_kad_post_title":"","_kad_post_layout":"","_kad_post_sidebar_id":"","_kad_post_content_style":"","_kad_post_vertical_padding":"","_kad_post_feature":"","_kad_post_feature_position":"","_kad_post_header":false,"_kad_post_footer":false,"_kad_post_classname":""},"product_brand":[],"product_cat":[89,118,96,98,136,95],"product_tag":[],"class_list":{"0":"post-11674","1":"product","2":"type-product","3":"status-publish","4":"has-post-thumbnail","6":"product_cat-bez-kategorii","7":"product_cat-inne","8":"product_cat-regeneracja","9":"product_cat-sen-i-relaks","10":"product_cat-skora-wlosy-paznokcie","11":"product_cat-suplementy","13":"first","14":"instock","15":"featured","16":"shipping-taxable","17":"purchasable","18":"product-type-variable","19":"has-default-attributes","20":"entry","21":"content-bg","22":"loop-entry"},"_links":{"self":[{"href":"https:\/\/x-peptides.com\/pl\/wp-json\/wp\/v2\/product\/11674","targetHints":{"allow":["GET"]}}],"collection":[{"href":"https:\/\/x-peptides.com\/pl\/wp-json\/wp\/v2\/product"}],"about":[{"href":"https:\/\/x-peptides.com\/pl\/wp-json\/wp\/v2\/types\/product"}],"replies":[{"embeddable":true,"href":"https:\/\/x-peptides.com\/pl\/wp-json\/wp\/v2\/comments?post=11674"}],"wp:featuredmedia":[{"embeddable":true,"href":"https:\/\/x-peptides.com\/pl\/wp-json\/wp\/v2\/media\/7938"}],"wp:attachment":[{"href":"https:\/\/x-peptides.com\/pl\/wp-json\/wp\/v2\/media?parent=11674"}],"wp:term":[{"taxonomy":"product_brand","embeddable":true,"href":"https:\/\/x-peptides.com\/pl\/wp-json\/wp\/v2\/product_brand?post=11674"},{"taxonomy":"product_cat","embeddable":true,"href":"https:\/\/x-peptides.com\/pl\/wp-json\/wp\/v2\/product_cat?post=11674"},{"taxonomy":"product_tag","embeddable":true,"href":"https:\/\/x-peptides.com\/pl\/wp-json\/wp\/v2\/product_tag?post=11674"}],"curies":[{"name":"wp","href":"https:\/\/api.w.org\/{rel}","templated":true}]}}