{"id":11577,"date":"2024-03-01T13:05:49","date_gmt":"2024-03-01T12:05:49","guid":{"rendered":"https:\/\/x-peptides.com\/produkt\/urolityna-a\/"},"modified":"2026-04-17T14:16:11","modified_gmt":"2026-04-17T12:16:11","slug":"urolityna-a","status":"publish","type":"product","link":"https:\/\/x-peptides.com\/pl\/produkt\/urolityna-a\/","title":{"rendered":"Urolityna A"},"content":{"rendered":"<p data-start=\"64\" data-end=\"247\"><strong data-start=\"68\" data-end=\"245\">Urolityna A (UA) to naturalny zwi\u0105zek wytwarzany przez bakterie jelitowe z polifenoli, takich jak elagitaniny i kwas elagowy, wyst\u0119puj\u0105cych w \u017cywno\u015bci, takiej jak granaty, jagody i orzechy.<\/strong><\/p>\n<p data-start=\"249\" data-end=\"334\">Najnowsze badania podkre\u015blaj\u0105 jego wa\u017cn\u0105 rol\u0119 w zdrowym starzeniu si\u0119 i funkcjonowaniu kom\u00f3rek.<\/p>\n<p data-start=\"336\" data-end=\"353\"><strong data-start=\"336\" data-end=\"353\">Kluczowe korzy\u015bci:<\/strong><\/p>\n<ul data-start=\"355\" data-end=\"744\">\n<li data-start=\"355\" data-end=\"457\">\n<p data-start=\"357\" data-end=\"457\"><strong data-start=\"357\" data-end=\"380\">Wspomaga mitofagi\u0119:<\/strong> pomaga usun\u0105\u0107 uszkodzone mitochondria i poprawia produkcj\u0119 energii kom\u00f3rkowej.<\/p>\n<\/li>\n<li data-start=\"458\" data-end=\"544\">\n<p data-start=\"460\" data-end=\"544\"><strong data-start=\"460\" data-end=\"485\">Zmniejsza stan zapalny:<\/strong> mo\u017ce chroni\u0107 przed stanami zapalnymi zwi\u0105zanymi z wiekiem.<\/p>\n<\/li>\n<li data-start=\"545\" data-end=\"654\">\n<p data-start=\"547\" data-end=\"654\"><strong data-start=\"547\" data-end=\"568\">Ochrona narz\u0105d\u00f3w:<\/strong> badania przedkliniczne sugeruj\u0105 korzy\u015bci dla mi\u0119\u015bni, m\u00f3zgu, staw\u00f3w i innych tkanek.<\/p>\n<\/li>\n<li data-start=\"655\" data-end=\"744\">\n<p data-start=\"657\" data-end=\"744\"><strong data-start=\"657\" data-end=\"675\">Badania na ludziach:<\/strong> ostatnie badania na osobach starszych potwierdzaj\u0105 popraw\u0119 kondycji mi\u0119\u015bni.<\/p>\n<\/li>\n<\/ul>\n<p data-start=\"778\" data-end=\"879\"><strong>Wy\u0142\u0105cznie do cel\u00f3w badawczych.<\/strong><\/p>\n","protected":false},"excerpt":{"rendered":"<p>Urolityna A (UA) to naturalny zwi\u0105zek wytwarzany przez bakterie jelitowe z polifenoli, takich jak elagitaniny i kwas elagowy, wyst\u0119puj\u0105cych w \u017cywno\u015bci, takiej jak granaty, jagody i orzechy. Najnowsze badania podkre\u015blaj\u0105 jego wa\u017cn\u0105 rol\u0119 w zdrowym starzeniu si\u0119 i funkcjonowaniu kom\u00f3rek. Kluczowe korzy\u015bci: Wspomaga mitofagi\u0119: pomaga usun\u0105\u0107 uszkodzone mitochondria i poprawia produkcj\u0119 energii kom\u00f3rkowej. Zmniejsza stan&#8230;<\/p>\n","protected":false},"featured_media":11579,"comment_status":"open","ping_status":"closed","template":"","meta":{"_kadence_starter_templates_imported_post":false,"_kad_post_transparent":"default","_kad_post_title":"","_kad_post_layout":"default","_kad_post_sidebar_id":"","_kad_post_content_style":"default","_kad_post_vertical_padding":"default","_kad_post_feature":"","_kad_post_feature_position":"","_kad_post_header":false,"_kad_post_footer":false,"_kad_post_classname":""},"product_brand":[],"product_cat":[99,89,95],"product_tag":[],"class_list":{"0":"post-11577","1":"product","2":"type-product","3":"status-publish","4":"has-post-thumbnail","6":"product_cat-anti-aging","7":"product_cat-bez-kategorii","8":"product_cat-suplementy","10":"first","11":"instock","12":"shipping-taxable","13":"purchasable","14":"product-type-variable","15":"has-default-attributes","16":"entry","17":"content-bg","18":"loop-entry"},"_links":{"self":[{"href":"https:\/\/x-peptides.com\/pl\/wp-json\/wp\/v2\/product\/11577","targetHints":{"allow":["GET"]}}],"collection":[{"href":"https:\/\/x-peptides.com\/pl\/wp-json\/wp\/v2\/product"}],"about":[{"href":"https:\/\/x-peptides.com\/pl\/wp-json\/wp\/v2\/types\/product"}],"replies":[{"embeddable":true,"href":"https:\/\/x-peptides.com\/pl\/wp-json\/wp\/v2\/comments?post=11577"}],"wp:featuredmedia":[{"embeddable":true,"href":"https:\/\/x-peptides.com\/pl\/wp-json\/wp\/v2\/media\/11579"}],"wp:attachment":[{"href":"https:\/\/x-peptides.com\/pl\/wp-json\/wp\/v2\/media?parent=11577"}],"wp:term":[{"taxonomy":"product_brand","embeddable":true,"href":"https:\/\/x-peptides.com\/pl\/wp-json\/wp\/v2\/product_brand?post=11577"},{"taxonomy":"product_cat","embeddable":true,"href":"https:\/\/x-peptides.com\/pl\/wp-json\/wp\/v2\/product_cat?post=11577"},{"taxonomy":"product_tag","embeddable":true,"href":"https:\/\/x-peptides.com\/pl\/wp-json\/wp\/v2\/product_tag?post=11577"}],"curies":[{"name":"wp","href":"https:\/\/api.w.org\/{rel}","templated":true}]}}