{"id":11559,"date":"2024-03-07T11:44:20","date_gmt":"2024-03-07T10:44:20","guid":{"rendered":"https:\/\/x-peptides.com\/produkt\/tir-glp-1gip\/"},"modified":"2026-04-01T10:50:20","modified_gmt":"2026-04-01T08:50:20","slug":"tir-glp-1gip","status":"publish","type":"product","link":"https:\/\/x-peptides.com\/pl\/produkt\/tir-glp-1gip\/","title":{"rendered":"TIR GLP-1+GIP"},"content":{"rendered":"<p data-start=\"81\" data-end=\"596\"><strong>TIR<\/strong> to nowy peptyd, kt\u00f3ry \u0142\u0105czy dzia\u0142anie GLP-1 i GIP, wykazuj\u0105c du\u017cy potencja\u0142 w badaniach nad kontrol\u0105 masy cia\u0142a, regulacj\u0105 glikemii i zdrowiem metabolicznym. Jego dzia\u0142anie polega na stymulowaniu zale\u017cnego od glukozy wydzielania insuliny, hamowaniu glukagonu i regulowaniu apetytu, co sprzyja redukcji masy cia\u0142a i poprawie metabolizmu lipid\u00f3w. Badania na zwierz\u0119tach i wczesne badania kliniczne wskazuj\u0105 r\u00f3wnie\u017c na korzy\u015bci dla zdrowia uk\u0142adu sercowo-naczyniowego, ochrony nerek i poprawy funkcji kom\u00f3rek beta trzustki.<\/p>\n<p data-start=\"598\" data-end=\"1075\">Peptyd ten wykazuje r\u00f3wnie\u017c w\u0142a\u015bciwo\u015bci neuroprotekcyjne, zmniejszaj\u0105c stres oksydacyjny i stany zapalne w m\u00f3zgu, co mo\u017ce mie\u0107 znaczenie w stanach neurodegeneracyjnych. Dodatkowo, wspomaga on zdrowie przewodu pokarmowego poprzez popraw\u0119 motoryki jelit, sk\u0142adu mikrobioty i integralno\u015bci bariery jelitowej. Dzi\u0119ki szerokiemu spektrum dzia\u0142ania, TIR jest uwa\u017cany za jednego z najbardziej obiecuj\u0105cych kandydat\u00f3w w badaniach zwi\u0105zanych z oty\u0142o\u015bci\u0105, cukrzyc\u0105 typu 2 i innymi zaburzeniami metabolicznymi.<\/p>\n<p data-start=\"1082\" data-end=\"1139\"><strong data-start=\"1086\" data-end=\"1137\">Odczynnik laboratoryjny &#8211; wy\u0142\u0105cznie do cel\u00f3w badawczych<\/strong><\/p>\n<p data-start=\"1140\" data-end=\"1468\">Ten produkt jest sklasyfikowany jako odczynnik chemiczny przeznaczony wy\u0142\u0105cznie do cel\u00f3w badawczych i powinien by\u0107 obs\u0142ugiwany przez wykwalifikowanych specjalist\u00f3w w warunkach laboratoryjnych. Nie jest to suplement diety, lek ani produkt spo\u017cywczy i nie jest przeznaczony do spo\u017cycia przez ludzi. Wszystkie podane informacje s\u0142u\u017c\u0105 wy\u0142\u0105cznie celom edukacyjnym.<\/p>\n","protected":false},"excerpt":{"rendered":"<p>TIR to nowy peptyd, kt\u00f3ry \u0142\u0105czy dzia\u0142anie GLP-1 i GIP, wykazuj\u0105c du\u017cy potencja\u0142 w badaniach nad kontrol\u0105 masy cia\u0142a, regulacj\u0105 glikemii i zdrowiem metabolicznym. Jego dzia\u0142anie polega na stymulowaniu zale\u017cnego od glukozy wydzielania insuliny, hamowaniu glukagonu i regulowaniu apetytu, co sprzyja redukcji masy cia\u0142a i poprawie metabolizmu lipid\u00f3w. Badania na zwierz\u0119tach i wczesne badania kliniczne&#8230;<\/p>\n","protected":false},"featured_media":11571,"comment_status":"open","ping_status":"closed","template":"","meta":{"_kadence_starter_templates_imported_post":false,"_kad_post_transparent":"default","_kad_post_title":"","_kad_post_layout":"default","_kad_post_sidebar_id":"","_kad_post_content_style":"default","_kad_post_vertical_padding":"default","_kad_post_feature":"","_kad_post_feature_position":"","_kad_post_header":false,"_kad_post_footer":false,"_kad_post_classname":""},"product_brand":[],"product_cat":[89,119,118,117,141],"product_tag":[],"class_list":{"0":"post-11559","1":"product","2":"type-product","3":"status-publish","4":"has-post-thumbnail","6":"product_cat-bez-kategorii","7":"product_cat-fiolki","8":"product_cat-inne","9":"product_cat-peptydy","10":"product_cat-utrata-masy-ciala","12":"first","13":"instock","14":"sale","15":"featured","16":"shipping-taxable","17":"purchasable","18":"product-type-variable","19":"has-default-attributes","20":"entry","21":"content-bg","22":"loop-entry"},"_links":{"self":[{"href":"https:\/\/x-peptides.com\/pl\/wp-json\/wp\/v2\/product\/11559","targetHints":{"allow":["GET"]}}],"collection":[{"href":"https:\/\/x-peptides.com\/pl\/wp-json\/wp\/v2\/product"}],"about":[{"href":"https:\/\/x-peptides.com\/pl\/wp-json\/wp\/v2\/types\/product"}],"replies":[{"embeddable":true,"href":"https:\/\/x-peptides.com\/pl\/wp-json\/wp\/v2\/comments?post=11559"}],"wp:featuredmedia":[{"embeddable":true,"href":"https:\/\/x-peptides.com\/pl\/wp-json\/wp\/v2\/media\/11571"}],"wp:attachment":[{"href":"https:\/\/x-peptides.com\/pl\/wp-json\/wp\/v2\/media?parent=11559"}],"wp:term":[{"taxonomy":"product_brand","embeddable":true,"href":"https:\/\/x-peptides.com\/pl\/wp-json\/wp\/v2\/product_brand?post=11559"},{"taxonomy":"product_cat","embeddable":true,"href":"https:\/\/x-peptides.com\/pl\/wp-json\/wp\/v2\/product_cat?post=11559"},{"taxonomy":"product_tag","embeddable":true,"href":"https:\/\/x-peptides.com\/pl\/wp-json\/wp\/v2\/product_tag?post=11559"}],"curies":[{"name":"wp","href":"https:\/\/api.w.org\/{rel}","templated":true}]}}