{"id":11525,"date":"2024-02-26T18:22:48","date_gmt":"2024-02-26T17:22:48","guid":{"rendered":"https:\/\/x-peptides.com\/produkt\/nmnh-zredukowany-proszek-nmn\/"},"modified":"2026-02-25T10:52:12","modified_gmt":"2026-02-25T09:52:12","slug":"nmnh-zredukowany-proszek-nmn","status":"publish","type":"product","link":"https:\/\/x-peptides.com\/pl\/produkt\/nmnh-zredukowany-proszek-nmn\/","title":{"rendered":"NMNH &#8211; zredukowany proszek NMN"},"content":{"rendered":"<p data-start=\"71\" data-end=\"118\"><strong data-start=\"75\" data-end=\"118\">NMNH &#8211; wzmacniacz NAD+ nowej generacji<\/strong><\/p>\n<p data-start=\"120\" data-end=\"396\">NMNH (zredukowany mononukleotyd nikotynamidowy) to nowoczesny prekursor NAD+, kt\u00f3ry dzia\u0142a szybciej i skuteczniej ni\u017c tradycyjny NMN. Badania pokazuj\u0105, \u017ce NMNH mo\u017ce zwi\u0119kszy\u0107 poziom NAD+ nawet dziesi\u0119ciokrotnie skuteczniej, utrzymuj\u0105c podwy\u017cszony poziom przez znacznie d\u0142u\u017cszy czas. <\/p>\n<p data-start=\"398\" data-end=\"418\"><strong data-start=\"402\" data-end=\"418\">Kluczowe korzy\u015bci<\/strong><\/p>\n<p data-start=\"420\" data-end=\"767\">\u2714 S <strong data-start=\"422\" data-end=\"458\">zybsze i skuteczniejsze dzia\u0142anie<\/strong> &#8211; znaczny wzrost poziomu NAD+ w ci\u0105gu zaledwie 15 minut.<br data-start=\"511\" data-end=\"514\">\u2714 <strong data-start=\"516\" data-end=\"539\">D\u0142ugotrwa\u0142y efekt<\/strong> &#8211; poziom NAD+ pozostaje podwy\u017cszony do 20 godzin.<br data-start=\"589\" data-end=\"592\">\u2714 <strong data-start=\"594\" data-end=\"622\">Lepsza biodost\u0119pno\u015b\u0107<\/strong> &#8211; zwi\u0119ksza poziom NAD+ w w\u0105trobie, nerkach, sercu, mi\u0119\u015bniach i m\u00f3zgu.<br data-start=\"686\" data-end=\"689\">\u2714 <strong data-start=\"691\" data-end=\"720\">Zaawansowane wsparcie kom\u00f3rkowe<\/strong> &#8211; potencjalne korzy\u015bci przeciwstarzeniowe i d\u0142ugowieczno\u015bci.<\/p>\n<p data-start=\"859\" data-end=\"890\"><strong data-start=\"859\" data-end=\"890\">Wy\u0142\u0105cznie do cel\u00f3w badawczych.<\/strong><\/p>\n","protected":false},"excerpt":{"rendered":"<p>NMNH &#8211; wzmacniacz NAD+ nowej generacji NMNH (zredukowany mononukleotyd nikotynamidowy) to nowoczesny prekursor NAD+, kt\u00f3ry dzia\u0142a szybciej i skuteczniej ni\u017c tradycyjny NMN. Badania pokazuj\u0105, \u017ce NMNH mo\u017ce zwi\u0119kszy\u0107 poziom NAD+ nawet dziesi\u0119ciokrotnie skuteczniej, utrzymuj\u0105c podwy\u017cszony poziom przez znacznie d\u0142u\u017cszy czas. Kluczowe korzy\u015bci \u2714 S zybsze i skuteczniejsze dzia\u0142anie &#8211; znaczny wzrost poziomu NAD+ w ci\u0105gu&#8230;<\/p>\n","protected":false},"featured_media":4207,"comment_status":"open","ping_status":"closed","template":"","meta":{"_kadence_starter_templates_imported_post":false,"_kad_post_transparent":"","_kad_post_title":"","_kad_post_layout":"","_kad_post_sidebar_id":"","_kad_post_content_style":"","_kad_post_vertical_padding":"","_kad_post_feature":"","_kad_post_feature_position":"","_kad_post_header":false,"_kad_post_footer":false,"_kad_post_classname":""},"product_brand":[],"product_cat":[99,89,96,136,132,95],"product_tag":[],"class_list":{"0":"post-11525","1":"product","2":"type-product","3":"status-publish","4":"has-post-thumbnail","6":"product_cat-anti-aging","7":"product_cat-bez-kategorii","8":"product_cat-regeneracja","9":"product_cat-skora-wlosy-paznokcie","10":"product_cat-stawy-i-sciegna","11":"product_cat-suplementy","13":"first","14":"instock","15":"shipping-taxable","16":"purchasable","17":"product-type-variable","18":"has-default-attributes","19":"entry","20":"content-bg","21":"loop-entry"},"_links":{"self":[{"href":"https:\/\/x-peptides.com\/pl\/wp-json\/wp\/v2\/product\/11525","targetHints":{"allow":["GET"]}}],"collection":[{"href":"https:\/\/x-peptides.com\/pl\/wp-json\/wp\/v2\/product"}],"about":[{"href":"https:\/\/x-peptides.com\/pl\/wp-json\/wp\/v2\/types\/product"}],"replies":[{"embeddable":true,"href":"https:\/\/x-peptides.com\/pl\/wp-json\/wp\/v2\/comments?post=11525"}],"wp:featuredmedia":[{"embeddable":true,"href":"https:\/\/x-peptides.com\/pl\/wp-json\/wp\/v2\/media\/4207"}],"wp:attachment":[{"href":"https:\/\/x-peptides.com\/pl\/wp-json\/wp\/v2\/media?parent=11525"}],"wp:term":[{"taxonomy":"product_brand","embeddable":true,"href":"https:\/\/x-peptides.com\/pl\/wp-json\/wp\/v2\/product_brand?post=11525"},{"taxonomy":"product_cat","embeddable":true,"href":"https:\/\/x-peptides.com\/pl\/wp-json\/wp\/v2\/product_cat?post=11525"},{"taxonomy":"product_tag","embeddable":true,"href":"https:\/\/x-peptides.com\/pl\/wp-json\/wp\/v2\/product_tag?post=11525"}],"curies":[{"name":"wp","href":"https:\/\/api.w.org\/{rel}","templated":true}]}}