{"id":11415,"date":"2024-01-17T10:30:50","date_gmt":"2024-01-17T09:30:50","guid":{"rendered":"https:\/\/x-peptides.com\/produkt\/ghrp-2-10mg\/"},"modified":"2026-04-03T10:09:19","modified_gmt":"2026-04-03T08:09:19","slug":"ghrp-2-10mg","status":"publish","type":"product","link":"https:\/\/x-peptides.com\/pl\/produkt\/ghrp-2-10mg\/","title":{"rendered":"GHRP-2 10mg"},"content":{"rendered":"<p data-start=\"80\" data-end=\"558\"><strong data-start=\"80\" data-end=\"558\">GHRP-2 (Pralmorelin) <\/strong>to syntetyczny heksapeptyd, kt\u00f3ry dzia\u0142a jako zwi\u0105zek badawczy uwalniaj\u0105cy hormon wzrostu. Oddzia\u0142uje ze szlakiem receptora greliny i jest powszechnie stosowany w warunkach laboratoryjnych do badania odpowiedzi hormonalnych, interakcji peptyd-receptor i mechanizm\u00f3w zwi\u0105zanych z regulacj\u0105 hormonu wzrostu. Zainteresowania naukowe koncentruj\u0105 si\u0119 na jego roli w sygnalizacji metabolicznej, szlakach zwi\u0105zanych z apetytem i reakcjach fizjologicznych, w kt\u00f3rych po\u015bredniczy przysadka m\u00f3zgowa i podwzg\u00f3rze.<\/p>\n<p data-start=\"560\" data-end=\"957\"><strong data-start=\"560\" data-end=\"611\">Odczynnik laboratoryjny &#8211; wy\u0142\u0105cznie do cel\u00f3w<\/strong> badawczych<br data-start=\"611\" data-end=\"614\" \/>Ten produkt jest sklasyfikowany jako odczynnik chemiczny wy\u0142\u0105cznie do cel\u00f3w badawczych i musi by\u0107 obs\u0142ugiwany przez wykwalifikowanych specjalist\u00f3w w kontrolowanych warunkach laboratoryjnych. Nie jest to suplement diety, lek ani produkt spo\u017cywczy i nie jest przeznaczony do spo\u017cycia przez ludzi. Wszystkie podane informacje s\u0142u\u017c\u0105 wy\u0142\u0105cznie celom naukowym i edukacyjnym.<\/p>\n","protected":false},"excerpt":{"rendered":"<p>GHRP-2 (Pralmorelin) to syntetyczny heksapeptyd, kt\u00f3ry dzia\u0142a jako zwi\u0105zek badawczy uwalniaj\u0105cy hormon wzrostu. Oddzia\u0142uje ze szlakiem receptora greliny i jest powszechnie stosowany w warunkach laboratoryjnych do badania odpowiedzi hormonalnych, interakcji peptyd-receptor i mechanizm\u00f3w zwi\u0105zanych z regulacj\u0105 hormonu wzrostu. Zainteresowania naukowe koncentruj\u0105 si\u0119 na jego roli w sygnalizacji metabolicznej, szlakach zwi\u0105zanych z apetytem i reakcjach fizjologicznych,&#8230;<\/p>\n","protected":false},"featured_media":11418,"comment_status":"open","ping_status":"closed","template":"","meta":{"_kadence_starter_templates_imported_post":false,"_kad_post_transparent":"default","_kad_post_title":"","_kad_post_layout":"default","_kad_post_sidebar_id":"","_kad_post_content_style":"default","_kad_post_vertical_padding":"default","_kad_post_feature":"","_kad_post_feature_position":"","_kad_post_header":false,"_kad_post_footer":false,"_kad_post_classname":""},"product_brand":[],"product_cat":[89,119,117,96,136,132,142],"product_tag":[],"class_list":{"0":"post-11415","1":"product","2":"type-product","3":"status-publish","4":"has-post-thumbnail","6":"product_cat-bez-kategorii","7":"product_cat-fiolki","8":"product_cat-peptydy","9":"product_cat-regeneracja","10":"product_cat-skora-wlosy-paznokcie","11":"product_cat-stawy-i-sciegna","12":"product_cat-wzrost-miesni","14":"first","15":"instock","16":"featured","17":"shipping-taxable","18":"purchasable","19":"product-type-simple","20":"entry","21":"content-bg","22":"loop-entry"},"_links":{"self":[{"href":"https:\/\/x-peptides.com\/pl\/wp-json\/wp\/v2\/product\/11415","targetHints":{"allow":["GET"]}}],"collection":[{"href":"https:\/\/x-peptides.com\/pl\/wp-json\/wp\/v2\/product"}],"about":[{"href":"https:\/\/x-peptides.com\/pl\/wp-json\/wp\/v2\/types\/product"}],"replies":[{"embeddable":true,"href":"https:\/\/x-peptides.com\/pl\/wp-json\/wp\/v2\/comments?post=11415"}],"wp:featuredmedia":[{"embeddable":true,"href":"https:\/\/x-peptides.com\/pl\/wp-json\/wp\/v2\/media\/11418"}],"wp:attachment":[{"href":"https:\/\/x-peptides.com\/pl\/wp-json\/wp\/v2\/media?parent=11415"}],"wp:term":[{"taxonomy":"product_brand","embeddable":true,"href":"https:\/\/x-peptides.com\/pl\/wp-json\/wp\/v2\/product_brand?post=11415"},{"taxonomy":"product_cat","embeddable":true,"href":"https:\/\/x-peptides.com\/pl\/wp-json\/wp\/v2\/product_cat?post=11415"},{"taxonomy":"product_tag","embeddable":true,"href":"https:\/\/x-peptides.com\/pl\/wp-json\/wp\/v2\/product_tag?post=11415"}],"curies":[{"name":"wp","href":"https:\/\/api.w.org\/{rel}","templated":true}]}}