{"id":11379,"date":"2024-01-15T19:38:35","date_gmt":"2024-01-15T18:38:35","guid":{"rendered":"https:\/\/x-peptides.com\/produkt\/nmn-mononukleotyd-nikotynamidu-proszek\/"},"modified":"2026-04-17T14:02:26","modified_gmt":"2026-04-17T12:02:26","slug":"nmn-mononukleotyd-nikotynamidu-proszek","status":"publish","type":"product","link":"https:\/\/x-peptides.com\/pl\/produkt\/nmn-mononukleotyd-nikotynamidu-proszek\/","title":{"rendered":"NMN Mononukleotyd Nikotynamidu Proszek"},"content":{"rendered":"<p data-start=\"120\" data-end=\"355\">Czysta, stabilna forma <strong>NMN<\/strong> &#8211; kluczowego prekursora NAD+, kt\u00f3ry odgrywa istotn\u0105 rol\u0119 w procesach kom\u00f3rkowych. W \u015brodowiskach badawczych NMN jest wykorzystywany do badania szlak\u00f3w zwi\u0105zanych z energi\u0105, mechanizm\u00f3w utrzymania DNA i funkcji metabolicznych.<\/p>\n<p data-start=\"357\" data-end=\"369\"><strong data-start=\"357\" data-end=\"369\">Dlaczego NMN?<\/strong><\/p>\n<p data-start=\"371\" data-end=\"925\">\u2714 <strong data-start=\"373\" data-end=\"400\">\u015acie\u017cki zwi\u0105zane z energi\u0105<\/strong> &#8211; badane pod k\u0105tem jego roli w procesach biochemicznych zwi\u0105zanych z produkcj\u0105 ATP.<br data-start=\"481\" data-end=\"484\" \/>\u2714 <strong data-start=\"486\" data-end=\"514\">Badania nad utrzymaniem DNA<\/strong> &#8211; NAD+ uczestniczy w \u015bcie\u017ckach zwi\u0105zanych ze stabilno\u015bci\u0105 genomu i napraw\u0105 kom\u00f3rkow\u0105.<br data-start=\"597\" data-end=\"600\" \/>\u2714 <strong data-start=\"602\" data-end=\"627\">Badania mitochondrialne<\/strong> &#8211; wykorzystywane do badania, w jaki spos\u00f3b kom\u00f3rki reguluj\u0105 produkcj\u0119 energii w mitochondriach.<br data-start=\"703\" data-end=\"706\" \/>\u2714 <strong data-start=\"708\" data-end=\"736\">Kom\u00f3rkowa odpowied\u017a na stres<\/strong> &#8211; badana w kontek\u015bcie sygnalizacji immunologicznej i \u015bcie\u017cek zapalnych.<br data-start=\"808\" data-end=\"811\" \/>\u2714 <strong data-start=\"813\" data-end=\"841\">Zainteresowanie neurobiologiczne<\/strong> &#8211; badane pod k\u0105tem jego znaczenia dla komunikacji neuronalnej i proces\u00f3w poznawczych.<\/p>\n<p data-start=\"927\" data-end=\"1320\"><strong>Produkt przeznaczony wy\u0142\u0105cznie do cel\u00f3w badawczych.<\/strong><\/p>\n","protected":false},"excerpt":{"rendered":"<p>Czysta, stabilna forma NMN &#8211; kluczowego prekursora NAD+, kt\u00f3ry odgrywa istotn\u0105 rol\u0119 w procesach kom\u00f3rkowych. W \u015brodowiskach badawczych NMN jest wykorzystywany do badania szlak\u00f3w zwi\u0105zanych z energi\u0105, mechanizm\u00f3w utrzymania DNA i funkcji metabolicznych. Dlaczego NMN? \u2714 \u015acie\u017cki zwi\u0105zane z energi\u0105 &#8211; badane pod k\u0105tem jego roli w procesach biochemicznych zwi\u0105zanych z produkcj\u0105 ATP.\u2714 Badania nad&#8230;<\/p>\n","protected":false},"featured_media":11383,"comment_status":"open","ping_status":"closed","template":"","meta":{"_kadence_starter_templates_imported_post":false,"_kad_post_transparent":"default","_kad_post_title":"","_kad_post_layout":"default","_kad_post_sidebar_id":"","_kad_post_content_style":"default","_kad_post_vertical_padding":"default","_kad_post_feature":"","_kad_post_feature_position":"","_kad_post_header":false,"_kad_post_footer":false,"_kad_post_classname":""},"product_brand":[],"product_cat":[99,89,97,96,132,95],"product_tag":[],"class_list":{"0":"post-11379","1":"product","2":"type-product","3":"status-publish","4":"has-post-thumbnail","6":"product_cat-anti-aging","7":"product_cat-bez-kategorii","8":"product_cat-mozg-pamiec-i-koncentracja","9":"product_cat-regeneracja","10":"product_cat-stawy-i-sciegna","11":"product_cat-suplementy","13":"first","14":"instock","15":"shipping-taxable","16":"purchasable","17":"product-type-variable","18":"has-default-attributes","19":"entry","20":"content-bg","21":"loop-entry"},"_links":{"self":[{"href":"https:\/\/x-peptides.com\/pl\/wp-json\/wp\/v2\/product\/11379","targetHints":{"allow":["GET"]}}],"collection":[{"href":"https:\/\/x-peptides.com\/pl\/wp-json\/wp\/v2\/product"}],"about":[{"href":"https:\/\/x-peptides.com\/pl\/wp-json\/wp\/v2\/types\/product"}],"replies":[{"embeddable":true,"href":"https:\/\/x-peptides.com\/pl\/wp-json\/wp\/v2\/comments?post=11379"}],"wp:featuredmedia":[{"embeddable":true,"href":"https:\/\/x-peptides.com\/pl\/wp-json\/wp\/v2\/media\/11383"}],"wp:attachment":[{"href":"https:\/\/x-peptides.com\/pl\/wp-json\/wp\/v2\/media?parent=11379"}],"wp:term":[{"taxonomy":"product_brand","embeddable":true,"href":"https:\/\/x-peptides.com\/pl\/wp-json\/wp\/v2\/product_brand?post=11379"},{"taxonomy":"product_cat","embeddable":true,"href":"https:\/\/x-peptides.com\/pl\/wp-json\/wp\/v2\/product_cat?post=11379"},{"taxonomy":"product_tag","embeddable":true,"href":"https:\/\/x-peptides.com\/pl\/wp-json\/wp\/v2\/product_tag?post=11379"}],"curies":[{"name":"wp","href":"https:\/\/api.w.org\/{rel}","templated":true}]}}