{"id":11346,"date":"2024-01-11T18:12:40","date_gmt":"2024-01-11T17:12:40","guid":{"rendered":"https:\/\/x-peptides.com\/produkt\/ghk-cu-50mg-peptyd-miedziowy-copper-tripeptide-1\/"},"modified":"2026-04-02T14:45:19","modified_gmt":"2026-04-02T12:45:19","slug":"ghk-cu-50mg-peptyd-miedziowy-copper-tripeptide-1","status":"publish","type":"product","link":"https:\/\/x-peptides.com\/pl\/produkt\/ghk-cu-50mg-peptyd-miedziowy-copper-tripeptide-1\/","title":{"rendered":"GHK-CU 50mg peptyd miedziowy Copper Tripeptide-1"},"content":{"rendered":"<h4 data-start=\"124\" data-end=\"163\"><strong data-start=\"128\" data-end=\"163\">Peptyd GHK-Cu &#8211; klasa badawcza<\/strong><\/h4>\n<p data-start=\"165\" data-end=\"560\">GHK-Cu jest naturalnie wyst\u0119puj\u0105cym kompleksem peptydowym wyst\u0119puj\u0105cym w ludzkim organizmie i jest szeroko badany pod k\u0105tem jego roli w biologicznych procesach naprawczych. W warunkach badawczych jest on badany pod k\u0105tem jego zaanga\u017cowania w regeneracj\u0119 tkanek, sygnalizacj\u0119 kom\u00f3rkow\u0105 i interakcje ze szlakami zale\u017cnymi od miedzi. Peptyd ten jest r\u00f3wnie\u017c cz\u0119sto badany w badaniach zwi\u0105zanych z produkcj\u0105 kolagenu i fizjologi\u0105 sk\u00f3ry.<\/p>\n<p data-start=\"562\" data-end=\"793\">Badania nad GHK-Cu cz\u0119sto koncentruj\u0105 si\u0119 na jego potencjalnym znaczeniu dla mechanizm\u00f3w gojenia si\u0119 ran, odnowy kom\u00f3rkowej, odpowiedzi antyoksydacyjnych i biologii w\u0142os\u00f3w, co czyni go znacz\u0105cym zwi\u0105zkiem w dziedzinach naukowych badaj\u0105cych procesy regeneracyjne.<\/p>\n<p data-start=\"795\" data-end=\"1177\"><strong data-start=\"795\" data-end=\"847\">Odczynnik laboratoryjny &#8211; wy\u0142\u0105cznie do cel\u00f3w badawczych.<\/strong><br data-start=\"847\" data-end=\"850\" \/>Ten produkt jest sklasyfikowany jako odczynnik chemiczny wy\u0142\u0105cznie do u\u017cytku badawczego i powinien by\u0107 obs\u0142ugiwany przez wykwalifikowanych specjalist\u00f3w w \u015brodowisku laboratoryjnym. Nie jest to suplement diety, lek ani produkt spo\u017cywczy i nie jest przeznaczony do spo\u017cycia przez ludzi. Wszystkie podane informacje s\u0142u\u017c\u0105 wy\u0142\u0105cznie celom edukacyjnym i naukowym.<\/p>\n","protected":false},"excerpt":{"rendered":"<p>Peptyd GHK-Cu &#8211; klasa badawcza GHK-Cu jest naturalnie wyst\u0119puj\u0105cym kompleksem peptydowym wyst\u0119puj\u0105cym w ludzkim organizmie i jest szeroko badany pod k\u0105tem jego roli w biologicznych procesach naprawczych. W warunkach badawczych jest on badany pod k\u0105tem jego zaanga\u017cowania w regeneracj\u0119 tkanek, sygnalizacj\u0119 kom\u00f3rkow\u0105 i interakcje ze szlakami zale\u017cnymi od miedzi. Peptyd ten jest r\u00f3wnie\u017c cz\u0119sto badany&#8230;<\/p>\n","protected":false},"featured_media":11349,"comment_status":"open","ping_status":"closed","template":"","meta":{"_kadence_starter_templates_imported_post":false,"_kad_post_transparent":"default","_kad_post_title":"","_kad_post_layout":"default","_kad_post_sidebar_id":"","_kad_post_content_style":"default","_kad_post_vertical_padding":"default","_kad_post_feature":"","_kad_post_feature_position":"","_kad_post_header":false,"_kad_post_footer":false,"_kad_post_classname":""},"product_brand":[],"product_cat":[99,89,119,117,96,136],"product_tag":[],"class_list":{"0":"post-11346","1":"product","2":"type-product","3":"status-publish","4":"has-post-thumbnail","6":"product_cat-anti-aging","7":"product_cat-bez-kategorii","8":"product_cat-fiolki","9":"product_cat-peptydy","10":"product_cat-regeneracja","11":"product_cat-skora-wlosy-paznokcie","13":"first","14":"instock","15":"sale","16":"shipping-taxable","17":"purchasable","18":"product-type-variable","19":"has-default-attributes","20":"entry","21":"content-bg","22":"loop-entry"},"_links":{"self":[{"href":"https:\/\/x-peptides.com\/pl\/wp-json\/wp\/v2\/product\/11346","targetHints":{"allow":["GET"]}}],"collection":[{"href":"https:\/\/x-peptides.com\/pl\/wp-json\/wp\/v2\/product"}],"about":[{"href":"https:\/\/x-peptides.com\/pl\/wp-json\/wp\/v2\/types\/product"}],"replies":[{"embeddable":true,"href":"https:\/\/x-peptides.com\/pl\/wp-json\/wp\/v2\/comments?post=11346"}],"wp:featuredmedia":[{"embeddable":true,"href":"https:\/\/x-peptides.com\/pl\/wp-json\/wp\/v2\/media\/11349"}],"wp:attachment":[{"href":"https:\/\/x-peptides.com\/pl\/wp-json\/wp\/v2\/media?parent=11346"}],"wp:term":[{"taxonomy":"product_brand","embeddable":true,"href":"https:\/\/x-peptides.com\/pl\/wp-json\/wp\/v2\/product_brand?post=11346"},{"taxonomy":"product_cat","embeddable":true,"href":"https:\/\/x-peptides.com\/pl\/wp-json\/wp\/v2\/product_cat?post=11346"},{"taxonomy":"product_tag","embeddable":true,"href":"https:\/\/x-peptides.com\/pl\/wp-json\/wp\/v2\/product_tag?post=11346"}],"curies":[{"name":"wp","href":"https:\/\/api.w.org\/{rel}","templated":true}]}}