{"id":11090,"date":"2025-03-28T13:01:16","date_gmt":"2025-03-28T12:01:16","guid":{"rendered":"https:\/\/x-peptides.com\/produkt\/pylek-sosnowy-w-proszku\/"},"modified":"2025-03-28T13:01:16","modified_gmt":"2025-03-28T12:01:16","slug":"pylek-sosnowy-w-proszku","status":"publish","type":"product","link":"https:\/\/x-peptides.com\/pl\/produkt\/pylek-sosnowy-w-proszku\/","title":{"rendered":"PY\u0141EK SOSNOWY W PROSZKU"},"content":{"rendered":"<p data-start=\"47\" data-end=\"358\"><strong data-start=\"47\" data-end=\"358\">Py\u0142ek sosnowy <\/strong>to naturalny produkt ro\u015blinny bogaty w fitosk\u0142adniki, aminokwasy, minera\u0142y i pierwiastki \u015bladowe. Tradycyjnie stosowany jako sk\u0142adnik wspomagaj\u0105cy witalno\u015b\u0107, funkcje odporno\u015bciowe i r\u00f3wnowag\u0119 hormonaln\u0105 &#8211; szczeg\u00f3lnie u m\u0119\u017cczyzn. Mo\u017ce wspomaga\u0107 poziom energii, libido, si\u0142\u0119 i og\u00f3lne samopoczucie.  <\/p>\n","protected":false},"excerpt":{"rendered":"<p>Py\u0142ek sosnowy to naturalny produkt ro\u015blinny bogaty w fitosk\u0142adniki, aminokwasy, minera\u0142y i pierwiastki \u015bladowe. Tradycyjnie stosowany jako sk\u0142adnik wspomagaj\u0105cy witalno\u015b\u0107, funkcje odporno\u015bciowe i r\u00f3wnowag\u0119 hormonaln\u0105 &#8211; szczeg\u00f3lnie u m\u0119\u017cczyzn. Mo\u017ce wspomaga\u0107 poziom energii, libido, si\u0142\u0119 i og\u00f3lne samopoczucie.<\/p>\n","protected":false},"featured_media":11096,"comment_status":"open","ping_status":"closed","template":"","meta":{"_kadence_starter_templates_imported_post":false,"_kad_post_transparent":"","_kad_post_title":"","_kad_post_layout":"","_kad_post_sidebar_id":"","_kad_post_content_style":"","_kad_post_vertical_padding":"","_kad_post_feature":"","_kad_post_feature_position":"","_kad_post_header":false,"_kad_post_footer":false,"_kad_post_classname":""},"product_brand":[],"product_cat":[99,89,118,128,96,95,142],"product_tag":[],"class_list":{"0":"post-11090","1":"product","2":"type-product","3":"status-publish","4":"has-post-thumbnail","6":"product_cat-anti-aging","7":"product_cat-bez-kategorii","8":"product_cat-inne","9":"product_cat-libido","10":"product_cat-regeneracja","11":"product_cat-suplementy","12":"product_cat-wzrost-miesni","14":"first","15":"instock","16":"shipping-taxable","17":"purchasable","18":"product-type-simple","19":"entry","20":"content-bg","21":"loop-entry"},"_links":{"self":[{"href":"https:\/\/x-peptides.com\/pl\/wp-json\/wp\/v2\/product\/11090","targetHints":{"allow":["GET"]}}],"collection":[{"href":"https:\/\/x-peptides.com\/pl\/wp-json\/wp\/v2\/product"}],"about":[{"href":"https:\/\/x-peptides.com\/pl\/wp-json\/wp\/v2\/types\/product"}],"replies":[{"embeddable":true,"href":"https:\/\/x-peptides.com\/pl\/wp-json\/wp\/v2\/comments?post=11090"}],"wp:featuredmedia":[{"embeddable":true,"href":"https:\/\/x-peptides.com\/pl\/wp-json\/wp\/v2\/media\/11096"}],"wp:attachment":[{"href":"https:\/\/x-peptides.com\/pl\/wp-json\/wp\/v2\/media?parent=11090"}],"wp:term":[{"taxonomy":"product_brand","embeddable":true,"href":"https:\/\/x-peptides.com\/pl\/wp-json\/wp\/v2\/product_brand?post=11090"},{"taxonomy":"product_cat","embeddable":true,"href":"https:\/\/x-peptides.com\/pl\/wp-json\/wp\/v2\/product_cat?post=11090"},{"taxonomy":"product_tag","embeddable":true,"href":"https:\/\/x-peptides.com\/pl\/wp-json\/wp\/v2\/product_tag?post=11090"}],"curies":[{"name":"wp","href":"https:\/\/api.w.org\/{rel}","templated":true}]}}