{"id":11070,"date":"2025-03-28T12:56:21","date_gmt":"2025-03-28T11:56:21","guid":{"rendered":"https:\/\/x-peptides.com\/produkt\/pqq-coq10-spermidyna\/"},"modified":"2026-02-25T10:45:17","modified_gmt":"2026-02-25T09:45:17","slug":"pqq-coq10-spermidyna","status":"publish","type":"product","link":"https:\/\/x-peptides.com\/pl\/produkt\/pqq-coq10-spermidyna\/","title":{"rendered":"PQQ + CoQ10 + Spermidyna"},"content":{"rendered":"<p data-start=\"47\" data-end=\"506\">Po\u0142\u0105czenie <strong>PQQ<\/strong> (pirolochinolinochinonu), <strong>koenzymu Q10<\/strong> i <strong>spermidyny<\/strong> wspiera funkcje mitochondri\u00f3w, w tym produkcj\u0119 energii kom\u00f3rkowej i ochron\u0119 przed stresem oksydacyjnym. PQQ i CoQ10 mog\u0105 dzia\u0142a\u0107 synergistycznie w celu zwi\u0119kszenia wydajno\u015bci kom\u00f3rkowej, podczas gdy spermidyna jest znana ze swojej potencjalnej roli w promowaniu autofagii i spowalnianiu proces\u00f3w zwi\u0105zanych z wiekiem. Produkt ten jest cz\u0119sto stosowany w aplikacjach maj\u0105cych na celu wspieranie witalno\u015bci i d\u0142ugowieczno\u015bci.  <\/p>\n","protected":false},"excerpt":{"rendered":"<p>Po\u0142\u0105czenie PQQ (pirolochinolinochinonu), koenzymu Q10 i spermidyny wspiera funkcje mitochondri\u00f3w, w tym produkcj\u0119 energii kom\u00f3rkowej i ochron\u0119 przed stresem oksydacyjnym. PQQ i CoQ10 mog\u0105 dzia\u0142a\u0107 synergistycznie w celu zwi\u0119kszenia wydajno\u015bci kom\u00f3rkowej, podczas gdy spermidyna jest znana ze swojej potencjalnej roli w promowaniu autofagii i spowalnianiu proces\u00f3w zwi\u0105zanych z wiekiem. Produkt ten jest cz\u0119sto stosowany w&#8230;<\/p>\n","protected":false},"featured_media":7913,"comment_status":"open","ping_status":"closed","template":"","meta":{"_kadence_starter_templates_imported_post":false,"_kad_post_transparent":"","_kad_post_title":"","_kad_post_layout":"","_kad_post_sidebar_id":"","_kad_post_content_style":"","_kad_post_vertical_padding":"","_kad_post_feature":"","_kad_post_feature_position":"","_kad_post_header":false,"_kad_post_footer":false,"_kad_post_classname":""},"product_brand":[],"product_cat":[99,89,97,95],"product_tag":[],"class_list":{"0":"post-11070","1":"product","2":"type-product","3":"status-publish","4":"has-post-thumbnail","6":"product_cat-anti-aging","7":"product_cat-bez-kategorii","8":"product_cat-mozg-pamiec-i-koncentracja","9":"product_cat-suplementy","11":"first","12":"instock","13":"shipping-taxable","14":"purchasable","15":"product-type-variable","16":"has-default-attributes","17":"entry","18":"content-bg","19":"loop-entry"},"_links":{"self":[{"href":"https:\/\/x-peptides.com\/pl\/wp-json\/wp\/v2\/product\/11070","targetHints":{"allow":["GET"]}}],"collection":[{"href":"https:\/\/x-peptides.com\/pl\/wp-json\/wp\/v2\/product"}],"about":[{"href":"https:\/\/x-peptides.com\/pl\/wp-json\/wp\/v2\/types\/product"}],"replies":[{"embeddable":true,"href":"https:\/\/x-peptides.com\/pl\/wp-json\/wp\/v2\/comments?post=11070"}],"wp:featuredmedia":[{"embeddable":true,"href":"https:\/\/x-peptides.com\/pl\/wp-json\/wp\/v2\/media\/7913"}],"wp:attachment":[{"href":"https:\/\/x-peptides.com\/pl\/wp-json\/wp\/v2\/media?parent=11070"}],"wp:term":[{"taxonomy":"product_brand","embeddable":true,"href":"https:\/\/x-peptides.com\/pl\/wp-json\/wp\/v2\/product_brand?post=11070"},{"taxonomy":"product_cat","embeddable":true,"href":"https:\/\/x-peptides.com\/pl\/wp-json\/wp\/v2\/product_cat?post=11070"},{"taxonomy":"product_tag","embeddable":true,"href":"https:\/\/x-peptides.com\/pl\/wp-json\/wp\/v2\/product_tag?post=11070"}],"curies":[{"name":"wp","href":"https:\/\/api.w.org\/{rel}","templated":true}]}}