{"id":11021,"date":"2025-03-28T12:08:06","date_gmt":"2025-03-28T11:08:06","guid":{"rendered":"https:\/\/x-peptides.com\/produkt\/glutathione\/"},"modified":"2026-04-17T13:50:12","modified_gmt":"2026-04-17T11:50:12","slug":"glutathione","status":"publish","type":"product","link":"https:\/\/x-peptides.com\/pl\/produkt\/glutathione\/","title":{"rendered":"GLUTATHIONE"},"content":{"rendered":"<p><strong>Glutation<\/strong> jest jednym z najsilniejszych naturalnych przeciwutleniaczy wyst\u0119puj\u0105cych w organizmie. Chroni kom\u00f3rki przed stresem oksydacyjnym, wspomaga procesy detoksykacji w w\u0105trobie i wzmacnia uk\u0142ad odporno\u015bciowy. Odgrywa kluczow\u0105 rol\u0119 w regeneracji kom\u00f3rek i spowalnianiu procesu starzenia.<\/p>\n","protected":false},"excerpt":{"rendered":"<p>Glutation jest jednym z najsilniejszych naturalnych przeciwutleniaczy wyst\u0119puj\u0105cych w organizmie. Chroni kom\u00f3rki przed stresem oksydacyjnym, wspomaga procesy detoksykacji w w\u0105trobie i wzmacnia uk\u0142ad odporno\u015bciowy. Odgrywa kluczow\u0105 rol\u0119 w regeneracji kom\u00f3rek i spowalnianiu procesu starzenia.<\/p>\n","protected":false},"featured_media":11022,"comment_status":"open","ping_status":"closed","template":"","meta":{"_kadence_starter_templates_imported_post":false,"_kad_post_transparent":"default","_kad_post_title":"","_kad_post_layout":"default","_kad_post_sidebar_id":"","_kad_post_content_style":"default","_kad_post_vertical_padding":"default","_kad_post_feature":"","_kad_post_feature_position":"","_kad_post_header":false,"_kad_post_footer":false,"_kad_post_classname":""},"product_brand":[],"product_cat":[99,89,96,136,95],"product_tag":[],"class_list":{"0":"post-11021","1":"product","2":"type-product","3":"status-publish","4":"has-post-thumbnail","6":"product_cat-anti-aging","7":"product_cat-bez-kategorii","8":"product_cat-regeneracja","9":"product_cat-skora-wlosy-paznokcie","10":"product_cat-suplementy","12":"first","13":"instock","14":"shipping-taxable","15":"purchasable","16":"product-type-variable","17":"has-default-attributes","18":"entry","19":"content-bg","20":"loop-entry"},"_links":{"self":[{"href":"https:\/\/x-peptides.com\/pl\/wp-json\/wp\/v2\/product\/11021","targetHints":{"allow":["GET"]}}],"collection":[{"href":"https:\/\/x-peptides.com\/pl\/wp-json\/wp\/v2\/product"}],"about":[{"href":"https:\/\/x-peptides.com\/pl\/wp-json\/wp\/v2\/types\/product"}],"replies":[{"embeddable":true,"href":"https:\/\/x-peptides.com\/pl\/wp-json\/wp\/v2\/comments?post=11021"}],"wp:featuredmedia":[{"embeddable":true,"href":"https:\/\/x-peptides.com\/pl\/wp-json\/wp\/v2\/media\/11022"}],"wp:attachment":[{"href":"https:\/\/x-peptides.com\/pl\/wp-json\/wp\/v2\/media?parent=11021"}],"wp:term":[{"taxonomy":"product_brand","embeddable":true,"href":"https:\/\/x-peptides.com\/pl\/wp-json\/wp\/v2\/product_brand?post=11021"},{"taxonomy":"product_cat","embeddable":true,"href":"https:\/\/x-peptides.com\/pl\/wp-json\/wp\/v2\/product_cat?post=11021"},{"taxonomy":"product_tag","embeddable":true,"href":"https:\/\/x-peptides.com\/pl\/wp-json\/wp\/v2\/product_tag?post=11021"}],"curies":[{"name":"wp","href":"https:\/\/api.w.org\/{rel}","templated":true}]}}