{"id":10974,"date":"2025-03-28T12:01:32","date_gmt":"2025-03-28T11:01:32","guid":{"rendered":"https:\/\/x-peptides.com\/produkt\/dhea-dehydroepiandrosteron\/"},"modified":"2026-04-17T13:44:58","modified_gmt":"2026-04-17T11:44:58","slug":"dhea-dehydroepiandrosteron","status":"publish","type":"product","link":"https:\/\/x-peptides.com\/pl\/produkt\/dhea-dehydroepiandrosteron\/","title":{"rendered":"DHEA Dehydroepiandrosteron"},"content":{"rendered":"<p data-start=\"47\" data-end=\"390\"><strong data-start=\"47\" data-end=\"390\">DHEA <\/strong>(dehydroepiandrosteron) to naturalnie wyst\u0119puj\u0105cy hormon steroidowy produkowany g\u0142\u00f3wnie przez nadnercza. Odgrywa wa\u017cn\u0105 rol\u0119 jako prekursor innych hormon\u00f3w, w tym testosteronu i estrogenu. Poziom DHEA osi\u0105ga najwy\u017cszy poziom we wczesnej doros\u0142o\u015bci i stopniowo spada wraz z wiekiem. Mo\u017ce wp\u0142ywa\u0107 na nastr\u00f3j, energi\u0119, libido i og\u00f3ln\u0105 witalno\u015b\u0107.<\/p>\n<p data-start=\"392\" data-end=\"515\">Stosowanie DHEA powinno by\u0107 nadzorowane przez specjalist\u0119, poniewa\u017c nie jest to suplement diety, a substancja aktywna hormonalnie<strong data-start=\"392\" data-end=\"515\">.<\/strong><\/p>\n","protected":false},"excerpt":{"rendered":"<p>DHEA (dehydroepiandrosteron) to naturalnie wyst\u0119puj\u0105cy hormon steroidowy produkowany g\u0142\u00f3wnie przez nadnercza. Odgrywa wa\u017cn\u0105 rol\u0119 jako prekursor innych hormon\u00f3w, w tym testosteronu i estrogenu. Poziom DHEA osi\u0105ga najwy\u017cszy poziom we wczesnej doros\u0142o\u015bci i stopniowo spada wraz z wiekiem. Mo\u017ce wp\u0142ywa\u0107 na nastr\u00f3j, energi\u0119, libido i og\u00f3ln\u0105 witalno\u015b\u0107. Stosowanie DHEA powinno by\u0107 nadzorowane przez specjalist\u0119, poniewa\u017c nie&#8230;<\/p>\n","protected":false},"featured_media":10978,"comment_status":"open","ping_status":"closed","template":"","meta":{"_kadence_starter_templates_imported_post":false,"_kad_post_transparent":"default","_kad_post_title":"","_kad_post_layout":"default","_kad_post_sidebar_id":"","_kad_post_content_style":"default","_kad_post_vertical_padding":"default","_kad_post_feature":"","_kad_post_feature_position":"","_kad_post_header":false,"_kad_post_footer":false,"_kad_post_classname":""},"product_brand":[],"product_cat":[99,89,128,96,95,142],"product_tag":[],"class_list":{"0":"post-10974","1":"product","2":"type-product","3":"status-publish","4":"has-post-thumbnail","6":"product_cat-anti-aging","7":"product_cat-bez-kategorii","8":"product_cat-libido","9":"product_cat-regeneracja","10":"product_cat-suplementy","11":"product_cat-wzrost-miesni","13":"first","14":"instock","15":"featured","16":"shipping-taxable","17":"purchasable","18":"product-type-variable","19":"has-default-attributes","20":"entry","21":"content-bg","22":"loop-entry"},"_links":{"self":[{"href":"https:\/\/x-peptides.com\/pl\/wp-json\/wp\/v2\/product\/10974","targetHints":{"allow":["GET"]}}],"collection":[{"href":"https:\/\/x-peptides.com\/pl\/wp-json\/wp\/v2\/product"}],"about":[{"href":"https:\/\/x-peptides.com\/pl\/wp-json\/wp\/v2\/types\/product"}],"replies":[{"embeddable":true,"href":"https:\/\/x-peptides.com\/pl\/wp-json\/wp\/v2\/comments?post=10974"}],"wp:featuredmedia":[{"embeddable":true,"href":"https:\/\/x-peptides.com\/pl\/wp-json\/wp\/v2\/media\/10978"}],"wp:attachment":[{"href":"https:\/\/x-peptides.com\/pl\/wp-json\/wp\/v2\/media?parent=10974"}],"wp:term":[{"taxonomy":"product_brand","embeddable":true,"href":"https:\/\/x-peptides.com\/pl\/wp-json\/wp\/v2\/product_brand?post=10974"},{"taxonomy":"product_cat","embeddable":true,"href":"https:\/\/x-peptides.com\/pl\/wp-json\/wp\/v2\/product_cat?post=10974"},{"taxonomy":"product_tag","embeddable":true,"href":"https:\/\/x-peptides.com\/pl\/wp-json\/wp\/v2\/product_tag?post=10974"}],"curies":[{"name":"wp","href":"https:\/\/api.w.org\/{rel}","templated":true}]}}