{"id":10952,"date":"2025-03-21T13:52:30","date_gmt":"2025-03-21T12:52:30","guid":{"rendered":"https:\/\/x-peptides.com\/produkt\/krill-oil\/"},"modified":"2026-02-25T10:44:50","modified_gmt":"2026-02-25T09:44:50","slug":"krill-oil","status":"publish","type":"product","link":"https:\/\/x-peptides.com\/pl\/produkt\/krill-oil\/","title":{"rendered":"KRILL OIL"},"content":{"rendered":"<p data-start=\"0\" data-end=\"49\"><strong data-start=\"0\" data-end=\"49\">OLEJ Z KRYLA &#8211; WSPARCIE DLA SERCA, M\u00d3ZGU I STAW\u00d3W<\/strong><\/p>\n<p data-start=\"51\" data-end=\"315\">Cenne \u017ar\u00f3d\u0142o kwas\u00f3w t\u0142uszczowych omega-3 (EPA i DHA), fosfolipid\u00f3w i astaksantyny, kt\u00f3re mog\u0105 wspiera\u0107 zdrowie serca, funkcje poznawcze i regeneracj\u0119 staw\u00f3w. Dzi\u0119ki wysokiej biodost\u0119pno\u015bci olej z kryla jest wch\u0142aniany skuteczniej ni\u017c tradycyjne oleje rybne. <\/p>\n<p data-start=\"317\" data-end=\"443\">\u2714 Czysta formu\u0142a bez zb\u0119dnych dodatk\u00f3w<br data-start=\"361\" data-end=\"364\">\u2714 \u0141atwa suplementacja w formie kapsu\u0142ek<br data-start=\"402\" data-end=\"405\">\u2714 Doskona\u0142e wch\u0142anianie i stabilno\u015b\u0107<\/p>\n<p data-start=\"445\" data-end=\"482\" data-is-last-node=\"\" data-is-only-node=\"\">Wybierz naturalne wsparcie dla swojego organizmu!<\/p>\n","protected":false},"excerpt":{"rendered":"<p>OLEJ Z KRYLA &#8211; WSPARCIE DLA SERCA, M\u00d3ZGU I STAW\u00d3W Cenne \u017ar\u00f3d\u0142o kwas\u00f3w t\u0142uszczowych omega-3 (EPA i DHA), fosfolipid\u00f3w i astaksantyny, kt\u00f3re mog\u0105 wspiera\u0107 zdrowie serca, funkcje poznawcze i regeneracj\u0119 staw\u00f3w. Dzi\u0119ki wysokiej biodost\u0119pno\u015bci olej z kryla jest wch\u0142aniany skuteczniej ni\u017c tradycyjne oleje rybne. \u2714 Czysta formu\u0142a bez zb\u0119dnych dodatk\u00f3w\u2714 \u0141atwa suplementacja w formie kapsu\u0142ek\u2714&#8230;<\/p>\n","protected":false},"featured_media":7919,"comment_status":"open","ping_status":"closed","template":"","meta":{"_kadence_starter_templates_imported_post":false,"_kad_post_transparent":"","_kad_post_title":"","_kad_post_layout":"","_kad_post_sidebar_id":"","_kad_post_content_style":"","_kad_post_vertical_padding":"","_kad_post_feature":"","_kad_post_feature_position":"","_kad_post_header":false,"_kad_post_footer":false,"_kad_post_classname":""},"product_brand":[],"product_cat":[99,89,97,136,132,95],"product_tag":[],"class_list":{"0":"post-10952","1":"product","2":"type-product","3":"status-publish","4":"has-post-thumbnail","6":"product_cat-anti-aging","7":"product_cat-bez-kategorii","8":"product_cat-mozg-pamiec-i-koncentracja","9":"product_cat-skora-wlosy-paznokcie","10":"product_cat-stawy-i-sciegna","11":"product_cat-suplementy","13":"first","14":"instock","15":"shipping-taxable","16":"purchasable","17":"product-type-variable","18":"has-default-attributes","19":"entry","20":"content-bg","21":"loop-entry"},"_links":{"self":[{"href":"https:\/\/x-peptides.com\/pl\/wp-json\/wp\/v2\/product\/10952","targetHints":{"allow":["GET"]}}],"collection":[{"href":"https:\/\/x-peptides.com\/pl\/wp-json\/wp\/v2\/product"}],"about":[{"href":"https:\/\/x-peptides.com\/pl\/wp-json\/wp\/v2\/types\/product"}],"replies":[{"embeddable":true,"href":"https:\/\/x-peptides.com\/pl\/wp-json\/wp\/v2\/comments?post=10952"}],"wp:featuredmedia":[{"embeddable":true,"href":"https:\/\/x-peptides.com\/pl\/wp-json\/wp\/v2\/media\/7919"}],"wp:attachment":[{"href":"https:\/\/x-peptides.com\/pl\/wp-json\/wp\/v2\/media?parent=10952"}],"wp:term":[{"taxonomy":"product_brand","embeddable":true,"href":"https:\/\/x-peptides.com\/pl\/wp-json\/wp\/v2\/product_brand?post=10952"},{"taxonomy":"product_cat","embeddable":true,"href":"https:\/\/x-peptides.com\/pl\/wp-json\/wp\/v2\/product_cat?post=10952"},{"taxonomy":"product_tag","embeddable":true,"href":"https:\/\/x-peptides.com\/pl\/wp-json\/wp\/v2\/product_tag?post=10952"}],"curies":[{"name":"wp","href":"https:\/\/api.w.org\/{rel}","templated":true}]}}