{"id":10927,"date":"2025-03-21T13:38:11","date_gmt":"2025-03-21T12:38:11","guid":{"rendered":"https:\/\/x-peptides.com\/produkt\/colostrum-45\/"},"modified":"2025-03-21T13:38:11","modified_gmt":"2025-03-21T12:38:11","slug":"colostrum-45","status":"publish","type":"product","link":"https:\/\/x-peptides.com\/pl\/produkt\/colostrum-45\/","title":{"rendered":"COLOSTRUM 45%"},"content":{"rendered":"<p data-start=\"34\" data-end=\"199\">Wysokiej jako\u015bci <strong>siara<\/strong> bogata w immunoglobuliny, laktoferyn\u0119 i czynniki wzrostu. Naturalne \u017ar\u00f3d\u0142o wsparcia dla odporno\u015bci, regeneracji kom\u00f3rek i zdrowia jelit. <\/p>\n<p data-start=\"201\" data-end=\"318\">Bez zb\u0119dnych dodatk\u00f3w<br data-start=\"234\" data-end=\"237\">\u2714 Wysoka biodost\u0119pno\u015b\u0107 i czysto\u015b\u0107<br data-start=\"270\" data-end=\"273\">\u2714 Naturalna siara z kontrolowanych \u017ar\u00f3de\u0142<\/p>\n","protected":false},"excerpt":{"rendered":"<p>Wysokiej jako\u015bci siara bogata w immunoglobuliny, laktoferyn\u0119 i czynniki wzrostu. Naturalne \u017ar\u00f3d\u0142o wsparcia dla odporno\u015bci, regeneracji kom\u00f3rek i zdrowia jelit. Bez zb\u0119dnych dodatk\u00f3w\u2714 Wysoka biodost\u0119pno\u015b\u0107 i czysto\u015b\u0107\u2714 Naturalna siara z kontrolowanych \u017ar\u00f3de\u0142<\/p>\n","protected":false},"featured_media":7921,"comment_status":"open","ping_status":"closed","template":"","meta":{"_kadence_starter_templates_imported_post":false,"_kad_post_transparent":"","_kad_post_title":"","_kad_post_layout":"","_kad_post_sidebar_id":"","_kad_post_content_style":"","_kad_post_vertical_padding":"","_kad_post_feature":"","_kad_post_feature_position":"","_kad_post_header":false,"_kad_post_footer":false,"_kad_post_classname":""},"product_brand":[],"product_cat":[99,97,96,136,132,95],"product_tag":[],"class_list":{"0":"post-10927","1":"product","2":"type-product","3":"status-publish","4":"has-post-thumbnail","6":"product_cat-anti-aging","7":"product_cat-mozg-pamiec-i-koncentracja","8":"product_cat-regeneracja","9":"product_cat-skora-wlosy-paznokcie","10":"product_cat-stawy-i-sciegna","11":"product_cat-suplementy","13":"first","14":"instock","15":"shipping-taxable","16":"purchasable","17":"product-type-variable","18":"has-default-attributes","19":"entry","20":"content-bg","21":"loop-entry"},"_links":{"self":[{"href":"https:\/\/x-peptides.com\/pl\/wp-json\/wp\/v2\/product\/10927","targetHints":{"allow":["GET"]}}],"collection":[{"href":"https:\/\/x-peptides.com\/pl\/wp-json\/wp\/v2\/product"}],"about":[{"href":"https:\/\/x-peptides.com\/pl\/wp-json\/wp\/v2\/types\/product"}],"replies":[{"embeddable":true,"href":"https:\/\/x-peptides.com\/pl\/wp-json\/wp\/v2\/comments?post=10927"}],"wp:featuredmedia":[{"embeddable":true,"href":"https:\/\/x-peptides.com\/pl\/wp-json\/wp\/v2\/media\/7921"}],"wp:attachment":[{"href":"https:\/\/x-peptides.com\/pl\/wp-json\/wp\/v2\/media?parent=10927"}],"wp:term":[{"taxonomy":"product_brand","embeddable":true,"href":"https:\/\/x-peptides.com\/pl\/wp-json\/wp\/v2\/product_brand?post=10927"},{"taxonomy":"product_cat","embeddable":true,"href":"https:\/\/x-peptides.com\/pl\/wp-json\/wp\/v2\/product_cat?post=10927"},{"taxonomy":"product_tag","embeddable":true,"href":"https:\/\/x-peptides.com\/pl\/wp-json\/wp\/v2\/product_tag?post=10927"}],"curies":[{"name":"wp","href":"https:\/\/api.w.org\/{rel}","templated":true}]}}