{"id":10899,"date":"2025-03-21T13:29:04","date_gmt":"2025-03-21T12:29:04","guid":{"rendered":"https:\/\/x-peptides.com\/produkt\/nac\/"},"modified":"2025-03-21T13:29:04","modified_gmt":"2025-03-21T12:29:04","slug":"nac","status":"publish","type":"product","link":"https:\/\/x-peptides.com\/pl\/produkt\/nac\/","title":{"rendered":"NAC"},"content":{"rendered":"<p data-start=\"56\" data-end=\"313\"><strong data-start=\"56\" data-end=\"313\">NAC o wysokiej czysto\u015bci i stabilno\u015bci, stosowana w badaniach nad funkcjami poznawczymi, wsparciem odporno\u015bci i ochron\u0105 kom\u00f3rkow\u0105. NAC jest prekursorem glutationu &#8211; silnego przeciwutleniacza, kt\u00f3ry mo\u017ce wspiera\u0107 zdrowie uk\u0142adu nerwowego i procesy detoksykacji organizmu. <\/strong><\/p>\n<p data-start=\"315\" data-end=\"455\">Wolny od zb\u0119dnych dodatk\u00f3w<br data-start=\"348\" data-end=\"351\">\u2714 Optymalne st\u0119\u017cenie i wysoka biodost\u0119pno\u015b\u0107<br data-start=\"399\" data-end=\"402\">\u2714 Przeznaczony do zastosowa\u0144 badawczych i przemys\u0142owych<\/p>\n","protected":false},"excerpt":{"rendered":"<p>NAC o wysokiej czysto\u015bci i stabilno\u015bci, stosowana w badaniach nad funkcjami poznawczymi, wsparciem odporno\u015bci i ochron\u0105 kom\u00f3rkow\u0105. NAC jest prekursorem glutationu &#8211; silnego przeciwutleniacza, kt\u00f3ry mo\u017ce wspiera\u0107 zdrowie uk\u0142adu nerwowego i procesy detoksykacji organizmu. Wolny od zb\u0119dnych dodatk\u00f3w\u2714 Optymalne st\u0119\u017cenie i wysoka biodost\u0119pno\u015b\u0107\u2714 Przeznaczony do zastosowa\u0144 badawczych i przemys\u0142owych<\/p>\n","protected":false},"featured_media":7922,"comment_status":"open","ping_status":"closed","template":"","meta":{"_kadence_starter_templates_imported_post":false,"_kad_post_transparent":"","_kad_post_title":"","_kad_post_layout":"","_kad_post_sidebar_id":"","_kad_post_content_style":"","_kad_post_vertical_padding":"","_kad_post_feature":"","_kad_post_feature_position":"","_kad_post_header":false,"_kad_post_footer":false,"_kad_post_classname":""},"product_brand":[],"product_cat":[89,97,96,98,95],"product_tag":[],"class_list":{"0":"post-10899","1":"product","2":"type-product","3":"status-publish","4":"has-post-thumbnail","6":"product_cat-bez-kategorii","7":"product_cat-mozg-pamiec-i-koncentracja","8":"product_cat-regeneracja","9":"product_cat-sen-i-relaks","10":"product_cat-suplementy","12":"first","13":"instock","14":"shipping-taxable","15":"purchasable","16":"product-type-variable","17":"has-default-attributes","18":"entry","19":"content-bg","20":"loop-entry"},"_links":{"self":[{"href":"https:\/\/x-peptides.com\/pl\/wp-json\/wp\/v2\/product\/10899","targetHints":{"allow":["GET"]}}],"collection":[{"href":"https:\/\/x-peptides.com\/pl\/wp-json\/wp\/v2\/product"}],"about":[{"href":"https:\/\/x-peptides.com\/pl\/wp-json\/wp\/v2\/types\/product"}],"replies":[{"embeddable":true,"href":"https:\/\/x-peptides.com\/pl\/wp-json\/wp\/v2\/comments?post=10899"}],"wp:featuredmedia":[{"embeddable":true,"href":"https:\/\/x-peptides.com\/pl\/wp-json\/wp\/v2\/media\/7922"}],"wp:attachment":[{"href":"https:\/\/x-peptides.com\/pl\/wp-json\/wp\/v2\/media?parent=10899"}],"wp:term":[{"taxonomy":"product_brand","embeddable":true,"href":"https:\/\/x-peptides.com\/pl\/wp-json\/wp\/v2\/product_brand?post=10899"},{"taxonomy":"product_cat","embeddable":true,"href":"https:\/\/x-peptides.com\/pl\/wp-json\/wp\/v2\/product_cat?post=10899"},{"taxonomy":"product_tag","embeddable":true,"href":"https:\/\/x-peptides.com\/pl\/wp-json\/wp\/v2\/product_tag?post=10899"}],"curies":[{"name":"wp","href":"https:\/\/api.w.org\/{rel}","templated":true}]}}