{"id":10208,"date":"2025-08-25T11:26:32","date_gmt":"2025-08-25T09:26:32","guid":{"rendered":"https:\/\/x-peptides.com\/produkt\/pe-22-28-10-mg\/"},"modified":"2025-08-25T11:26:32","modified_gmt":"2025-08-25T09:26:32","slug":"pe-22-28-10-mg","status":"publish","type":"product","link":"https:\/\/x-peptides.com\/pl\/produkt\/pe-22-28-10-mg\/","title":{"rendered":"PE-22-28 10 mg"},"content":{"rendered":"<p data-start=\"133\" data-end=\"464\"><strong data-start=\"133\" data-end=\"464\">PE-22-28 10 mg <\/strong>to syntetyczny peptyd badawczy pochodz\u0105cy ze spadyny &#8211; naturalnego fragmentu peptydowego bia\u0142ka sortiliny. Dzia\u0142a jako antagonista receptora TREK-1 (kana\u0142u potasowego z rodziny TWIK), kt\u00f3ry zosta\u0142 zidentyfikowany jako potencjalny cel terapeutyczny w badaniach nad depresj\u0105 i modulacj\u0105 neurogenezy. <\/p>\n<p data-start=\"466\" data-end=\"603\">Zwi\u0105zek ten jest stosowany w badaniach eksperymentalnych obejmuj\u0105cych uk\u0142ad nerwowy, plastyczno\u015b\u0107 synaptyczn\u0105 i procesy regeneracji neuron\u00f3w.<\/p>\n<p data-start=\"605\" data-end=\"675\">W badaniach przedklinicznych zaobserwowano, \u017ce PE-22-28 potencjalnie:<\/p>\n<ul data-start=\"677\" data-end=\"1037\">\n<li data-start=\"677\" data-end=\"748\">\n<p data-start=\"679\" data-end=\"748\">blokuj\u0105 receptor TREK-1 skuteczniej ni\u017c naturalna spicyna,<\/p>\n<\/li>\n<li data-start=\"749\" data-end=\"811\">\n<p data-start=\"751\" data-end=\"811\">wykazuj\u0105 w\u0142a\u015bciwo\u015bci przeciwdepresyjne i neuroprotekcyjne,<\/p>\n<\/li>\n<li data-start=\"812\" data-end=\"878\">\n<p data-start=\"814\" data-end=\"878\">indukuj\u0105 neurogenez\u0119 w ci\u0105gu zaledwie kilku dni od zastosowania,<\/p>\n<\/li>\n<li data-start=\"879\" data-end=\"938\">\n<p data-start=\"881\" data-end=\"938\">wspiera\u0107 badania nad mechanizmami uczenia si\u0119 i pami\u0119ci,<\/p>\n<\/li>\n<li data-start=\"939\" data-end=\"1037\">\n<p data-start=\"941\" data-end=\"1037\">by\u0107 oceniane pod k\u0105tem potencjalnego zastosowania w regeneracji po udarze i stanach neurodegeneracyjnych.<\/p>\n<\/li>\n<\/ul>\n<p data-start=\"1039\" data-end=\"1401\"><strong data-start=\"1039\" data-end=\"1091\">Odczynnik laboratoryjny &#8211; wy\u0142\u0105cznie do cel\u00f3w badawczych.<\/strong><br data-start=\"1091\" data-end=\"1094\">Ten produkt jest sklasyfikowany jako odczynnik chemiczny wy\u0142\u0105cznie do u\u017cytku badawczego i musi by\u0107 obs\u0142ugiwany przez wykwalifikowanych specjalist\u00f3w w warunkach laboratoryjnych. Nie jest to suplement diety, lek ani produkt spo\u017cywczy i nie jest przeznaczony do spo\u017cycia przez ludzi. Wszystkie podane informacje s\u0142u\u017c\u0105 wy\u0142\u0105cznie celom edukacyjnym.  <\/p>\n","protected":false},"excerpt":{"rendered":"<p>PE-22-28 10 mg to syntetyczny peptyd badawczy pochodz\u0105cy ze spadyny &#8211; naturalnego fragmentu peptydowego bia\u0142ka sortiliny. Dzia\u0142a jako antagonista receptora TREK-1 (kana\u0142u potasowego z rodziny TWIK), kt\u00f3ry zosta\u0142 zidentyfikowany jako potencjalny cel terapeutyczny w badaniach nad depresj\u0105 i modulacj\u0105 neurogenezy. Zwi\u0105zek ten jest stosowany w badaniach eksperymentalnych obejmuj\u0105cych uk\u0142ad nerwowy, plastyczno\u015b\u0107 synaptyczn\u0105 i procesy regeneracji&#8230;<\/p>\n","protected":false},"featured_media":10211,"comment_status":"open","ping_status":"closed","template":"","meta":{"_kadence_starter_templates_imported_post":false,"_kad_post_transparent":"","_kad_post_title":"","_kad_post_layout":"","_kad_post_sidebar_id":"","_kad_post_content_style":"","_kad_post_vertical_padding":"","_kad_post_feature":"","_kad_post_feature_position":"","_kad_post_header":false,"_kad_post_footer":false,"_kad_post_classname":""},"product_brand":[],"product_cat":[89,119,97,117],"product_tag":[],"class_list":{"0":"post-10208","1":"product","2":"type-product","3":"status-publish","4":"has-post-thumbnail","6":"product_cat-bez-kategorii","7":"product_cat-fiolki","8":"product_cat-mozg-pamiec-i-koncentracja","9":"product_cat-peptydy","11":"first","12":"outofstock","13":"shipping-taxable","14":"purchasable","15":"product-type-simple","16":"entry","17":"content-bg","18":"loop-entry"},"_links":{"self":[{"href":"https:\/\/x-peptides.com\/pl\/wp-json\/wp\/v2\/product\/10208","targetHints":{"allow":["GET"]}}],"collection":[{"href":"https:\/\/x-peptides.com\/pl\/wp-json\/wp\/v2\/product"}],"about":[{"href":"https:\/\/x-peptides.com\/pl\/wp-json\/wp\/v2\/types\/product"}],"replies":[{"embeddable":true,"href":"https:\/\/x-peptides.com\/pl\/wp-json\/wp\/v2\/comments?post=10208"}],"wp:featuredmedia":[{"embeddable":true,"href":"https:\/\/x-peptides.com\/pl\/wp-json\/wp\/v2\/media\/10211"}],"wp:attachment":[{"href":"https:\/\/x-peptides.com\/pl\/wp-json\/wp\/v2\/media?parent=10208"}],"wp:term":[{"taxonomy":"product_brand","embeddable":true,"href":"https:\/\/x-peptides.com\/pl\/wp-json\/wp\/v2\/product_brand?post=10208"},{"taxonomy":"product_cat","embeddable":true,"href":"https:\/\/x-peptides.com\/pl\/wp-json\/wp\/v2\/product_cat?post=10208"},{"taxonomy":"product_tag","embeddable":true,"href":"https:\/\/x-peptides.com\/pl\/wp-json\/wp\/v2\/product_tag?post=10208"}],"curies":[{"name":"wp","href":"https:\/\/api.w.org\/{rel}","templated":true}]}}