{"id":10145,"date":"2025-07-01T12:15:55","date_gmt":"2025-07-01T10:15:55","guid":{"rendered":"https:\/\/x-peptides.com\/produkt\/ahk-cu-10-mg\/"},"modified":"2025-07-01T12:15:55","modified_gmt":"2025-07-01T10:15:55","slug":"ahk-cu-10-mg","status":"publish","type":"product","link":"https:\/\/x-peptides.com\/pl\/produkt\/ahk-cu-10-mg\/","title":{"rendered":"AHK-CU 10 mg"},"content":{"rendered":"<p data-start=\"143\" data-end=\"379\"><strong data-start=\"143\" data-end=\"379\">AHK-Cu <\/strong>to zaawansowany peptyd sk\u0142adaj\u0105cy si\u0119 z tripeptydu AHK (Ala-His-Lys) zwi\u0105zanego z jonem miedzi (Cu\u00b2\u207a). W badaniach in vitro i modelach przedklinicznych wykaza\u0142 potencja\u0142 wspomagania odrastania w\u0142os\u00f3w i poprawy kondycji sk\u00f3ry g\u0142owy. <\/p>\n<p data-start=\"381\" data-end=\"441\">Zainteresowanie badawcze AHK-Cu wynika z jego zdolno\u015bci do:<\/p>\n<ul data-start=\"443\" data-end=\"835\">\n<li data-start=\"443\" data-end=\"501\">\n<p data-start=\"445\" data-end=\"501\">stymuluj\u0105 mieszki w\u0142osowe i kom\u00f3rki brodawek sk\u00f3rnych,<\/p>\n<\/li>\n<li data-start=\"502\" data-end=\"578\">\n<p data-start=\"504\" data-end=\"578\">wyd\u0142u\u017ca faz\u0119 anagenu (aktywn\u0105 faz\u0119 wzrostu w cyklu w\u0142osa),<\/p>\n<\/li>\n<li data-start=\"579\" data-end=\"662\">\n<p data-start=\"581\" data-end=\"662\">zmniejszaj\u0105 miniaturyzacj\u0119 mieszk\u00f3w w\u0142osowych &#8211; cech\u0119 charakterystyczn\u0105 \u0142ysienia androgenowego,<\/p>\n<\/li>\n<li data-start=\"663\" data-end=\"765\">\n<p data-start=\"665\" data-end=\"765\">potencjalnie zmniejszaj\u0105 miejscowy wp\u0142yw DHT (dihydrotestosteronu), kluczowego czynnika powoduj\u0105cego wypadanie w\u0142os\u00f3w,<\/p>\n<\/li>\n<li data-start=\"766\" data-end=\"835\">\n<p data-start=\"768\" data-end=\"835\">poprawiaj\u0105 mikrokr\u0105\u017cenie sk\u00f3ry g\u0142owy i zapewniaj\u0105 dzia\u0142anie przeciwutleniaj\u0105ce.<\/p>\n<\/li>\n<\/ul>\n<p data-start=\"1348\" data-end=\"1710\"><strong data-start=\"1348\" data-end=\"1400\">Odczynnik laboratoryjny &#8211; wy\u0142\u0105cznie do cel\u00f3w badawczych.<\/strong><br data-start=\"1400\" data-end=\"1403\">Ten produkt jest sklasyfikowany jako odczynnik chemiczny wy\u0142\u0105cznie do u\u017cytku badawczego i musi by\u0107 obs\u0142ugiwany przez wykwalifikowanych specjalist\u00f3w w warunkach laboratoryjnych. Nie jest to suplement diety, lek ani produkt spo\u017cywczy i nie jest przeznaczony do spo\u017cycia przez ludzi. Wszystkie podane informacje s\u0142u\u017c\u0105 wy\u0142\u0105cznie celom edukacyjnym.  <\/p>\n","protected":false},"excerpt":{"rendered":"<p>AHK-Cu to zaawansowany peptyd sk\u0142adaj\u0105cy si\u0119 z tripeptydu AHK (Ala-His-Lys) zwi\u0105zanego z jonem miedzi (Cu\u00b2\u207a). W badaniach in vitro i modelach przedklinicznych wykaza\u0142 potencja\u0142 wspomagania odrastania w\u0142os\u00f3w i poprawy kondycji sk\u00f3ry g\u0142owy. Zainteresowanie badawcze AHK-Cu wynika z jego zdolno\u015bci do: stymuluj\u0105 mieszki w\u0142osowe i kom\u00f3rki brodawek sk\u00f3rnych, wyd\u0142u\u017ca faz\u0119 anagenu (aktywn\u0105 faz\u0119 wzrostu w cyklu&#8230;<\/p>\n","protected":false},"featured_media":5030,"comment_status":"open","ping_status":"closed","template":"","meta":{"_kadence_starter_templates_imported_post":false,"_kad_post_transparent":"","_kad_post_title":"","_kad_post_layout":"","_kad_post_sidebar_id":"","_kad_post_content_style":"","_kad_post_vertical_padding":"","_kad_post_feature":"","_kad_post_feature_position":"","_kad_post_header":false,"_kad_post_footer":false,"_kad_post_classname":""},"product_brand":[],"product_cat":[89,119,117,136],"product_tag":[],"class_list":{"0":"post-10145","1":"product","2":"type-product","3":"status-publish","4":"has-post-thumbnail","6":"product_cat-bez-kategorii","7":"product_cat-fiolki","8":"product_cat-peptydy","9":"product_cat-skora-wlosy-paznokcie","11":"first","12":"instock","13":"shipping-taxable","14":"purchasable","15":"product-type-simple","16":"entry","17":"content-bg","18":"loop-entry"},"_links":{"self":[{"href":"https:\/\/x-peptides.com\/pl\/wp-json\/wp\/v2\/product\/10145","targetHints":{"allow":["GET"]}}],"collection":[{"href":"https:\/\/x-peptides.com\/pl\/wp-json\/wp\/v2\/product"}],"about":[{"href":"https:\/\/x-peptides.com\/pl\/wp-json\/wp\/v2\/types\/product"}],"replies":[{"embeddable":true,"href":"https:\/\/x-peptides.com\/pl\/wp-json\/wp\/v2\/comments?post=10145"}],"wp:featuredmedia":[{"embeddable":true,"href":"https:\/\/x-peptides.com\/pl\/wp-json\/wp\/v2\/media\/5030"}],"wp:attachment":[{"href":"https:\/\/x-peptides.com\/pl\/wp-json\/wp\/v2\/media?parent=10145"}],"wp:term":[{"taxonomy":"product_brand","embeddable":true,"href":"https:\/\/x-peptides.com\/pl\/wp-json\/wp\/v2\/product_brand?post=10145"},{"taxonomy":"product_cat","embeddable":true,"href":"https:\/\/x-peptides.com\/pl\/wp-json\/wp\/v2\/product_cat?post=10145"},{"taxonomy":"product_tag","embeddable":true,"href":"https:\/\/x-peptides.com\/pl\/wp-json\/wp\/v2\/product_tag?post=10145"}],"curies":[{"name":"wp","href":"https:\/\/api.w.org\/{rel}","templated":true}]}}