{"id":10137,"date":"2025-07-09T12:43:18","date_gmt":"2025-07-09T10:43:18","guid":{"rendered":"https:\/\/x-peptides.com\/produkt\/wormageddon\/"},"modified":"2025-07-09T12:43:18","modified_gmt":"2025-07-09T10:43:18","slug":"wormageddon","status":"publish","type":"product","link":"https:\/\/x-peptides.com\/pl\/produkt\/wormageddon\/","title":{"rendered":"Wormageddon"},"content":{"rendered":"<p data-start=\"201\" data-end=\"451\">Substancja ta jest przeznaczona do zastosowa\u0144 badawczych. Zawiera zwi\u0105zki stosowane w badaniach ukierunkowanych na zwalczanie r\u00f3\u017cnych rodzaj\u00f3w paso\u017cyt\u00f3w, w tym tych, kt\u00f3re mog\u0105 wyst\u0119powa\u0107 w uk\u0142adach pokarmowych ludzi i zwierz\u0105t. <\/p>\n","protected":false},"excerpt":{"rendered":"<p>Substancja ta jest przeznaczona do zastosowa\u0144 badawczych. Zawiera zwi\u0105zki stosowane w badaniach ukierunkowanych na zwalczanie r\u00f3\u017cnych rodzaj\u00f3w paso\u017cyt\u00f3w, w tym tych, kt\u00f3re mog\u0105 wyst\u0119powa\u0107 w uk\u0142adach pokarmowych ludzi i zwierz\u0105t.<\/p>\n","protected":false},"featured_media":8093,"comment_status":"open","ping_status":"closed","template":"","meta":{"_kadence_starter_templates_imported_post":false,"_kad_post_transparent":"","_kad_post_title":"","_kad_post_layout":"","_kad_post_sidebar_id":"","_kad_post_content_style":"","_kad_post_vertical_padding":"","_kad_post_feature":"","_kad_post_feature_position":"","_kad_post_header":false,"_kad_post_footer":false,"_kad_post_classname":""},"product_brand":[],"product_cat":[89,96,98,136,132],"product_tag":[],"class_list":{"0":"post-10137","1":"product","2":"type-product","3":"status-publish","4":"has-post-thumbnail","6":"product_cat-bez-kategorii","7":"product_cat-regeneracja","8":"product_cat-sen-i-relaks","9":"product_cat-skora-wlosy-paznokcie","10":"product_cat-stawy-i-sciegna","12":"first","13":"instock","14":"shipping-taxable","15":"purchasable","16":"product-type-variable","17":"has-default-attributes","18":"entry","19":"content-bg","20":"loop-entry"},"_links":{"self":[{"href":"https:\/\/x-peptides.com\/pl\/wp-json\/wp\/v2\/product\/10137","targetHints":{"allow":["GET"]}}],"collection":[{"href":"https:\/\/x-peptides.com\/pl\/wp-json\/wp\/v2\/product"}],"about":[{"href":"https:\/\/x-peptides.com\/pl\/wp-json\/wp\/v2\/types\/product"}],"replies":[{"embeddable":true,"href":"https:\/\/x-peptides.com\/pl\/wp-json\/wp\/v2\/comments?post=10137"}],"wp:featuredmedia":[{"embeddable":true,"href":"https:\/\/x-peptides.com\/pl\/wp-json\/wp\/v2\/media\/8093"}],"wp:attachment":[{"href":"https:\/\/x-peptides.com\/pl\/wp-json\/wp\/v2\/media?parent=10137"}],"wp:term":[{"taxonomy":"product_brand","embeddable":true,"href":"https:\/\/x-peptides.com\/pl\/wp-json\/wp\/v2\/product_brand?post=10137"},{"taxonomy":"product_cat","embeddable":true,"href":"https:\/\/x-peptides.com\/pl\/wp-json\/wp\/v2\/product_cat?post=10137"},{"taxonomy":"product_tag","embeddable":true,"href":"https:\/\/x-peptides.com\/pl\/wp-json\/wp\/v2\/product_tag?post=10137"}],"curies":[{"name":"wp","href":"https:\/\/api.w.org\/{rel}","templated":true}]}}