{"id":10063,"date":"2025-05-30T13:22:34","date_gmt":"2025-05-30T11:22:34","guid":{"rendered":"https:\/\/x-peptides.com\/produkt\/witamina-c-kwas-l-askorbinowy\/"},"modified":"2025-05-30T13:22:34","modified_gmt":"2025-05-30T11:22:34","slug":"witamina-c-kwas-l-askorbinowy","status":"publish","type":"product","link":"https:\/\/x-peptides.com\/pl\/produkt\/witamina-c-kwas-l-askorbinowy\/","title":{"rendered":"Witamina C (kwas L-askorbinowy)"},"content":{"rendered":"<p data-start=\"59\" data-end=\"351\"><strong data-start=\"59\" data-end=\"351\">Witamina C (kwas L-askorbinowy) <br data-start=\"102\" data-end=\"105\"><\/strong>Kwas L-askorbinowy jest zwi\u0105zkiem chemicznym szeroko stosowanym w zastosowaniach laboratoryjnych i technicznych. Jest dobrze znany jako przeciwutleniacz i odczynnik stosowany w badaniach nad stresem oksydacyjnym, procesami redoks i stabilno\u015bci\u0105 innych zwi\u0105zk\u00f3w chemicznych. <\/p>\n<p data-start=\"353\" data-end=\"454\"><strong data-start=\"353\" data-end=\"454\">Ten produkt nie jest suplementem diety ani artyku\u0142em spo\u017cywczym. Jest przeznaczony wy\u0142\u0105cznie do cel\u00f3w badawczych. <\/strong><\/p>\n","protected":false},"excerpt":{"rendered":"<p>Witamina C (kwas L-askorbinowy) Kwas L-askorbinowy jest zwi\u0105zkiem chemicznym szeroko stosowanym w zastosowaniach laboratoryjnych i technicznych. Jest dobrze znany jako przeciwutleniacz i odczynnik stosowany w badaniach nad stresem oksydacyjnym, procesami redoks i stabilno\u015bci\u0105 innych zwi\u0105zk\u00f3w chemicznych. Ten produkt nie jest suplementem diety ani artyku\u0142em spo\u017cywczym. Jest przeznaczony wy\u0142\u0105cznie do cel\u00f3w badawczych.<\/p>\n","protected":false},"featured_media":7890,"comment_status":"open","ping_status":"closed","template":"","meta":{"_kadence_starter_templates_imported_post":false,"_kad_post_transparent":"","_kad_post_title":"","_kad_post_layout":"","_kad_post_sidebar_id":"","_kad_post_content_style":"","_kad_post_vertical_padding":"","_kad_post_feature":"","_kad_post_feature_position":"","_kad_post_header":false,"_kad_post_footer":false,"_kad_post_classname":""},"product_brand":[],"product_cat":[99,89,96,136],"product_tag":[],"class_list":{"0":"post-10063","1":"product","2":"type-product","3":"status-publish","4":"has-post-thumbnail","6":"product_cat-anti-aging","7":"product_cat-bez-kategorii","8":"product_cat-regeneracja","9":"product_cat-skora-wlosy-paznokcie","11":"first","12":"instock","13":"shipping-taxable","14":"purchasable","15":"product-type-variable","16":"has-default-attributes","17":"entry","18":"content-bg","19":"loop-entry"},"_links":{"self":[{"href":"https:\/\/x-peptides.com\/pl\/wp-json\/wp\/v2\/product\/10063","targetHints":{"allow":["GET"]}}],"collection":[{"href":"https:\/\/x-peptides.com\/pl\/wp-json\/wp\/v2\/product"}],"about":[{"href":"https:\/\/x-peptides.com\/pl\/wp-json\/wp\/v2\/types\/product"}],"replies":[{"embeddable":true,"href":"https:\/\/x-peptides.com\/pl\/wp-json\/wp\/v2\/comments?post=10063"}],"wp:featuredmedia":[{"embeddable":true,"href":"https:\/\/x-peptides.com\/pl\/wp-json\/wp\/v2\/media\/7890"}],"wp:attachment":[{"href":"https:\/\/x-peptides.com\/pl\/wp-json\/wp\/v2\/media?parent=10063"}],"wp:term":[{"taxonomy":"product_brand","embeddable":true,"href":"https:\/\/x-peptides.com\/pl\/wp-json\/wp\/v2\/product_brand?post=10063"},{"taxonomy":"product_cat","embeddable":true,"href":"https:\/\/x-peptides.com\/pl\/wp-json\/wp\/v2\/product_cat?post=10063"},{"taxonomy":"product_tag","embeddable":true,"href":"https:\/\/x-peptides.com\/pl\/wp-json\/wp\/v2\/product_tag?post=10063"}],"curies":[{"name":"wp","href":"https:\/\/api.w.org\/{rel}","templated":true}]}}