{"id":10054,"date":"2025-06-05T09:45:23","date_gmt":"2025-06-05T07:45:23","guid":{"rendered":"https:\/\/x-peptides.com\/produkt\/snap-8-10mg\/"},"modified":"2025-06-05T09:45:23","modified_gmt":"2025-06-05T07:45:23","slug":"snap-8-10mg","status":"publish","type":"product","link":"https:\/\/x-peptides.com\/pl\/produkt\/snap-8-10mg\/","title":{"rendered":"SNAP-8 10mg"},"content":{"rendered":"<p data-start=\"63\" data-end=\"342\"><strong data-start=\"63\" data-end=\"342\">SNAP-8 <\/strong>to peptyd pochodz\u0105cy ze zmodyfikowanej wersji bia\u0142ka SNAP-25, kt\u00f3re odgrywa kluczow\u0105 rol\u0119 w mechanizmie skurczu mi\u0119\u015bni. W badaniach laboratoryjnych wykazano zdolno\u015b\u0107 do zmniejszania skurczu mi\u0119\u015bni twarzy poprzez wp\u0142yw na uwalnianie neuroprzeka\u017anik\u00f3w. <\/p>\n<p data-start=\"344\" data-end=\"514\">Zwi\u0105zek ten zyska\u0142 zainteresowanie jako ukierunkowana na badania alternatywa dla toksyny botulinowej i jest badany pod k\u0105tem jego potencja\u0142u do zmniejszania widoczno\u015bci zmarszczek mimicznych.<\/p>\n<p data-start=\"516\" data-end=\"815\">Badania sugeruj\u0105, \u017ce SNAP-8 mo\u017ce pom\u00f3c rozlu\u017ani\u0107 mi\u0119\u015bnie twarzy odpowiedzialne za ruchy mimiczne, co czyni go istotnym w badaniach mechanizm\u00f3w starzenia si\u0119 sk\u00f3ry i napi\u0119cia mi\u0119\u015bni. Jego aktywno\u015b\u0107 jest nadal badana w dziedzinie neurobiologii, dermatologii eksperymentalnej i estetyki molekularnej. <\/p>\n<p data-start=\"817\" data-end=\"995\">SNAP-8 jest uwa\u017cany za innowacyjny peptyd, uznawany przez spo\u0142eczno\u015b\u0107 naukow\u0105 za modelowy zwi\u0105zek do badania sygnalizacji nerwowo-mi\u0119\u015bniowej i jej wp\u0142ywu na wygl\u0105d sk\u00f3ry.<\/p>\n<p data-start=\"997\" data-end=\"1360\"><strong data-start=\"997\" data-end=\"1360\">Odczynnik laboratoryjny &#8211; wy\u0142\u0105cznie do cel\u00f3w badawczych<br data-start=\"1046\" data-end=\"1049\"><\/strong>Ten produkt jest sklasyfikowany jako odczynnik chemiczny wy\u0142\u0105cznie do u\u017cytku badawczego i powinien by\u0107 obs\u0142ugiwany przez wykwalifikowanych specjalist\u00f3w w warunkach laboratoryjnych. Nie jest to suplement diety, lek ani produkt spo\u017cywczy i nie jest przeznaczony do spo\u017cycia przez ludzi. Wszystkie podane informacje s\u0142u\u017c\u0105 wy\u0142\u0105cznie celom edukacyjnym.  <\/p>\n","protected":false},"excerpt":{"rendered":"<p>SNAP-8 to peptyd pochodz\u0105cy ze zmodyfikowanej wersji bia\u0142ka SNAP-25, kt\u00f3re odgrywa kluczow\u0105 rol\u0119 w mechanizmie skurczu mi\u0119\u015bni. W badaniach laboratoryjnych wykazano zdolno\u015b\u0107 do zmniejszania skurczu mi\u0119\u015bni twarzy poprzez wp\u0142yw na uwalnianie neuroprzeka\u017anik\u00f3w. Zwi\u0105zek ten zyska\u0142 zainteresowanie jako ukierunkowana na badania alternatywa dla toksyny botulinowej i jest badany pod k\u0105tem jego potencja\u0142u do zmniejszania widoczno\u015bci zmarszczek&#8230;<\/p>\n","protected":false},"featured_media":10057,"comment_status":"open","ping_status":"closed","template":"","meta":{"_kadence_starter_templates_imported_post":false,"_kad_post_transparent":"","_kad_post_title":"","_kad_post_layout":"","_kad_post_sidebar_id":"","_kad_post_content_style":"","_kad_post_vertical_padding":"","_kad_post_feature":"","_kad_post_feature_position":"","_kad_post_header":false,"_kad_post_footer":false,"_kad_post_classname":""},"product_brand":[],"product_cat":[99,89,119,117],"product_tag":[],"class_list":{"0":"post-10054","1":"product","2":"type-product","3":"status-publish","4":"has-post-thumbnail","6":"product_cat-anti-aging","7":"product_cat-bez-kategorii","8":"product_cat-fiolki","9":"product_cat-peptydy","11":"first","12":"instock","13":"shipping-taxable","14":"purchasable","15":"product-type-simple","16":"entry","17":"content-bg","18":"loop-entry"},"_links":{"self":[{"href":"https:\/\/x-peptides.com\/pl\/wp-json\/wp\/v2\/product\/10054","targetHints":{"allow":["GET"]}}],"collection":[{"href":"https:\/\/x-peptides.com\/pl\/wp-json\/wp\/v2\/product"}],"about":[{"href":"https:\/\/x-peptides.com\/pl\/wp-json\/wp\/v2\/types\/product"}],"replies":[{"embeddable":true,"href":"https:\/\/x-peptides.com\/pl\/wp-json\/wp\/v2\/comments?post=10054"}],"wp:featuredmedia":[{"embeddable":true,"href":"https:\/\/x-peptides.com\/pl\/wp-json\/wp\/v2\/media\/10057"}],"wp:attachment":[{"href":"https:\/\/x-peptides.com\/pl\/wp-json\/wp\/v2\/media?parent=10054"}],"wp:term":[{"taxonomy":"product_brand","embeddable":true,"href":"https:\/\/x-peptides.com\/pl\/wp-json\/wp\/v2\/product_brand?post=10054"},{"taxonomy":"product_cat","embeddable":true,"href":"https:\/\/x-peptides.com\/pl\/wp-json\/wp\/v2\/product_cat?post=10054"},{"taxonomy":"product_tag","embeddable":true,"href":"https:\/\/x-peptides.com\/pl\/wp-json\/wp\/v2\/product_tag?post=10054"}],"curies":[{"name":"wp","href":"https:\/\/api.w.org\/{rel}","templated":true}]}}