{"id":9970,"date":"2025-05-29T14:02:33","date_gmt":"2025-05-29T12:02:33","guid":{"rendered":"https:\/\/x-peptides.com\/produkt\/bore\/"},"modified":"2026-04-17T13:33:29","modified_gmt":"2026-04-17T11:33:29","slug":"bore","status":"publish","type":"product","link":"https:\/\/x-peptides.com\/fr\/produkt\/bore\/","title":{"rendered":"Bore"},"content":{"rendered":"<p data-start=\"48\" data-end=\"367\">Bore <strong data-start=\"48\" data-end=\"96\">&#8211; Ch\u00e9late d&rsquo;acide amin\u00e9 (glycinate<\/strong> de bore)<br data-start=\"96\" data-end=\"99\" \/>Le bore est un oligo-\u00e9l\u00e9ment qui, sous la forme d&rsquo;un ch\u00e9late d&rsquo;acide amin\u00e9 (glycinate de bore), sert de mati\u00e8re premi\u00e8re de haute puret\u00e9 pour une utilisation technique et en laboratoire. Il peut \u00eatre utilis\u00e9 dans la recherche ax\u00e9e sur l&rsquo;\u00e9quilibre m\u00e9tabolique, l&rsquo;hom\u00e9ostasie min\u00e9rale et les processus r\u00e9g\u00e9n\u00e9ratifs.<\/p>\n<p data-start=\"369\" data-end=\"425\"><strong data-start=\"369\" data-end=\"425\">Ce produit est destin\u00e9 \u00e0 des fins de recherche uniquement.<\/strong><\/p>\n","protected":false},"excerpt":{"rendered":"<p>Bore &#8211; Ch\u00e9late d&rsquo;acide amin\u00e9 (glycinate de bore)Le bore est un oligo-\u00e9l\u00e9ment qui, sous la forme d&rsquo;un ch\u00e9late d&rsquo;acide amin\u00e9 (glycinate de bore), sert de mati\u00e8re premi\u00e8re de haute puret\u00e9 pour une utilisation technique et en laboratoire. Il peut \u00eatre utilis\u00e9 dans la recherche ax\u00e9e sur l&rsquo;\u00e9quilibre m\u00e9tabolique, l&rsquo;hom\u00e9ostasie min\u00e9rale et les processus r\u00e9g\u00e9n\u00e9ratifs. Ce&#8230;<\/p>\n","protected":false},"featured_media":9971,"comment_status":"open","ping_status":"closed","template":"","meta":{"_kadence_starter_templates_imported_post":false,"_kad_post_transparent":"default","_kad_post_title":"","_kad_post_layout":"default","_kad_post_sidebar_id":"","_kad_post_content_style":"default","_kad_post_vertical_padding":"default","_kad_post_feature":"","_kad_post_feature_position":"","_kad_post_header":false,"_kad_post_footer":false,"_kad_post_classname":""},"product_brand":[],"product_cat":[109,134,87,106],"product_tag":[],"class_list":{"0":"post-9970","1":"product","2":"type-product","3":"status-publish","4":"has-post-thumbnail","6":"product_cat-anti-age","7":"product_cat-articulations-et-tendons","8":"product_cat-non-classe","9":"product_cat-recuperation","11":"first","12":"instock","13":"shipping-taxable","14":"purchasable","15":"product-type-variable","16":"has-default-attributes","17":"entry","18":"content-bg","19":"loop-entry"},"_links":{"self":[{"href":"https:\/\/x-peptides.com\/fr\/wp-json\/wp\/v2\/product\/9970","targetHints":{"allow":["GET"]}}],"collection":[{"href":"https:\/\/x-peptides.com\/fr\/wp-json\/wp\/v2\/product"}],"about":[{"href":"https:\/\/x-peptides.com\/fr\/wp-json\/wp\/v2\/types\/product"}],"replies":[{"embeddable":true,"href":"https:\/\/x-peptides.com\/fr\/wp-json\/wp\/v2\/comments?post=9970"}],"wp:featuredmedia":[{"embeddable":true,"href":"https:\/\/x-peptides.com\/fr\/wp-json\/wp\/v2\/media\/9971"}],"wp:attachment":[{"href":"https:\/\/x-peptides.com\/fr\/wp-json\/wp\/v2\/media?parent=9970"}],"wp:term":[{"taxonomy":"product_brand","embeddable":true,"href":"https:\/\/x-peptides.com\/fr\/wp-json\/wp\/v2\/product_brand?post=9970"},{"taxonomy":"product_cat","embeddable":true,"href":"https:\/\/x-peptides.com\/fr\/wp-json\/wp\/v2\/product_cat?post=9970"},{"taxonomy":"product_tag","embeddable":true,"href":"https:\/\/x-peptides.com\/fr\/wp-json\/wp\/v2\/product_tag?post=9970"}],"curies":[{"name":"wp","href":"https:\/\/api.w.org\/{rel}","templated":true}]}}