{"id":9941,"date":"2025-05-29T13:59:20","date_gmt":"2025-05-29T11:59:20","guid":{"rendered":"https:\/\/x-peptides.com\/produkt\/ashwagandha-9-de-withanolides\/"},"modified":"2026-04-17T13:25:02","modified_gmt":"2026-04-17T11:25:02","slug":"ashwagandha-9-de-withanolides","status":"publish","type":"product","link":"https:\/\/x-peptides.com\/fr\/produkt\/ashwagandha-9-de-withanolides\/","title":{"rendered":"Ashwagandha 9% de withanolides"},"content":{"rendered":"<p data-start=\"561\" data-end=\"935\"><strong data-start=\"561\" data-end=\"639\">Ashwagandha (Withania somnifera) &#8211; Extrait standardis\u00e9 \u00e0 9% de Withanolides<\/strong><br data-start=\"639\" data-end=\"642\" \/>L&rsquo;ashwagandha, \u00e9galement connu sous le nom de ginseng indien, est une plante appr\u00e9ci\u00e9e dans les syst\u00e8mes traditionnels de phytoth\u00e9rapie. L&rsquo;extrait normalis\u00e9 \u00e0 9 % de withanolides fournit une quantit\u00e9 constante de compos\u00e9s actifs, ce qui en fait une mati\u00e8re premi\u00e8re pr\u00e9cieuse pour la recherche sur les adaptog\u00e8nes, l&rsquo;\u00e9quilibre physiologique et la r\u00e9ponse au stress.<\/p>\n<p data-start=\"937\" data-end=\"993\"><strong data-start=\"937\" data-end=\"993\">Ce produit est destin\u00e9 \u00e0 des fins de recherche uniquement.<\/strong><\/p>\n","protected":false},"excerpt":{"rendered":"<p>Ashwagandha (Withania somnifera) &#8211; Extrait standardis\u00e9 \u00e0 9% de WithanolidesL&rsquo;ashwagandha, \u00e9galement connu sous le nom de ginseng indien, est une plante appr\u00e9ci\u00e9e dans les syst\u00e8mes traditionnels de phytoth\u00e9rapie. L&rsquo;extrait normalis\u00e9 \u00e0 9 % de withanolides fournit une quantit\u00e9 constante de compos\u00e9s actifs, ce qui en fait une mati\u00e8re premi\u00e8re pr\u00e9cieuse pour la recherche sur les&#8230;<\/p>\n","protected":false},"featured_media":9942,"comment_status":"open","ping_status":"closed","template":"","meta":{"_kadence_starter_templates_imported_post":false,"_kad_post_transparent":"default","_kad_post_title":"","_kad_post_layout":"default","_kad_post_sidebar_id":"","_kad_post_content_style":"default","_kad_post_vertical_padding":"default","_kad_post_feature":"","_kad_post_feature_position":"","_kad_post_header":false,"_kad_post_footer":false,"_kad_post_classname":""},"product_brand":[],"product_cat":[109,107,87,106,108],"product_tag":[],"class_list":{"0":"post-9941","1":"product","2":"type-product","3":"status-publish","4":"has-post-thumbnail","6":"product_cat-anti-age","7":"product_cat-cerveau-memoire-et-concentration","8":"product_cat-non-classe","9":"product_cat-recuperation","10":"product_cat-sommeil-et-relaxation","12":"first","13":"instock","14":"shipping-taxable","15":"purchasable","16":"product-type-variable","17":"has-default-attributes","18":"entry","19":"content-bg","20":"loop-entry"},"_links":{"self":[{"href":"https:\/\/x-peptides.com\/fr\/wp-json\/wp\/v2\/product\/9941","targetHints":{"allow":["GET"]}}],"collection":[{"href":"https:\/\/x-peptides.com\/fr\/wp-json\/wp\/v2\/product"}],"about":[{"href":"https:\/\/x-peptides.com\/fr\/wp-json\/wp\/v2\/types\/product"}],"replies":[{"embeddable":true,"href":"https:\/\/x-peptides.com\/fr\/wp-json\/wp\/v2\/comments?post=9941"}],"wp:featuredmedia":[{"embeddable":true,"href":"https:\/\/x-peptides.com\/fr\/wp-json\/wp\/v2\/media\/9942"}],"wp:attachment":[{"href":"https:\/\/x-peptides.com\/fr\/wp-json\/wp\/v2\/media?parent=9941"}],"wp:term":[{"taxonomy":"product_brand","embeddable":true,"href":"https:\/\/x-peptides.com\/fr\/wp-json\/wp\/v2\/product_brand?post=9941"},{"taxonomy":"product_cat","embeddable":true,"href":"https:\/\/x-peptides.com\/fr\/wp-json\/wp\/v2\/product_cat?post=9941"},{"taxonomy":"product_tag","embeddable":true,"href":"https:\/\/x-peptides.com\/fr\/wp-json\/wp\/v2\/product_tag?post=9941"}],"curies":[{"name":"wp","href":"https:\/\/api.w.org\/{rel}","templated":true}]}}