{"id":9895,"date":"2025-04-30T10:44:56","date_gmt":"2025-04-30T08:44:56","guid":{"rendered":"https:\/\/x-peptides.com\/produkt\/cdp-choline-citicoline\/"},"modified":"2026-04-17T13:37:10","modified_gmt":"2026-04-17T11:37:10","slug":"cdp-choline-citicoline","status":"publish","type":"product","link":"https:\/\/x-peptides.com\/fr\/produkt\/cdp-choline-citicoline\/","title":{"rendered":"CDP-Choline Citicoline"},"content":{"rendered":"<p>La <strong>CDP-Choline (Citicoline)<\/strong> est un compos\u00e9 qui soutient les fonctions c\u00e9r\u00e9brales, la concentration et la m\u00e9moire. Il aide \u00e0 maintenir la clart\u00e9 mentale et l&rsquo;efficacit\u00e9 des signaux entre les cellules nerveuses. Elle favorise \u00e9galement la r\u00e9g\u00e9n\u00e9ration et le bon fonctionnement des structures c\u00e9r\u00e9brales, contribuant ainsi \u00e0 l&rsquo;am\u00e9lioration des performances cognitives dans les activit\u00e9s quotidiennes.<\/p>\n","protected":false},"excerpt":{"rendered":"<p>La CDP-Choline (Citicoline) est un compos\u00e9 qui soutient les fonctions c\u00e9r\u00e9brales, la concentration et la m\u00e9moire. Il aide \u00e0 maintenir la clart\u00e9 mentale et l&rsquo;efficacit\u00e9 des signaux entre les cellules nerveuses. Elle favorise \u00e9galement la r\u00e9g\u00e9n\u00e9ration et le bon fonctionnement des structures c\u00e9r\u00e9brales, contribuant ainsi \u00e0 l&rsquo;am\u00e9lioration des performances cognitives dans les activit\u00e9s quotidiennes.<\/p>\n","protected":false},"featured_media":9899,"comment_status":"open","ping_status":"closed","template":"","meta":{"_kadence_starter_templates_imported_post":false,"_kad_post_transparent":"default","_kad_post_title":"","_kad_post_layout":"default","_kad_post_sidebar_id":"","_kad_post_content_style":"default","_kad_post_vertical_padding":"default","_kad_post_feature":"","_kad_post_feature_position":"","_kad_post_header":false,"_kad_post_footer":false,"_kad_post_classname":""},"product_brand":[],"product_cat":[107,87,126],"product_tag":[],"class_list":{"0":"post-9895","1":"product","2":"type-product","3":"status-publish","4":"has-post-thumbnail","6":"product_cat-cerveau-memoire-et-concentration","7":"product_cat-non-classe","8":"product_cat-nootropics","10":"first","11":"instock","12":"shipping-taxable","13":"purchasable","14":"product-type-variable","15":"has-default-attributes","16":"entry","17":"content-bg","18":"loop-entry"},"_links":{"self":[{"href":"https:\/\/x-peptides.com\/fr\/wp-json\/wp\/v2\/product\/9895","targetHints":{"allow":["GET"]}}],"collection":[{"href":"https:\/\/x-peptides.com\/fr\/wp-json\/wp\/v2\/product"}],"about":[{"href":"https:\/\/x-peptides.com\/fr\/wp-json\/wp\/v2\/types\/product"}],"replies":[{"embeddable":true,"href":"https:\/\/x-peptides.com\/fr\/wp-json\/wp\/v2\/comments?post=9895"}],"wp:featuredmedia":[{"embeddable":true,"href":"https:\/\/x-peptides.com\/fr\/wp-json\/wp\/v2\/media\/9899"}],"wp:attachment":[{"href":"https:\/\/x-peptides.com\/fr\/wp-json\/wp\/v2\/media?parent=9895"}],"wp:term":[{"taxonomy":"product_brand","embeddable":true,"href":"https:\/\/x-peptides.com\/fr\/wp-json\/wp\/v2\/product_brand?post=9895"},{"taxonomy":"product_cat","embeddable":true,"href":"https:\/\/x-peptides.com\/fr\/wp-json\/wp\/v2\/product_cat?post=9895"},{"taxonomy":"product_tag","embeddable":true,"href":"https:\/\/x-peptides.com\/fr\/wp-json\/wp\/v2\/product_tag?post=9895"}],"curies":[{"name":"wp","href":"https:\/\/api.w.org\/{rel}","templated":true}]}}