{"id":15735,"date":"2026-04-22T13:27:48","date_gmt":"2026-04-22T11:27:48","guid":{"rendered":"https:\/\/x-peptides.com\/?post_type=product&#038;p=15735"},"modified":"2026-04-22T13:31:04","modified_gmt":"2026-04-22T11:31:04","slug":"selank-semax-10-mg-10-ml-spray","status":"publish","type":"product","link":"https:\/\/x-peptides.com\/fr\/produkt\/selank-semax-10-mg-10-ml-spray\/","title":{"rendered":"Selank + Semax 10 mg\/10 ml Spray"},"content":{"rendered":"<p data-start=\"75\" data-end=\"411\"><strong>Selank + Semax<\/strong> est une combinaison de peptides \u00e9tudi\u00e9e dans la recherche scientifique pour son lien avec les processus neuronaux et l\u2019activit\u00e9 r\u00e9gulatrice au sein du syst\u00e8me nerveux central. Elle associe deux peptides bioactifs analys\u00e9s pour leur r\u00f4le dans la signalisation cellulaire et la communication au niveau des tissus c\u00e9r\u00e9braux.<\/p>\n<p data-start=\"413\" data-end=\"891\">Les observations issues de la recherche sugg\u00e8rent que des peptides de ce type peuvent \u00eatre impliqu\u00e9s dans des voies li\u00e9es \u00e0 la signalisation neuronale, \u00e0 l\u2019activit\u00e9 synaptique ainsi qu\u2019\u00e0 des m\u00e9canismes associ\u00e9s aux fonctions cognitives et \u00e0 l\u2019\u00e9quilibre du syst\u00e8me nerveux. Des \u00e9tudes ont explor\u00e9 leur interaction avec les cellules nerveuses, notamment des processus li\u00e9s \u00e0 la transmission des signaux et \u00e0 la r\u00e9gulation de la stabilit\u00e9 fonctionnelle dans diff\u00e9rentes conditions.<\/p>\n<p data-start=\"893\" data-end=\"1365\"><strong data-start=\"893\" data-end=\"964\">R\u00e9actif de laboratoire \u2013 r\u00e9serv\u00e9 \u00e0 un usage de recherche uniquement<\/strong><br data-start=\"964\" data-end=\"967\" \/>Ce produit est class\u00e9 comme r\u00e9actif chimique destin\u00e9 exclusivement \u00e0 un usage en recherche et doit \u00eatre manipul\u00e9 par des professionnels qualifi\u00e9s dans des conditions de laboratoire. Il ne s\u2019agit pas d\u2019un compl\u00e9ment alimentaire, d\u2019un m\u00e9dicament ni d\u2019un produit alimentaire, et il n\u2019est pas destin\u00e9 \u00e0 la consommation humaine. Toutes les informations fournies le sont \u00e0 des fins \u00e9ducatives uniquement.<\/p>\n","protected":false},"excerpt":{"rendered":"<p>Selank + Semax est une combinaison de peptides \u00e9tudi\u00e9e dans la recherche scientifique pour son lien avec les processus neuronaux et l\u2019activit\u00e9 r\u00e9gulatrice au sein du syst\u00e8me nerveux central. Elle associe deux peptides bioactifs analys\u00e9s pour leur r\u00f4le dans la signalisation cellulaire et la communication au niveau des tissus c\u00e9r\u00e9braux. Les observations issues de la&#8230;<\/p>\n","protected":false},"featured_media":15734,"comment_status":"open","ping_status":"closed","template":"","meta":{"_kadence_starter_templates_imported_post":false,"_kad_post_transparent":"default","_kad_post_title":"","_kad_post_layout":"default","_kad_post_sidebar_id":"","_kad_post_content_style":"default","_kad_post_vertical_padding":"default","_kad_post_feature":"","_kad_post_feature_position":"","_kad_post_header":false,"_kad_post_footer":false,"_kad_post_classname":""},"product_brand":[],"product_cat":[107,87,126,111,149],"product_tag":[],"class_list":{"0":"post-15735","1":"product","2":"type-product","3":"status-publish","4":"has-post-thumbnail","6":"product_cat-cerveau-memoire-et-concentration","7":"product_cat-non-classe","8":"product_cat-nootropics","9":"product_cat-peptides","10":"product_cat-pulverisation","12":"first","13":"instock","14":"shipping-taxable","15":"purchasable","16":"product-type-simple","17":"entry","18":"content-bg","19":"loop-entry"},"_links":{"self":[{"href":"https:\/\/x-peptides.com\/fr\/wp-json\/wp\/v2\/product\/15735","targetHints":{"allow":["GET"]}}],"collection":[{"href":"https:\/\/x-peptides.com\/fr\/wp-json\/wp\/v2\/product"}],"about":[{"href":"https:\/\/x-peptides.com\/fr\/wp-json\/wp\/v2\/types\/product"}],"replies":[{"embeddable":true,"href":"https:\/\/x-peptides.com\/fr\/wp-json\/wp\/v2\/comments?post=15735"}],"wp:featuredmedia":[{"embeddable":true,"href":"https:\/\/x-peptides.com\/fr\/wp-json\/wp\/v2\/media\/15734"}],"wp:attachment":[{"href":"https:\/\/x-peptides.com\/fr\/wp-json\/wp\/v2\/media?parent=15735"}],"wp:term":[{"taxonomy":"product_brand","embeddable":true,"href":"https:\/\/x-peptides.com\/fr\/wp-json\/wp\/v2\/product_brand?post=15735"},{"taxonomy":"product_cat","embeddable":true,"href":"https:\/\/x-peptides.com\/fr\/wp-json\/wp\/v2\/product_cat?post=15735"},{"taxonomy":"product_tag","embeddable":true,"href":"https:\/\/x-peptides.com\/fr\/wp-json\/wp\/v2\/product_tag?post=15735"}],"curies":[{"name":"wp","href":"https:\/\/api.w.org\/{rel}","templated":true}]}}