{"id":15721,"date":"2026-04-22T13:16:31","date_gmt":"2026-04-22T11:16:31","guid":{"rendered":"https:\/\/x-peptides.com\/?post_type=product&#038;p=15721"},"modified":"2026-04-22T13:18:30","modified_gmt":"2026-04-22T11:18:30","slug":"humanin-10-mg","status":"publish","type":"product","link":"https:\/\/x-peptides.com\/fr\/produkt\/humanin-10-mg\/","title":{"rendered":"Humanin 10 mg"},"content":{"rendered":"<p data-start=\"75\" data-end=\"409\"><strong>Humanin<\/strong> est un peptide \u00e9tudi\u00e9 dans la recherche scientifique pour son lien avec les processus cellulaires li\u00e9s \u00e0 l\u2019activit\u00e9 mitochondriale et \u00e0 l\u2019\u00e9quilibre cellulaire. Il appartient \u00e0 un groupe de peptides bioactifs analys\u00e9s pour leur r\u00f4le dans la signalisation cellulaire et les m\u00e9canismes de r\u00e9gulation au sein de diff\u00e9rents tissus.<\/p>\n<p data-start=\"411\" data-end=\"834\">Les observations issues de la recherche sugg\u00e8rent que des peptides de ce type peuvent \u00eatre impliqu\u00e9s dans des voies li\u00e9es aux r\u00e9ponses cellulaires au stress, \u00e0 la fonction mitochondriale ainsi qu\u2019au maintien de l\u2019int\u00e9grit\u00e9 cellulaire. Des \u00e9tudes ont explor\u00e9 leur interaction avec diff\u00e9rents types de cellules, notamment des m\u00e9canismes li\u00e9s \u00e0 la communication cellulaire et aux r\u00e9ponses adaptatives dans diverses conditions.<\/p>\n<p data-start=\"836\" data-end=\"1308\"><strong data-start=\"836\" data-end=\"907\">R\u00e9actif de laboratoire \u2013 r\u00e9serv\u00e9 \u00e0 un usage de recherche uniquement<\/strong><br data-start=\"907\" data-end=\"910\" \/>Ce produit est class\u00e9 comme r\u00e9actif chimique destin\u00e9 exclusivement \u00e0 un usage en recherche et doit \u00eatre manipul\u00e9 par des professionnels qualifi\u00e9s dans des conditions de laboratoire. Il ne s\u2019agit pas d\u2019un compl\u00e9ment alimentaire, d\u2019un m\u00e9dicament ni d\u2019un produit alimentaire, et il n\u2019est pas destin\u00e9 \u00e0 la consommation humaine. Toutes les informations fournies le sont \u00e0 des fins \u00e9ducatives uniquement.<\/p>\n","protected":false},"excerpt":{"rendered":"<p>Humanin est un peptide \u00e9tudi\u00e9 dans la recherche scientifique pour son lien avec les processus cellulaires li\u00e9s \u00e0 l\u2019activit\u00e9 mitochondriale et \u00e0 l\u2019\u00e9quilibre cellulaire. Il appartient \u00e0 un groupe de peptides bioactifs analys\u00e9s pour leur r\u00f4le dans la signalisation cellulaire et les m\u00e9canismes de r\u00e9gulation au sein de diff\u00e9rents tissus. Les observations issues de la&#8230;<\/p>\n","protected":false},"featured_media":15720,"comment_status":"open","ping_status":"closed","template":"","meta":{"_kadence_starter_templates_imported_post":false,"_kad_post_transparent":"default","_kad_post_title":"","_kad_post_layout":"default","_kad_post_sidebar_id":"","_kad_post_content_style":"default","_kad_post_vertical_padding":"default","_kad_post_feature":"","_kad_post_feature_position":"","_kad_post_header":false,"_kad_post_footer":false,"_kad_post_classname":""},"product_brand":[],"product_cat":[109,113,87,111],"product_tag":[],"class_list":{"0":"post-15721","1":"product","2":"type-product","3":"status-publish","4":"has-post-thumbnail","6":"product_cat-anti-age","7":"product_cat-fioles","8":"product_cat-non-classe","9":"product_cat-peptides","11":"first","12":"instock","13":"shipping-taxable","14":"purchasable","15":"product-type-simple","16":"entry","17":"content-bg","18":"loop-entry"},"_links":{"self":[{"href":"https:\/\/x-peptides.com\/fr\/wp-json\/wp\/v2\/product\/15721","targetHints":{"allow":["GET"]}}],"collection":[{"href":"https:\/\/x-peptides.com\/fr\/wp-json\/wp\/v2\/product"}],"about":[{"href":"https:\/\/x-peptides.com\/fr\/wp-json\/wp\/v2\/types\/product"}],"replies":[{"embeddable":true,"href":"https:\/\/x-peptides.com\/fr\/wp-json\/wp\/v2\/comments?post=15721"}],"wp:featuredmedia":[{"embeddable":true,"href":"https:\/\/x-peptides.com\/fr\/wp-json\/wp\/v2\/media\/15720"}],"wp:attachment":[{"href":"https:\/\/x-peptides.com\/fr\/wp-json\/wp\/v2\/media?parent=15721"}],"wp:term":[{"taxonomy":"product_brand","embeddable":true,"href":"https:\/\/x-peptides.com\/fr\/wp-json\/wp\/v2\/product_brand?post=15721"},{"taxonomy":"product_cat","embeddable":true,"href":"https:\/\/x-peptides.com\/fr\/wp-json\/wp\/v2\/product_cat?post=15721"},{"taxonomy":"product_tag","embeddable":true,"href":"https:\/\/x-peptides.com\/fr\/wp-json\/wp\/v2\/product_tag?post=15721"}],"curies":[{"name":"wp","href":"https:\/\/api.w.org\/{rel}","templated":true}]}}