{"id":15634,"date":"2026-04-20T10:41:27","date_gmt":"2026-04-20T08:41:27","guid":{"rendered":"https:\/\/x-peptides.com\/?post_type=product&#038;p=15634"},"modified":"2026-04-20T10:42:32","modified_gmt":"2026-04-20T08:42:32","slug":"hmg-75-iu","status":"publish","type":"product","link":"https:\/\/x-peptides.com\/fr\/produkt\/hmg-75-iu\/","title":{"rendered":"HMG 75 IU"},"content":{"rendered":"<p data-start=\"75\" data-end=\"376\">HMG (Human Menopausal Gonadotropin) est une pr\u00e9paration hormonale \u00e9tudi\u00e9e dans la recherche scientifique et clinique pour son lien avec la fonction reproductive. Elle contient une combinaison de gonadotrophines analys\u00e9es pour leur r\u00f4le dans la signalisation r\u00e9gulatrice au sein du syst\u00e8me endocrinien.<\/p>\n<p data-start=\"378\" data-end=\"821\">Les observations issues de la recherche sugg\u00e8rent que des compos\u00e9s de ce type peuvent \u00eatre impliqu\u00e9s dans des voies li\u00e9es \u00e0 la signalisation hormonale et \u00e0 la r\u00e9gulation des processus au sein du syst\u00e8me reproducteur. Des \u00e9tudes ont explor\u00e9 leur interaction avec des cellules associ\u00e9es aux tissus reproducteurs, notamment des m\u00e9canismes li\u00e9s \u00e0 la communication cellulaire et au maintien de l\u2019\u00e9quilibre physiologique dans diff\u00e9rentes conditions.<\/p>\n<p data-start=\"823\" data-end=\"1295\"><strong data-start=\"823\" data-end=\"894\">R\u00e9actif de laboratoire \u2013 r\u00e9serv\u00e9 \u00e0 un usage de recherche uniquement<\/strong><br data-start=\"894\" data-end=\"897\" \/>Ce produit est class\u00e9 comme r\u00e9actif chimique destin\u00e9 exclusivement \u00e0 un usage en recherche et doit \u00eatre manipul\u00e9 par des professionnels qualifi\u00e9s dans des conditions de laboratoire. Il ne s\u2019agit pas d\u2019un compl\u00e9ment alimentaire, d\u2019un m\u00e9dicament ni d\u2019un produit alimentaire, et il n\u2019est pas destin\u00e9 \u00e0 la consommation humaine. Toutes les informations fournies le sont \u00e0 des fins \u00e9ducatives uniquement.<\/p>\n","protected":false},"excerpt":{"rendered":"<p>HMG (Human Menopausal Gonadotropin) est une pr\u00e9paration hormonale \u00e9tudi\u00e9e dans la recherche scientifique et clinique pour son lien avec la fonction reproductive. Elle contient une combinaison de gonadotrophines analys\u00e9es pour leur r\u00f4le dans la signalisation r\u00e9gulatrice au sein du syst\u00e8me endocrinien. Les observations issues de la recherche sugg\u00e8rent que des compos\u00e9s de ce type peuvent&#8230;<\/p>\n","protected":false},"featured_media":15633,"comment_status":"open","ping_status":"closed","template":"","meta":{"_kadence_starter_templates_imported_post":false,"_kad_post_transparent":"default","_kad_post_title":"","_kad_post_layout":"default","_kad_post_sidebar_id":"","_kad_post_content_style":"default","_kad_post_vertical_padding":"default","_kad_post_feature":"","_kad_post_feature_position":"","_kad_post_header":false,"_kad_post_footer":false,"_kad_post_classname":""},"product_brand":[],"product_cat":[113,87,111],"product_tag":[],"class_list":{"0":"post-15634","1":"product","2":"type-product","3":"status-publish","4":"has-post-thumbnail","6":"product_cat-fioles","7":"product_cat-non-classe","8":"product_cat-peptides","10":"first","11":"instock","12":"shipping-taxable","13":"purchasable","14":"product-type-simple","15":"entry","16":"content-bg","17":"loop-entry"},"_links":{"self":[{"href":"https:\/\/x-peptides.com\/fr\/wp-json\/wp\/v2\/product\/15634","targetHints":{"allow":["GET"]}}],"collection":[{"href":"https:\/\/x-peptides.com\/fr\/wp-json\/wp\/v2\/product"}],"about":[{"href":"https:\/\/x-peptides.com\/fr\/wp-json\/wp\/v2\/types\/product"}],"replies":[{"embeddable":true,"href":"https:\/\/x-peptides.com\/fr\/wp-json\/wp\/v2\/comments?post=15634"}],"wp:featuredmedia":[{"embeddable":true,"href":"https:\/\/x-peptides.com\/fr\/wp-json\/wp\/v2\/media\/15633"}],"wp:attachment":[{"href":"https:\/\/x-peptides.com\/fr\/wp-json\/wp\/v2\/media?parent=15634"}],"wp:term":[{"taxonomy":"product_brand","embeddable":true,"href":"https:\/\/x-peptides.com\/fr\/wp-json\/wp\/v2\/product_brand?post=15634"},{"taxonomy":"product_cat","embeddable":true,"href":"https:\/\/x-peptides.com\/fr\/wp-json\/wp\/v2\/product_cat?post=15634"},{"taxonomy":"product_tag","embeddable":true,"href":"https:\/\/x-peptides.com\/fr\/wp-json\/wp\/v2\/product_tag?post=15634"}],"curies":[{"name":"wp","href":"https:\/\/api.w.org\/{rel}","templated":true}]}}